{"id":24220,"date":"2026-03-05T14:18:51","date_gmt":"2026-03-05T12:18:51","guid":{"rendered":"https:\/\/magnusvinum.ch\/?post_type=product&#038;p=24220"},"modified":"2026-03-05T14:19:26","modified_gmt":"2026-03-05T12:19:26","slug":"bourgogne-cote-dor-chagniots-aoc","status":"publish","type":"product","link":"https:\/\/magnusvinum.ch\/de\/shop\/rotweine\/bourgogne-cote-dor-chagniots-aoc\/","title":{"rendered":"Bourgogne C\u00f4te d&#8217;Or &#8218;Chagniots&#8216; AOC"},"content":{"rendered":"<p>Ausdrucksstark, mit rotem Fruchtkompott, s\u00fc\u00dfen Kirschen, schwarzen Fr\u00fcchten, Waldbeeren, mit sanftem, erdigen Untert\u00f6nen.<\/p>\n","protected":false},"excerpt":{"rendered":"<p>Ausdrucksstark, mit rotem Fruchtkompott, s\u00fc\u00dfen Kirschen, schwarzen Fr\u00fcchten, Waldbeeren, mit sanftem, erdigen Untert\u00f6nen.<\/p>\n","protected":false},"featured_media":24219,"template":"","meta":{"_genesis_hide_title":false,"_genesis_hide_breadcrumbs":false,"_genesis_hide_singular_image":false,"_genesis_hide_footer_widgets":false,"_genesis_custom_body_class":"","_genesis_custom_post_class":"","_genesis_layout":""},"product_brand":[798],"product_cat":[150],"product_tag":[776],"class_list":{"0":"post-24220","1":"product","2":"type-product","3":"status-publish","4":"has-post-thumbnail","6":"product_brand-camille-thiriet","7":"product_cat-rotweine","8":"product_tag-2022-de","9":"pa_appellation-bourgogne-de","10":"pa_bottle-size-750ml-de","11":"pa_grape-variety-pinot-noir-de","12":"pa_producer-camille-thiriet-de","13":"pa_vintage-2022-de","14":"entry","16":"first","17":"instock","18":"taxable","19":"shipping-taxable","20":"purchasable","21":"product-type-simple"},"wooqr_code":"","_links":{"self":[{"href":"https:\/\/magnusvinum.ch\/de\/wp-json\/wp\/v2\/product\/24220","targetHints":{"allow":["GET"]}}],"collection":[{"href":"https:\/\/magnusvinum.ch\/de\/wp-json\/wp\/v2\/product"}],"about":[{"href":"https:\/\/magnusvinum.ch\/de\/wp-json\/wp\/v2\/types\/product"}],"wp:featuredmedia":[{"embeddable":true,"href":"https:\/\/magnusvinum.ch\/de\/wp-json\/wp\/v2\/media\/24219"}],"wp:attachment":[{"href":"https:\/\/magnusvinum.ch\/de\/wp-json\/wp\/v2\/media?parent=24220"}],"wp:term":[{"taxonomy":"product_brand","embeddable":true,"href":"https:\/\/magnusvinum.ch\/de\/wp-json\/wp\/v2\/product_brand?post=24220"},{"taxonomy":"product_cat","embeddable":true,"href":"https:\/\/magnusvinum.ch\/de\/wp-json\/wp\/v2\/product_cat?post=24220"},{"taxonomy":"product_tag","embeddable":true,"href":"https:\/\/magnusvinum.ch\/de\/wp-json\/wp\/v2\/product_tag?post=24220"}],"curies":[{"name":"wp","href":"https:\/\/api.w.org\/{rel}","templated":true}]}}