{"id":24161,"date":"2026-02-26T14:37:05","date_gmt":"2026-02-26T12:37:05","guid":{"rendered":"https:\/\/magnusvinum.ch\/?post_type=product&#038;p=24161"},"modified":"2026-02-26T14:40:22","modified_gmt":"2026-02-26T12:40:22","slug":"chassagne-montrachet-aoc-rouge","status":"publish","type":"product","link":"https:\/\/magnusvinum.ch\/de\/shop\/rotweine\/chassagne-montrachet-aoc-rouge\/","title":{"rendered":"Chassagne-Montrachet AOC (rouge)"},"content":{"rendered":"<p><b>Degustationsnotiz: <\/b>Die Nase ist sofort einladend &#8211; dunkle Kirsche, Veilchen und zerkleinerte Rosenbl\u00e4tter, wobei der ganze Haufen einen Hauch von getrockneten Kr\u00e4utern und sanften Gew\u00fcrzen hinzuf\u00fcgt. Eine eisengef\u00e4rbte Mineralit\u00e4t erdet alles sch\u00f6n. Am Gaumen, seidig und mittelkr\u00e4ftig mit feinen, anhaltenden Tanninen. Rote und dunkle Fr\u00fcchte sind konzentriert, aber frisch und f\u00fchren zu einem langen Abgang. <strong>Passt gut zu:<\/strong> weissen und roten Fleischgerichten sowie zu herzhaften Gem\u00fcse- oder Pilzgerichten.<\/p>\n","protected":false},"excerpt":{"rendered":"<p>Degustationsnotiz: Die Nase ist sofort einladend &#8211; dunkle Kirsche, Veilchen und zerkleinerte Rosenbl\u00e4tter, wobei der ganze Haufen einen Hauch von getrockneten Kr\u00e4utern und sanften Gew\u00fcrzen hinzuf\u00fcgt. Eine eisengef\u00e4rbte Mineralit\u00e4t erdet alles sch\u00f6n. Am Gaumen, seidig und mittelkr\u00e4ftig mit feinen, anhaltenden Tanninen. Rote und dunkle Fr\u00fcchte sind konzentriert, aber frisch und f\u00fchren zu einem langen Abgang. &#8230; <a href=\"https:\/\/magnusvinum.ch\/de\/shop\/rotweine\/chassagne-montrachet-aoc-rouge\/\" class=\"more-link\">Read More <span class=\"screen-reader-text\">about  Chassagne-Montrachet AOC (rouge)<\/span><\/a><\/p>\n","protected":false},"featured_media":24165,"template":"","meta":{"_genesis_hide_title":false,"_genesis_hide_breadcrumbs":false,"_genesis_hide_singular_image":false,"_genesis_hide_footer_widgets":false,"_genesis_custom_body_class":"","_genesis_custom_post_class":"","_genesis_layout":""},"product_brand":[801],"product_cat":[150],"product_tag":[207],"class_list":{"0":"post-24161","1":"product","2":"type-product","3":"status-publish","4":"has-post-thumbnail","6":"product_brand-sylvain-morey","7":"product_cat-rotweine","8":"product_tag-2019-de","9":"pa_appellation-chassagne-montrachet-de","10":"pa_bottle-size-750ml-de","11":"pa_grape-variety-pinot-noir-de","12":"pa_producer-domaine-sylvain-morey-de","13":"pa_region-cote-de-beaune-de","14":"pa_vintage-2019-de","15":"entry","17":"first","18":"instock","19":"taxable","20":"shipping-taxable","21":"purchasable","22":"product-type-simple"},"wooqr_code":"","_links":{"self":[{"href":"https:\/\/magnusvinum.ch\/de\/wp-json\/wp\/v2\/product\/24161","targetHints":{"allow":["GET"]}}],"collection":[{"href":"https:\/\/magnusvinum.ch\/de\/wp-json\/wp\/v2\/product"}],"about":[{"href":"https:\/\/magnusvinum.ch\/de\/wp-json\/wp\/v2\/types\/product"}],"wp:featuredmedia":[{"embeddable":true,"href":"https:\/\/magnusvinum.ch\/de\/wp-json\/wp\/v2\/media\/24165"}],"wp:attachment":[{"href":"https:\/\/magnusvinum.ch\/de\/wp-json\/wp\/v2\/media?parent=24161"}],"wp:term":[{"taxonomy":"product_brand","embeddable":true,"href":"https:\/\/magnusvinum.ch\/de\/wp-json\/wp\/v2\/product_brand?post=24161"},{"taxonomy":"product_cat","embeddable":true,"href":"https:\/\/magnusvinum.ch\/de\/wp-json\/wp\/v2\/product_cat?post=24161"},{"taxonomy":"product_tag","embeddable":true,"href":"https:\/\/magnusvinum.ch\/de\/wp-json\/wp\/v2\/product_tag?post=24161"}],"curies":[{"name":"wp","href":"https:\/\/api.w.org\/{rel}","templated":true}]}}