{"id":24158,"date":"2023-10-10T12:14:47","date_gmt":"2023-10-10T10:14:47","guid":{"rendered":"https:\/\/magnusvinum.ch\/?post_type=product&#038;p=24158"},"modified":"2026-02-26T14:21:04","modified_gmt":"2026-02-26T12:21:04","slug":"chassagne-montrachet-1er-cru-champs-gains-aoc-blanc","status":"publish","type":"product","link":"https:\/\/magnusvinum.ch\/de\/shop\/unkategorisiert\/chassagne-montrachet-1er-cru-champs-gains-aoc-blanc\/","title":{"rendered":"Chassagne-Montrachet 1er Cru Champs-Gains AOC (blanc)"},"content":{"rendered":"<p><b>Degustationssnotiz: <\/b>Komplexe Aromen von weissem Nektarin, Zitrusfr\u00fcchten, Menthol und weissen Bl\u00fcten mit darunter liegender Mineralit\u00e4t. Der Gaumen ist gerade und pr\u00e4zise und gewinnt mit zunehmender Reife an Gewicht. Ein Wein mit grossem Potenzial, sich f\u00fcr 4-10 Jahre zu verhellen. Lebensmittelpaarung: <strong>Passt perfekt zu:<\/strong>\u00a0Meeresfr\u00fcchten, Fisch und weissen Fleischgerichten.<\/p>\n","protected":false},"excerpt":{"rendered":"<p>Degustationssnotiz: Komplexe Aromen von weissem Nektarin, Zitrusfr\u00fcchten, Menthol und weissen Bl\u00fcten mit darunter liegender Mineralit\u00e4t. Der Gaumen ist gerade und pr\u00e4zise und gewinnt mit zunehmender Reife an Gewicht. Ein Wein mit grossem Potenzial, sich f\u00fcr 4-10 Jahre zu verhellen. Lebensmittelpaarung: Passt perfekt zu:\u00a0Meeresfr\u00fcchten, Fisch und weissen Fleischgerichten.<\/p>\n","protected":false},"featured_media":19964,"template":"","meta":{"_genesis_hide_title":false,"_genesis_hide_breadcrumbs":false,"_genesis_hide_singular_image":false,"_genesis_hide_footer_widgets":false,"_genesis_custom_body_class":"","_genesis_custom_post_class":"","_genesis_layout":""},"product_brand":[],"product_cat":[179],"product_tag":[774],"class_list":{"0":"post-24158","1":"product","2":"type-product","3":"status-publish","4":"has-post-thumbnail","6":"product_cat-unkategorisiert","7":"product_tag-2021-de","8":"pa_appellation-chassagne-montrachet-1er-cru-de","9":"pa_bottle-size-750ml-de","10":"pa_grape-variety-chardonnay-de","11":"pa_producer-domaine-sylvain-morey-de","12":"pa_region-cote-de-beaune-de","13":"pa_vintage-2021-de","14":"entry","16":"first","17":"instock","18":"taxable","19":"shipping-taxable","20":"purchasable","21":"product-type-simple"},"wooqr_code":"","_links":{"self":[{"href":"https:\/\/magnusvinum.ch\/de\/wp-json\/wp\/v2\/product\/24158","targetHints":{"allow":["GET"]}}],"collection":[{"href":"https:\/\/magnusvinum.ch\/de\/wp-json\/wp\/v2\/product"}],"about":[{"href":"https:\/\/magnusvinum.ch\/de\/wp-json\/wp\/v2\/types\/product"}],"wp:featuredmedia":[{"embeddable":true,"href":"https:\/\/magnusvinum.ch\/de\/wp-json\/wp\/v2\/media\/19964"}],"wp:attachment":[{"href":"https:\/\/magnusvinum.ch\/de\/wp-json\/wp\/v2\/media?parent=24158"}],"wp:term":[{"taxonomy":"product_brand","embeddable":true,"href":"https:\/\/magnusvinum.ch\/de\/wp-json\/wp\/v2\/product_brand?post=24158"},{"taxonomy":"product_cat","embeddable":true,"href":"https:\/\/magnusvinum.ch\/de\/wp-json\/wp\/v2\/product_cat?post=24158"},{"taxonomy":"product_tag","embeddable":true,"href":"https:\/\/magnusvinum.ch\/de\/wp-json\/wp\/v2\/product_tag?post=24158"}],"curies":[{"name":"wp","href":"https:\/\/api.w.org\/{rel}","templated":true}]}}