{"id":24078,"date":"2025-03-28T14:02:00","date_gmt":"2025-03-28T12:02:00","guid":{"rendered":"https:\/\/magnusvinum.ch\/?post_type=product&#038;p=24078"},"modified":"2025-03-28T14:05:23","modified_gmt":"2025-03-28T12:05:23","slug":"bourgogne-aligote-2","status":"publish","type":"product","link":"https:\/\/magnusvinum.ch\/de\/shop\/weissweine\/bourgogne-aligote-2\/","title":{"rendered":"Bourgogne Aligot\u00e9"},"content":{"rendered":"<p class=\"whitespace-pre-wrap break-words\"><strong>Verkostungsnotiz:<\/strong> Traditionelle Ganztraubenpressung. Die Nase zeigt helle Zitrone, gr\u00fcnen Apfel und zarte weisse Bl\u00fcten mit einer klaren kalkigen Mineralit\u00e4t. Sauberer, pr\u00e4ziser Gaumen mit knackiger S\u00e4ure, unreifen Birnennoten und einem erfrischenden salzigen Abgang, der deutlich von seinem Kalksteinterroir zeugt. Am besten jung zu geniessen. <strong>Speisenempfehlung:<\/strong> Perfekt zu Austern, leichten Ziegenk\u00e4sen oder klassischen burgundischen Goug\u00e8res.<\/p>\n","protected":false},"excerpt":{"rendered":"<p>Verkostungsnotiz: Traditionelle Ganztraubenpressung. Die Nase zeigt helle Zitrone, gr\u00fcnen Apfel und zarte weisse Bl\u00fcten mit einer klaren kalkigen Mineralit\u00e4t. Sauberer, pr\u00e4ziser Gaumen mit knackiger S\u00e4ure, unreifen Birnennoten und einem erfrischenden salzigen Abgang, der deutlich von seinem Kalksteinterroir zeugt. Am besten jung zu geniessen. Speisenempfehlung: Perfekt zu Austern, leichten Ziegenk\u00e4sen oder klassischen burgundischen Goug\u00e8res.<\/p>\n","protected":false},"featured_media":24073,"template":"","meta":{"_genesis_hide_title":false,"_genesis_hide_breadcrumbs":false,"_genesis_hide_singular_image":false,"_genesis_hide_footer_widgets":false,"_genesis_custom_body_class":"","_genesis_custom_post_class":"","_genesis_layout":""},"product_brand":[801],"product_cat":[126],"product_tag":[762],"class_list":{"0":"post-24078","1":"product","2":"type-product","3":"status-publish","4":"has-post-thumbnail","6":"product_brand-sylvain-morey","7":"product_cat-weissweine","8":"product_tag-2020-de-2","9":"pa_appellation-bourgogne-aligote-de","10":"pa_bottle-size-750ml-de","11":"pa_grape-variety-aligote-de","12":"pa_producer-domaine-sylvain-morey-de","13":"pa_region-cote-de-beaune-de","14":"pa_vintage-2020-de","15":"entry","17":"first","18":"instock","19":"taxable","20":"shipping-taxable","21":"purchasable","22":"product-type-simple"},"wooqr_code":"","_links":{"self":[{"href":"https:\/\/magnusvinum.ch\/de\/wp-json\/wp\/v2\/product\/24078","targetHints":{"allow":["GET"]}}],"collection":[{"href":"https:\/\/magnusvinum.ch\/de\/wp-json\/wp\/v2\/product"}],"about":[{"href":"https:\/\/magnusvinum.ch\/de\/wp-json\/wp\/v2\/types\/product"}],"wp:featuredmedia":[{"embeddable":true,"href":"https:\/\/magnusvinum.ch\/de\/wp-json\/wp\/v2\/media\/24073"}],"wp:attachment":[{"href":"https:\/\/magnusvinum.ch\/de\/wp-json\/wp\/v2\/media?parent=24078"}],"wp:term":[{"taxonomy":"product_brand","embeddable":true,"href":"https:\/\/magnusvinum.ch\/de\/wp-json\/wp\/v2\/product_brand?post=24078"},{"taxonomy":"product_cat","embeddable":true,"href":"https:\/\/magnusvinum.ch\/de\/wp-json\/wp\/v2\/product_cat?post=24078"},{"taxonomy":"product_tag","embeddable":true,"href":"https:\/\/magnusvinum.ch\/de\/wp-json\/wp\/v2\/product_tag?post=24078"}],"curies":[{"name":"wp","href":"https:\/\/api.w.org\/{rel}","templated":true}]}}