{"id":24063,"date":"2025-03-25T12:59:41","date_gmt":"2025-03-25T10:59:41","guid":{"rendered":"https:\/\/magnusvinum.ch\/?post_type=product&#038;p=24063"},"modified":"2025-03-25T13:00:45","modified_gmt":"2025-03-25T11:00:45","slug":"gevrey-chambertin-aoc-2","status":"publish","type":"product","link":"https:\/\/magnusvinum.ch\/de\/shop\/rotweine\/gevrey-chambertin-aoc-2\/","title":{"rendered":"Gevrey-Chambertin AOC"},"content":{"rendered":"<p><strong>Degustationsnotiz:<\/strong> Ein echter Gevrey mit Aromen von Walderdbeeren und roten Kirschen und einer erdigen Note im Bouquet. Am Gaumen frisch mit Noten von Erdbeeren, Kirschen und dunklen Fr\u00fcchten und einem festen Tanninger\u00fcst und mineralischem Abgang. <strong>Passt gut zu:<\/strong> Gegrilltem Fleisch, Wildgerichten, Waldpilzen oder Hartk\u00e4se.<\/p>\n","protected":false},"excerpt":{"rendered":"<p>Degustationsnotiz: Ein echter Gevrey mit Aromen von Walderdbeeren und roten Kirschen und einer erdigen Note im Bouquet. Am Gaumen frisch mit Noten von Erdbeeren, Kirschen und dunklen Fr\u00fcchten und einem festen Tanninger\u00fcst und mineralischem Abgang. Passt gut zu: Gegrilltem Fleisch, Wildgerichten, Waldpilzen oder Hartk\u00e4se.<\/p>\n","protected":false},"featured_media":23207,"template":"","meta":{"_genesis_hide_title":false,"_genesis_hide_breadcrumbs":false,"_genesis_hide_singular_image":false,"_genesis_hide_footer_widgets":false,"_genesis_custom_body_class":"","_genesis_custom_post_class":"","_genesis_layout":""},"product_brand":[804],"product_cat":[150],"product_tag":[774],"class_list":{"0":"post-24063","1":"product","2":"type-product","3":"status-publish","4":"has-post-thumbnail","6":"product_brand-jane-eyre","7":"product_cat-rotweine","8":"product_tag-2021-de","9":"pa_appellation-gevrey-chambertin-de","10":"pa_bottle-size-750ml-de","11":"pa_grape-variety-pinot-noir-de","12":"pa_producer-jane-eyre-de","13":"pa_region-cote-de-nuits-de","14":"pa_vintage-2021-de","15":"entry","17":"first","18":"instock","19":"taxable","20":"shipping-taxable","21":"purchasable","22":"product-type-simple"},"wooqr_code":"","_links":{"self":[{"href":"https:\/\/magnusvinum.ch\/de\/wp-json\/wp\/v2\/product\/24063","targetHints":{"allow":["GET"]}}],"collection":[{"href":"https:\/\/magnusvinum.ch\/de\/wp-json\/wp\/v2\/product"}],"about":[{"href":"https:\/\/magnusvinum.ch\/de\/wp-json\/wp\/v2\/types\/product"}],"wp:featuredmedia":[{"embeddable":true,"href":"https:\/\/magnusvinum.ch\/de\/wp-json\/wp\/v2\/media\/23207"}],"wp:attachment":[{"href":"https:\/\/magnusvinum.ch\/de\/wp-json\/wp\/v2\/media?parent=24063"}],"wp:term":[{"taxonomy":"product_brand","embeddable":true,"href":"https:\/\/magnusvinum.ch\/de\/wp-json\/wp\/v2\/product_brand?post=24063"},{"taxonomy":"product_cat","embeddable":true,"href":"https:\/\/magnusvinum.ch\/de\/wp-json\/wp\/v2\/product_cat?post=24063"},{"taxonomy":"product_tag","embeddable":true,"href":"https:\/\/magnusvinum.ch\/de\/wp-json\/wp\/v2\/product_tag?post=24063"}],"curies":[{"name":"wp","href":"https:\/\/api.w.org\/{rel}","templated":true}]}}