{"id":24051,"date":"2025-03-06T02:13:41","date_gmt":"2025-03-06T00:13:41","guid":{"rendered":"https:\/\/magnusvinum.ch\/?post_type=product&#038;p=24051"},"modified":"2025-03-06T02:15:28","modified_gmt":"2025-03-06T00:15:28","slug":"volnay-1er-cru-clos-du-verseuil-monopole-aoc-copy","status":"publish","type":"product","link":"https:\/\/magnusvinum.ch\/de\/shop\/rotweine\/volnay-1er-cru-clos-du-verseuil-monopole-aoc-copy\/","title":{"rendered":"Volnay 1er Cru Clos du Verseuil &#8211; MONOPOLE AOC (Copy)"},"content":{"rendered":"<p><strong>Degustationsnotiz:<\/strong> Der &#8218;Clos du Verseuil&#8216; ist ein wundersch\u00f6n gelegener &#8218;Monopole&#8216; der Domaine, direkt neben der premier cru Taillepieds, bietet elegante Aromen von kleinen roten Fr\u00fcchten mit aromatischen Bl\u00fcten. Lebhaft und seidig im Mund mit samtigen Tanninen, die zu einem langen, detaillierten Abgang f\u00fchren. Ab 8-10 Jahren zu trinken. <strong>Passt gut zu:<\/strong> Einfach gegrilltes Berglamm oder Steinpilze passen perfekt zu diesem eleganten Pinot Noir.<\/p>\n","protected":false},"excerpt":{"rendered":"<p>Degustationsnotiz: Der &#8218;Clos du Verseuil&#8216; ist ein wundersch\u00f6n gelegener &#8218;Monopole&#8216; der Domaine, direkt neben der premier cru Taillepieds, bietet elegante Aromen von kleinen roten Fr\u00fcchten mit aromatischen Bl\u00fcten. Lebhaft und seidig im Mund mit samtigen Tanninen, die zu einem langen, detaillierten Abgang f\u00fchren. Ab 8-10 Jahren zu trinken. Passt gut zu: Einfach gegrilltes Berglamm oder &#8230; <a href=\"https:\/\/magnusvinum.ch\/de\/shop\/rotweine\/volnay-1er-cru-clos-du-verseuil-monopole-aoc-copy\/\" class=\"more-link\">Read More <span class=\"screen-reader-text\">about  Volnay 1er Cru Clos du Verseuil &#8211; MONOPOLE AOC (Copy)<\/span><\/a><\/p>\n","protected":false},"featured_media":20132,"template":"","meta":{"_genesis_hide_title":false,"_genesis_hide_breadcrumbs":false,"_genesis_hide_singular_image":false,"_genesis_hide_footer_widgets":false,"_genesis_custom_body_class":"","_genesis_custom_post_class":"","_genesis_layout":""},"product_brand":[805],"product_cat":[150],"product_tag":[182],"class_list":{"0":"post-24051","1":"product","2":"type-product","3":"status-publish","4":"has-post-thumbnail","6":"product_brand-yvon-thibaud-clerget","7":"product_cat-rotweine","8":"product_tag-2016-de","9":"pa_appellation-volnay-1er-cru-de","10":"pa_bottle-size-750ml-de","11":"pa_grape-variety-pinot-noir-de","12":"pa_producer-domaine-yvon-thibaud-clerget-de","13":"pa_region-cote-de-beaune-de","14":"pa_vintage-2017-de","15":"entry","17":"first","18":"instock","19":"taxable","20":"shipping-taxable","21":"purchasable","22":"product-type-simple"},"wooqr_code":"","_links":{"self":[{"href":"https:\/\/magnusvinum.ch\/de\/wp-json\/wp\/v2\/product\/24051","targetHints":{"allow":["GET"]}}],"collection":[{"href":"https:\/\/magnusvinum.ch\/de\/wp-json\/wp\/v2\/product"}],"about":[{"href":"https:\/\/magnusvinum.ch\/de\/wp-json\/wp\/v2\/types\/product"}],"wp:featuredmedia":[{"embeddable":true,"href":"https:\/\/magnusvinum.ch\/de\/wp-json\/wp\/v2\/media\/20132"}],"wp:attachment":[{"href":"https:\/\/magnusvinum.ch\/de\/wp-json\/wp\/v2\/media?parent=24051"}],"wp:term":[{"taxonomy":"product_brand","embeddable":true,"href":"https:\/\/magnusvinum.ch\/de\/wp-json\/wp\/v2\/product_brand?post=24051"},{"taxonomy":"product_cat","embeddable":true,"href":"https:\/\/magnusvinum.ch\/de\/wp-json\/wp\/v2\/product_cat?post=24051"},{"taxonomy":"product_tag","embeddable":true,"href":"https:\/\/magnusvinum.ch\/de\/wp-json\/wp\/v2\/product_tag?post=24051"}],"curies":[{"name":"wp","href":"https:\/\/api.w.org\/{rel}","templated":true}]}}