{"id":24027,"date":"2025-03-05T23:02:13","date_gmt":"2025-03-05T21:02:13","guid":{"rendered":"https:\/\/magnusvinum.ch\/?post_type=product&#038;p=24027"},"modified":"2025-03-06T01:05:58","modified_gmt":"2025-03-05T23:05:58","slug":"chassagne-montrachet-1er-cru-en-caillerets-aoc-2","status":"publish","type":"product","link":"https:\/\/magnusvinum.ch\/de\/shop\/weissweine\/chassagne-montrachet-1er-cru-en-caillerets-aoc-2\/","title":{"rendered":"Chassagne-Montrachet 1er Cru En Caillerets AOC"},"content":{"rendered":"<p><strong>Degustationsnotiz:<\/strong> Pr\u00e4zise Aromen von Orangenbl\u00fcte, weissem Pfirsich und Zitrusfrucht-Elementen werden von Anis und feinen Gew\u00fcrzen unterst\u00fctzt. Am Gaumen ist er spannend und frisch mit grosser Konzentration und L\u00e4nge. Ein Lehrbuch Caillerets. In den n\u00e4chsten 15 Jahren trinken. <strong>Passt gut zu:<\/strong> Ideal zu erstklassigem weissem Fisch wie Steinbutt, aber auch zu Langusten, Hummer oder weissem Fleisch mit Rahmsauce.<\/p>\n","protected":false},"excerpt":{"rendered":"<p>Degustationsnotiz: Pr\u00e4zise Aromen von Orangenbl\u00fcte, weissem Pfirsich und Zitrusfrucht-Elementen werden von Anis und feinen Gew\u00fcrzen unterst\u00fctzt. Am Gaumen ist er spannend und frisch mit grosser Konzentration und L\u00e4nge. Ein Lehrbuch Caillerets. In den n\u00e4chsten 15 Jahren trinken. Passt gut zu: Ideal zu erstklassigem weissem Fisch wie Steinbutt, aber auch zu Langusten, Hummer oder weissem Fleisch &#8230; <a href=\"https:\/\/magnusvinum.ch\/de\/shop\/weissweine\/chassagne-montrachet-1er-cru-en-caillerets-aoc-2\/\" class=\"more-link\">Read More <span class=\"screen-reader-text\">about  Chassagne-Montrachet 1er Cru En Caillerets AOC<\/span><\/a><\/p>\n","protected":false},"featured_media":19966,"template":"","meta":{"_genesis_hide_title":false,"_genesis_hide_breadcrumbs":false,"_genesis_hide_singular_image":false,"_genesis_hide_footer_widgets":false,"_genesis_custom_body_class":"","_genesis_custom_post_class":"","_genesis_layout":""},"product_brand":[801],"product_cat":[126],"product_tag":[774],"class_list":{"0":"post-24027","1":"product","2":"type-product","3":"status-publish","4":"has-post-thumbnail","6":"product_brand-sylvain-morey","7":"product_cat-weissweine","8":"product_tag-2021-de","9":"pa_appellation-chassagne-montrachet-1er-cru-de","10":"pa_bottle-size-750ml-de","11":"pa_grape-variety-chardonnay-de","12":"pa_producer-domaine-sylvain-morey-de","13":"pa_region-cote-de-beaune-de","14":"pa_vintage-2021-de","15":"entry","17":"first","18":"instock","19":"taxable","20":"shipping-taxable","21":"purchasable","22":"product-type-simple"},"wooqr_code":"","_links":{"self":[{"href":"https:\/\/magnusvinum.ch\/de\/wp-json\/wp\/v2\/product\/24027","targetHints":{"allow":["GET"]}}],"collection":[{"href":"https:\/\/magnusvinum.ch\/de\/wp-json\/wp\/v2\/product"}],"about":[{"href":"https:\/\/magnusvinum.ch\/de\/wp-json\/wp\/v2\/types\/product"}],"wp:featuredmedia":[{"embeddable":true,"href":"https:\/\/magnusvinum.ch\/de\/wp-json\/wp\/v2\/media\/19966"}],"wp:attachment":[{"href":"https:\/\/magnusvinum.ch\/de\/wp-json\/wp\/v2\/media?parent=24027"}],"wp:term":[{"taxonomy":"product_brand","embeddable":true,"href":"https:\/\/magnusvinum.ch\/de\/wp-json\/wp\/v2\/product_brand?post=24027"},{"taxonomy":"product_cat","embeddable":true,"href":"https:\/\/magnusvinum.ch\/de\/wp-json\/wp\/v2\/product_cat?post=24027"},{"taxonomy":"product_tag","embeddable":true,"href":"https:\/\/magnusvinum.ch\/de\/wp-json\/wp\/v2\/product_tag?post=24027"}],"curies":[{"name":"wp","href":"https:\/\/api.w.org\/{rel}","templated":true}]}}