{"id":24024,"date":"2025-03-05T21:57:57","date_gmt":"2025-03-05T19:57:57","guid":{"rendered":"https:\/\/magnusvinum.ch\/?post_type=product&#038;p=24024"},"modified":"2026-03-05T13:20:35","modified_gmt":"2026-03-05T11:20:35","slug":"cote-de-nuits-villages-aux-montagnes-aoc-blanc","status":"publish","type":"product","link":"https:\/\/magnusvinum.ch\/de\/shop\/weissweine\/cote-de-nuits-villages-aux-montagnes-aoc-blanc\/","title":{"rendered":"C\u00f4te de Nuits-Villages &#8218;Aux Montagnes&#8216; AOC Blanc"},"content":{"rendered":"<p><strong>Degustationsnotiz:<\/strong> Stark parf\u00fcmierte Nase von Himbeeren, reifen dunklen Kirschen, Pflaumen, schwarzer Lakritze und Backgew\u00fcrzen vermischen sich mit leicht erdigen Noten. Dicht gepackt und gute Balance zwischen frischen prim\u00e4ren dunklen Fr\u00fcchten und feinen seidigen Tanninen. Trinkbar ab 2024. <strong>Passt gut zu:<\/strong>\u00a0Grilliertem Lamm oder Entrec\u00f4te und Gem\u00fcse.<\/p>\n","protected":false},"excerpt":{"rendered":"<p>Degustationsnotiz: Stark parf\u00fcmierte Nase von Himbeeren, reifen dunklen Kirschen, Pflaumen, schwarzer Lakritze und Backgew\u00fcrzen vermischen sich mit leicht erdigen Noten. Dicht gepackt und gute Balance zwischen frischen prim\u00e4ren dunklen Fr\u00fcchten und feinen seidigen Tanninen. Trinkbar ab 2024. Passt gut zu:\u00a0Grilliertem Lamm oder Entrec\u00f4te und Gem\u00fcse.<\/p>\n","protected":false},"featured_media":24206,"template":"","meta":{"_genesis_hide_title":false,"_genesis_hide_breadcrumbs":false,"_genesis_hide_singular_image":false,"_genesis_hide_footer_widgets":false,"_genesis_custom_body_class":"","_genesis_custom_post_class":"","_genesis_layout":""},"product_brand":[798],"product_cat":[126],"product_tag":[776],"class_list":{"0":"post-24024","1":"product","2":"type-product","3":"status-publish","4":"has-post-thumbnail","6":"product_brand-camille-thiriet","7":"product_cat-weissweine","8":"product_tag-2022-de","9":"pa_appellation-cote-de-nuits-villages-de","10":"pa_bottle-size-750ml-de","11":"pa_grape-variety-pinot-noir-de","12":"pa_producer-camille-thiriet-de","13":"pa_region-cote-de-nuits-de","14":"pa_vintage-2020-de","15":"entry","17":"first","18":"instock","19":"taxable","20":"shipping-taxable","21":"purchasable","22":"product-type-simple"},"wooqr_code":"","_links":{"self":[{"href":"https:\/\/magnusvinum.ch\/de\/wp-json\/wp\/v2\/product\/24024","targetHints":{"allow":["GET"]}}],"collection":[{"href":"https:\/\/magnusvinum.ch\/de\/wp-json\/wp\/v2\/product"}],"about":[{"href":"https:\/\/magnusvinum.ch\/de\/wp-json\/wp\/v2\/types\/product"}],"wp:featuredmedia":[{"embeddable":true,"href":"https:\/\/magnusvinum.ch\/de\/wp-json\/wp\/v2\/media\/24206"}],"wp:attachment":[{"href":"https:\/\/magnusvinum.ch\/de\/wp-json\/wp\/v2\/media?parent=24024"}],"wp:term":[{"taxonomy":"product_brand","embeddable":true,"href":"https:\/\/magnusvinum.ch\/de\/wp-json\/wp\/v2\/product_brand?post=24024"},{"taxonomy":"product_cat","embeddable":true,"href":"https:\/\/magnusvinum.ch\/de\/wp-json\/wp\/v2\/product_cat?post=24024"},{"taxonomy":"product_tag","embeddable":true,"href":"https:\/\/magnusvinum.ch\/de\/wp-json\/wp\/v2\/product_tag?post=24024"}],"curies":[{"name":"wp","href":"https:\/\/api.w.org\/{rel}","templated":true}]}}