{"id":24007,"date":"2025-03-05T20:52:31","date_gmt":"2025-03-05T18:52:31","guid":{"rendered":"https:\/\/magnusvinum.ch\/?post_type=product&#038;p=24007"},"modified":"2026-03-05T13:22:52","modified_gmt":"2026-03-05T11:22:52","slug":"cote-de-nuits-village-clos-magny-aoc","status":"publish","type":"product","link":"https:\/\/magnusvinum.ch\/de\/shop\/rotweine\/cote-de-nuits-village-clos-magny-aoc\/","title":{"rendered":"C\u00f4te de Nuits-Village &#8218;Clos Magny&#8216; AOC"},"content":{"rendered":"<p>Von alten, ertragsarmen Rebst\u00f6cken. Dunkelrote Kirschen und blumige Noten mischen sich mit s\u00fcssen Gew\u00fcrzen.<\/p>\n","protected":false},"excerpt":{"rendered":"<p>Von alten, ertragsarmen Rebst\u00f6cken. Dunkelrote Kirschen und blumige Noten mischen sich mit s\u00fcssen Gew\u00fcrzen.<\/p>\n","protected":false},"featured_media":24203,"template":"","meta":{"_genesis_hide_title":false,"_genesis_hide_breadcrumbs":false,"_genesis_hide_singular_image":false,"_genesis_hide_footer_widgets":false,"_genesis_custom_body_class":"","_genesis_custom_post_class":"","_genesis_layout":""},"product_brand":[798],"product_cat":[150],"product_tag":[776],"class_list":{"0":"post-24007","1":"product","2":"type-product","3":"status-publish","4":"has-post-thumbnail","6":"product_brand-camille-thiriet","7":"product_cat-rotweine","8":"product_tag-2022-de","9":"pa_appellation-cote-de-nuits-villages-de","10":"pa_bottle-size-750ml-de","11":"pa_grape-variety-pinot-noir-de","12":"pa_producer-camille-thiriet-de","13":"pa_region-cote-de-nuits-de","14":"pa_vintage-2022-de","15":"entry","17":"first","18":"instock","19":"taxable","20":"shipping-taxable","21":"purchasable","22":"product-type-simple"},"wooqr_code":"","_links":{"self":[{"href":"https:\/\/magnusvinum.ch\/de\/wp-json\/wp\/v2\/product\/24007","targetHints":{"allow":["GET"]}}],"collection":[{"href":"https:\/\/magnusvinum.ch\/de\/wp-json\/wp\/v2\/product"}],"about":[{"href":"https:\/\/magnusvinum.ch\/de\/wp-json\/wp\/v2\/types\/product"}],"wp:featuredmedia":[{"embeddable":true,"href":"https:\/\/magnusvinum.ch\/de\/wp-json\/wp\/v2\/media\/24203"}],"wp:attachment":[{"href":"https:\/\/magnusvinum.ch\/de\/wp-json\/wp\/v2\/media?parent=24007"}],"wp:term":[{"taxonomy":"product_brand","embeddable":true,"href":"https:\/\/magnusvinum.ch\/de\/wp-json\/wp\/v2\/product_brand?post=24007"},{"taxonomy":"product_cat","embeddable":true,"href":"https:\/\/magnusvinum.ch\/de\/wp-json\/wp\/v2\/product_cat?post=24007"},{"taxonomy":"product_tag","embeddable":true,"href":"https:\/\/magnusvinum.ch\/de\/wp-json\/wp\/v2\/product_tag?post=24007"}],"curies":[{"name":"wp","href":"https:\/\/api.w.org\/{rel}","templated":true}]}}