{"id":23996,"date":"2025-03-05T20:30:07","date_gmt":"2025-03-05T18:30:07","guid":{"rendered":"https:\/\/magnusvinum.ch\/?post_type=product&#038;p=23996"},"modified":"2025-07-06T23:06:18","modified_gmt":"2025-07-06T21:06:18","slug":"cote-de-nuits-villages-les-vignottes-aoc","status":"publish","type":"product","link":"https:\/\/magnusvinum.ch\/de\/shop\/rotweine\/cote-de-nuits-villages-les-vignottes-aoc\/","title":{"rendered":"C\u00f4te de Nuits Villages &#8218;Les Vignottes&#8216; AOC"},"content":{"rendered":"<p><strong>Degustationsnotiz:<\/strong> Ein sehr intensives Bouquet mit Aromen von roten und schwarzen Kirschen, s\u00fcssen Erdbeeren, Himbeeren und s\u00fcssen Gew\u00fcrzen. Am Gaumen dann Aromen von Walderdbeeren, schwarzen Himbeeren und roten Blumen, die in einem langen und aromatischen Abgang enden. <strong>Passt gut zu:<\/strong>\u00a0Einfach gegrillten Lammkoteletts oder Entrec\u00f4te mit gegrilltem Gem\u00fcse.<\/p>\n","protected":false},"excerpt":{"rendered":"<p>Degustationsnotiz: Ein sehr intensives Bouquet mit Aromen von roten und schwarzen Kirschen, s\u00fcssen Erdbeeren, Himbeeren und s\u00fcssen Gew\u00fcrzen. Am Gaumen dann Aromen von Walderdbeeren, schwarzen Himbeeren und roten Blumen, die in einem langen und aromatischen Abgang enden. Passt gut zu:\u00a0Einfach gegrillten Lammkoteletts oder Entrec\u00f4te mit gegrilltem Gem\u00fcse.<\/p>\n","protected":false},"featured_media":23068,"template":"","meta":{"_genesis_hide_title":false,"_genesis_hide_breadcrumbs":false,"_genesis_hide_singular_image":false,"_genesis_hide_footer_widgets":false,"_genesis_custom_body_class":"","_genesis_custom_post_class":"","_genesis_layout":""},"product_brand":[798],"product_cat":[150],"product_tag":[774],"class_list":{"0":"post-23996","1":"product","2":"type-product","3":"status-publish","4":"has-post-thumbnail","6":"product_brand-camille-thiriet","7":"product_cat-rotweine","8":"product_tag-2021-de","9":"pa_appellation-cote-de-nuits-villages-de","10":"pa_bottle-size-750ml-de","11":"pa_grape-variety-pinot-noir-de","12":"pa_producer-camille-thiriet-de","13":"pa_region-cote-de-nuits-de","14":"pa_vintage-2020-de","15":"entry","17":"first","18":"instock","19":"taxable","20":"shipping-taxable","21":"purchasable","22":"product-type-simple"},"wooqr_code":"","_links":{"self":[{"href":"https:\/\/magnusvinum.ch\/de\/wp-json\/wp\/v2\/product\/23996","targetHints":{"allow":["GET"]}}],"collection":[{"href":"https:\/\/magnusvinum.ch\/de\/wp-json\/wp\/v2\/product"}],"about":[{"href":"https:\/\/magnusvinum.ch\/de\/wp-json\/wp\/v2\/types\/product"}],"wp:featuredmedia":[{"embeddable":true,"href":"https:\/\/magnusvinum.ch\/de\/wp-json\/wp\/v2\/media\/23068"}],"wp:attachment":[{"href":"https:\/\/magnusvinum.ch\/de\/wp-json\/wp\/v2\/media?parent=23996"}],"wp:term":[{"taxonomy":"product_brand","embeddable":true,"href":"https:\/\/magnusvinum.ch\/de\/wp-json\/wp\/v2\/product_brand?post=23996"},{"taxonomy":"product_cat","embeddable":true,"href":"https:\/\/magnusvinum.ch\/de\/wp-json\/wp\/v2\/product_cat?post=23996"},{"taxonomy":"product_tag","embeddable":true,"href":"https:\/\/magnusvinum.ch\/de\/wp-json\/wp\/v2\/product_tag?post=23996"}],"curies":[{"name":"wp","href":"https:\/\/api.w.org\/{rel}","templated":true}]}}