{"id":23991,"date":"2025-03-05T20:07:19","date_gmt":"2025-03-05T18:07:19","guid":{"rendered":"https:\/\/magnusvinum.ch\/?post_type=product&#038;p=23991"},"modified":"2025-03-05T20:13:05","modified_gmt":"2025-03-05T18:13:05","slug":"vezelay-champs-cervin-aoc-3","status":"publish","type":"product","link":"https:\/\/magnusvinum.ch\/de\/shop\/weissweine\/vezelay-champs-cervin-aoc-3\/","title":{"rendered":"V\u00e9zelay &#8218;Champs Cervin&#8216; AOC"},"content":{"rendered":"<p><strong>Degustationsnotiz:<\/strong> Diese nach Osten ausgerichtete Parzelle befindet sich auf einem Hang in der Gemeinde Tharoiseau, gegen\u00fcber von V\u00e9zelay. \u00a0Die 25 Jahre alten Reben werden biologisch bearbeitet.\u00a0Die G\u00e4rung erfolgt in F\u00e4ssern (20% neu) mit sehr geringem Schwefelzusatz. Die F\u00e4sser werden eineinhalb Monate vor der Flaschenabf\u00fcllung in Edelstahltanks verschnitten.\u00a0Der Wein ist frisch, mit Zitrusaromen, Orangenbl\u00fcte und kalkhaltiger Mineralit\u00e4t. Am Gaumen ist er linear und frisch, aber mit gutem Volumen in der Mitte des Gaumens. <strong>Passt gut zu:<\/strong> Perfekt zu Frischk\u00e4se, Schweinefilet oder Gefl\u00fcgel in Rahmsauce.<\/p>\n","protected":false},"excerpt":{"rendered":"<p>Degustationsnotiz: Diese nach Osten ausgerichtete Parzelle befindet sich auf einem Hang in der Gemeinde Tharoiseau, gegen\u00fcber von V\u00e9zelay. \u00a0Die 25 Jahre alten Reben werden biologisch bearbeitet.\u00a0Die G\u00e4rung erfolgt in F\u00e4ssern (20% neu) mit sehr geringem Schwefelzusatz. Die F\u00e4sser werden eineinhalb Monate vor der Flaschenabf\u00fcllung in Edelstahltanks verschnitten.\u00a0Der Wein ist frisch, mit Zitrusaromen, Orangenbl\u00fcte und kalkhaltiger &#8230; <a href=\"https:\/\/magnusvinum.ch\/de\/shop\/weissweine\/vezelay-champs-cervin-aoc-3\/\" class=\"more-link\">Read More <span class=\"screen-reader-text\">about  V\u00e9zelay &#8218;Champs Cervin&#8216; AOC<\/span><\/a><\/p>\n","protected":false},"featured_media":23070,"template":"","meta":{"_genesis_hide_title":false,"_genesis_hide_breadcrumbs":false,"_genesis_hide_singular_image":false,"_genesis_hide_footer_widgets":false,"_genesis_custom_body_class":"","_genesis_custom_post_class":"","_genesis_layout":""},"product_brand":[798],"product_cat":[126],"product_tag":[776],"class_list":{"0":"post-23991","1":"product","2":"type-product","3":"status-publish","4":"has-post-thumbnail","6":"product_brand-camille-thiriet","7":"product_cat-weissweine","8":"product_tag-2022-de","9":"pa_appellation-vezelay-de","10":"pa_bottle-size-750ml-de","11":"pa_grape-variety-chardonnay-de","12":"pa_producer-camille-thiriet-de","13":"pa_region-chablis-grand-auxerrois-de","14":"pa_vintage-2022-de","15":"entry","17":"first","18":"instock","19":"taxable","20":"shipping-taxable","21":"purchasable","22":"product-type-simple"},"wooqr_code":"","_links":{"self":[{"href":"https:\/\/magnusvinum.ch\/de\/wp-json\/wp\/v2\/product\/23991","targetHints":{"allow":["GET"]}}],"collection":[{"href":"https:\/\/magnusvinum.ch\/de\/wp-json\/wp\/v2\/product"}],"about":[{"href":"https:\/\/magnusvinum.ch\/de\/wp-json\/wp\/v2\/types\/product"}],"wp:featuredmedia":[{"embeddable":true,"href":"https:\/\/magnusvinum.ch\/de\/wp-json\/wp\/v2\/media\/23070"}],"wp:attachment":[{"href":"https:\/\/magnusvinum.ch\/de\/wp-json\/wp\/v2\/media?parent=23991"}],"wp:term":[{"taxonomy":"product_brand","embeddable":true,"href":"https:\/\/magnusvinum.ch\/de\/wp-json\/wp\/v2\/product_brand?post=23991"},{"taxonomy":"product_cat","embeddable":true,"href":"https:\/\/magnusvinum.ch\/de\/wp-json\/wp\/v2\/product_cat?post=23991"},{"taxonomy":"product_tag","embeddable":true,"href":"https:\/\/magnusvinum.ch\/de\/wp-json\/wp\/v2\/product_tag?post=23991"}],"curies":[{"name":"wp","href":"https:\/\/api.w.org\/{rel}","templated":true}]}}