{"id":23981,"date":"2025-03-05T16:55:32","date_gmt":"2025-03-05T14:55:32","guid":{"rendered":"https:\/\/magnusvinum.ch\/?post_type=product&#038;p=23981"},"modified":"2025-03-05T16:58:57","modified_gmt":"2025-03-05T14:58:57","slug":"bourgogne-chardonnay-cuvee-confidentielle-aoc-copy-copy","status":"publish","type":"product","link":"https:\/\/magnusvinum.ch\/de\/shop\/weissweine\/bourgogne-chardonnay-cuvee-confidentielle-aoc-copy-copy\/","title":{"rendered":"Bourgogne Chardonnay &#8218;Cuv\u00e9e Confidentielle&#8216; AOC"},"content":{"rendered":"<p><strong>Degustationsnotiz:<\/strong>\u00a0Die G\u00e4rung erfolgt in F\u00e4ssern mit 20% neuer Eiche und sehr wenig Schwefelzugabe.\u00a0Ein frischer und blumiger Wein mit einem runden Mundgefuhl und einem zitronigen Abgang. <strong>Passt gut zu:<\/strong>\u00a0Perfekt zu K\u00e4sesorten wie Comt\u00e9 oder \u00c9poisses. Auch sehr gut zu Langusten oder Jakobsmuscheln.<\/p>\n","protected":false},"excerpt":{"rendered":"<p>Degustationsnotiz:\u00a0Die G\u00e4rung erfolgt in F\u00e4ssern mit 20% neuer Eiche und sehr wenig Schwefelzugabe.\u00a0Ein frischer und blumiger Wein mit einem runden Mundgefuhl und einem zitronigen Abgang. Passt gut zu:\u00a0Perfekt zu K\u00e4sesorten wie Comt\u00e9 oder \u00c9poisses. Auch sehr gut zu Langusten oder Jakobsmuscheln.<\/p>\n","protected":false},"featured_media":23062,"template":"","meta":{"_genesis_hide_title":false,"_genesis_hide_breadcrumbs":false,"_genesis_hide_singular_image":false,"_genesis_hide_footer_widgets":false,"_genesis_custom_body_class":"","_genesis_custom_post_class":"","_genesis_layout":""},"product_brand":[798],"product_cat":[126],"product_tag":[776],"class_list":{"0":"post-23981","1":"product","2":"type-product","3":"status-publish","4":"has-post-thumbnail","6":"product_brand-camille-thiriet","7":"product_cat-weissweine","8":"product_tag-2022-de","9":"pa_appellation-bourgogne-de","10":"pa_bottle-size-750ml-de","11":"pa_grape-variety-chardonnay-de","12":"pa_producer-camille-thiriet-de","13":"pa_region-chablis-grand-auxerrois-de","14":"pa_vintage-2022-de","15":"entry","17":"first","18":"instock","19":"taxable","20":"shipping-taxable","21":"purchasable","22":"product-type-simple"},"wooqr_code":"","_links":{"self":[{"href":"https:\/\/magnusvinum.ch\/de\/wp-json\/wp\/v2\/product\/23981","targetHints":{"allow":["GET"]}}],"collection":[{"href":"https:\/\/magnusvinum.ch\/de\/wp-json\/wp\/v2\/product"}],"about":[{"href":"https:\/\/magnusvinum.ch\/de\/wp-json\/wp\/v2\/types\/product"}],"wp:featuredmedia":[{"embeddable":true,"href":"https:\/\/magnusvinum.ch\/de\/wp-json\/wp\/v2\/media\/23062"}],"wp:attachment":[{"href":"https:\/\/magnusvinum.ch\/de\/wp-json\/wp\/v2\/media?parent=23981"}],"wp:term":[{"taxonomy":"product_brand","embeddable":true,"href":"https:\/\/magnusvinum.ch\/de\/wp-json\/wp\/v2\/product_brand?post=23981"},{"taxonomy":"product_cat","embeddable":true,"href":"https:\/\/magnusvinum.ch\/de\/wp-json\/wp\/v2\/product_cat?post=23981"},{"taxonomy":"product_tag","embeddable":true,"href":"https:\/\/magnusvinum.ch\/de\/wp-json\/wp\/v2\/product_tag?post=23981"}],"curies":[{"name":"wp","href":"https:\/\/api.w.org\/{rel}","templated":true}]}}