{"id":23957,"date":"2024-12-30T11:23:43","date_gmt":"2024-12-30T09:23:43","guid":{"rendered":"https:\/\/magnusvinum.ch\/?post_type=product&#038;p=23957"},"modified":"2024-12-30T11:25:18","modified_gmt":"2024-12-30T09:25:18","slug":"chablis-en-boucheran-aoc-copy","status":"publish","type":"product","link":"https:\/\/magnusvinum.ch\/de\/shop\/weissweine\/chablis-en-boucheran-aoc-copy\/","title":{"rendered":"Chablis &#8218;En Boucheran&#8216; AOC"},"content":{"rendered":"<p><strong>Degustationsnotiz:<\/strong> Aromen von gelben Blumen und zarten Kr\u00e4uternoten. Der knackige Gaumen f\u00fchrt zu einem langen Abgang. <strong>Passt gut zu:<\/strong> Sommergem\u00fcse und Meeresfr\u00fcchte<\/p>\n","protected":false},"excerpt":{"rendered":"<p>Degustationsnotiz: Aromen von gelben Blumen und zarten Kr\u00e4uternoten. Der knackige Gaumen f\u00fchrt zu einem langen Abgang. Passt gut zu: Sommergem\u00fcse und Meeresfr\u00fcchte<\/p>\n","protected":false},"featured_media":22943,"template":"","meta":{"_genesis_hide_title":false,"_genesis_hide_breadcrumbs":false,"_genesis_hide_singular_image":false,"_genesis_hide_footer_widgets":false,"_genesis_custom_body_class":"","_genesis_custom_post_class":"","_genesis_layout":""},"product_brand":[799],"product_cat":[126],"product_tag":[774],"class_list":{"0":"post-23957","1":"product","2":"type-product","3":"status-publish","4":"has-post-thumbnail","6":"product_brand-e-e-vocoret","7":"product_cat-weissweine","8":"product_tag-2021-de","9":"pa_appellation-chablis-de","10":"pa_bottle-size-750ml-de","11":"pa_grape-variety-chardonnay-de","12":"pa_producer-domaine-eleni-edouard-vocoret-de","13":"pa_region-chablis-grand-auxerrois-de","14":"pa_vintage-2021-de","15":"entry","17":"first","18":"instock","19":"taxable","20":"shipping-taxable","21":"purchasable","22":"product-type-simple"},"wooqr_code":"","_links":{"self":[{"href":"https:\/\/magnusvinum.ch\/de\/wp-json\/wp\/v2\/product\/23957","targetHints":{"allow":["GET"]}}],"collection":[{"href":"https:\/\/magnusvinum.ch\/de\/wp-json\/wp\/v2\/product"}],"about":[{"href":"https:\/\/magnusvinum.ch\/de\/wp-json\/wp\/v2\/types\/product"}],"wp:featuredmedia":[{"embeddable":true,"href":"https:\/\/magnusvinum.ch\/de\/wp-json\/wp\/v2\/media\/22943"}],"wp:attachment":[{"href":"https:\/\/magnusvinum.ch\/de\/wp-json\/wp\/v2\/media?parent=23957"}],"wp:term":[{"taxonomy":"product_brand","embeddable":true,"href":"https:\/\/magnusvinum.ch\/de\/wp-json\/wp\/v2\/product_brand?post=23957"},{"taxonomy":"product_cat","embeddable":true,"href":"https:\/\/magnusvinum.ch\/de\/wp-json\/wp\/v2\/product_cat?post=23957"},{"taxonomy":"product_tag","embeddable":true,"href":"https:\/\/magnusvinum.ch\/de\/wp-json\/wp\/v2\/product_tag?post=23957"}],"curies":[{"name":"wp","href":"https:\/\/api.w.org\/{rel}","templated":true}]}}