{"id":23953,"date":"2024-12-30T11:20:42","date_gmt":"2024-12-30T09:20:44","guid":{"rendered":"https:\/\/magnusvinum.ch\/?post_type=product&#038;p=23953"},"modified":"2025-03-06T01:04:34","modified_gmt":"2025-03-05T23:04:34","slug":"chablis-les-pargues-aoc-copy-3","status":"publish","type":"product","link":"https:\/\/magnusvinum.ch\/de\/shop\/weissweine\/chablis-les-pargues-aoc-copy-3\/","title":{"rendered":"Chablis &#8218;Les Pargues&#8216; AOC"},"content":{"rendered":"<p><strong>Degustationsnotiz:<\/strong> Die Nase wird dominiert von Zitrusfr\u00fcchten, Orangenschalen, Yuzu, Fingerlimetten und Orangenbl\u00fcten, als h\u00e4tten Sie den Fr\u00fchling im Glas. Auch am Gaumen ist er sehr zitrusbetont, aber auch leicht salzig, mit einem langen und lebhaften Abgang. <strong>Passt gut zu:<\/strong> Sommerliches Gem\u00fcse und Meeresfr\u00fcchte<\/p>\n","protected":false},"excerpt":{"rendered":"<p>Degustationsnotiz: Die Nase wird dominiert von Zitrusfr\u00fcchten, Orangenschalen, Yuzu, Fingerlimetten und Orangenbl\u00fcten, als h\u00e4tten Sie den Fr\u00fchling im Glas. Auch am Gaumen ist er sehr zitrusbetont, aber auch leicht salzig, mit einem langen und lebhaften Abgang. Passt gut zu: Sommerliches Gem\u00fcse und Meeresfr\u00fcchte<\/p>\n","protected":false},"featured_media":22945,"template":"","meta":{"_genesis_hide_title":false,"_genesis_hide_breadcrumbs":false,"_genesis_hide_singular_image":false,"_genesis_hide_footer_widgets":false,"_genesis_custom_body_class":"","_genesis_custom_post_class":"","_genesis_layout":""},"product_brand":[799],"product_cat":[126],"product_tag":[762],"class_list":{"0":"post-23953","1":"product","2":"type-product","3":"status-publish","4":"has-post-thumbnail","6":"product_brand-e-e-vocoret","7":"product_cat-weissweine","8":"product_tag-2020-de-2","9":"pa_appellation-chablis-de","10":"pa_bottle-size-750ml-de","11":"pa_grape-variety-chardonnay-de","12":"pa_producer-domaine-eleni-edouard-vocoret-de","13":"pa_region-chablis-grand-auxerrois-de","14":"pa_vintage-2020-de","15":"entry","17":"first","18":"instock","19":"taxable","20":"shipping-taxable","21":"purchasable","22":"product-type-simple"},"wooqr_code":"","_links":{"self":[{"href":"https:\/\/magnusvinum.ch\/de\/wp-json\/wp\/v2\/product\/23953","targetHints":{"allow":["GET"]}}],"collection":[{"href":"https:\/\/magnusvinum.ch\/de\/wp-json\/wp\/v2\/product"}],"about":[{"href":"https:\/\/magnusvinum.ch\/de\/wp-json\/wp\/v2\/types\/product"}],"wp:featuredmedia":[{"embeddable":true,"href":"https:\/\/magnusvinum.ch\/de\/wp-json\/wp\/v2\/media\/22945"}],"wp:attachment":[{"href":"https:\/\/magnusvinum.ch\/de\/wp-json\/wp\/v2\/media?parent=23953"}],"wp:term":[{"taxonomy":"product_brand","embeddable":true,"href":"https:\/\/magnusvinum.ch\/de\/wp-json\/wp\/v2\/product_brand?post=23953"},{"taxonomy":"product_cat","embeddable":true,"href":"https:\/\/magnusvinum.ch\/de\/wp-json\/wp\/v2\/product_cat?post=23953"},{"taxonomy":"product_tag","embeddable":true,"href":"https:\/\/magnusvinum.ch\/de\/wp-json\/wp\/v2\/product_tag?post=23953"}],"curies":[{"name":"wp","href":"https:\/\/api.w.org\/{rel}","templated":true}]}}