{"id":23930,"date":"2024-12-12T15:43:46","date_gmt":"2024-12-12T13:43:51","guid":{"rendered":"https:\/\/magnusvinum.ch\/?post_type=product&#038;p=23930"},"modified":"2025-03-06T00:46:24","modified_gmt":"2025-03-05T22:46:24","slug":"chablis-bas-de-chapelot-aoc-copy-2","status":"publish","type":"product","link":"https:\/\/magnusvinum.ch\/de\/shop\/weissweine\/chablis-bas-de-chapelot-aoc-copy-2\/","title":{"rendered":"Chablis &#8218;Bas de Chapelot&#8216; AOC"},"content":{"rendered":"<p><strong>Degustationsnotiz:<\/strong> In der Nase ist der Chapelot eleganter als der Pargues. Er duftet nach Blutorangen, Orangenbl\u00fcten, Aprikosen und deren Bl\u00fcten. Am Gaumen ist er erfrischend und mineralisch mit Aromen von Zitronenschalen, Orangenbl\u00fcten und gr\u00fcnen Fr\u00fcchten. Der Abgang ist sehr lang und aromatisch. <strong>Passt gut zu:<\/strong> Sommerliches Gem\u00fcse und Meeresfr\u00fcchte.<\/p>\n","protected":false},"excerpt":{"rendered":"<p>Degustationsnotiz: In der Nase ist der Chapelot eleganter als der Pargues. Er duftet nach Blutorangen, Orangenbl\u00fcten, Aprikosen und deren Bl\u00fcten. Am Gaumen ist er erfrischend und mineralisch mit Aromen von Zitronenschalen, Orangenbl\u00fcten und gr\u00fcnen Fr\u00fcchten. Der Abgang ist sehr lang und aromatisch. Passt gut zu: Sommerliches Gem\u00fcse und Meeresfr\u00fcchte.<\/p>\n","protected":false},"featured_media":22947,"template":"","meta":{"_genesis_hide_title":false,"_genesis_hide_breadcrumbs":false,"_genesis_hide_singular_image":false,"_genesis_hide_footer_widgets":false,"_genesis_custom_body_class":"","_genesis_custom_post_class":"","_genesis_layout":""},"product_brand":[799],"product_cat":[126],"product_tag":[774],"class_list":{"0":"post-23930","1":"product","2":"type-product","3":"status-publish","4":"has-post-thumbnail","6":"product_brand-e-e-vocoret","7":"product_cat-weissweine","8":"product_tag-2021-de","9":"pa_appellation-chablis-de","10":"pa_bottle-size-750ml-de","11":"pa_grape-variety-chardonnay-de","12":"pa_producer-domaine-eleni-edouard-vocoret-de","13":"pa_region-chablis-grand-auxerrois-de","14":"pa_vintage-2021-de","15":"entry","17":"first","18":"instock","19":"taxable","20":"shipping-taxable","21":"purchasable","22":"product-type-simple"},"wooqr_code":"","_links":{"self":[{"href":"https:\/\/magnusvinum.ch\/de\/wp-json\/wp\/v2\/product\/23930","targetHints":{"allow":["GET"]}}],"collection":[{"href":"https:\/\/magnusvinum.ch\/de\/wp-json\/wp\/v2\/product"}],"about":[{"href":"https:\/\/magnusvinum.ch\/de\/wp-json\/wp\/v2\/types\/product"}],"wp:featuredmedia":[{"embeddable":true,"href":"https:\/\/magnusvinum.ch\/de\/wp-json\/wp\/v2\/media\/22947"}],"wp:attachment":[{"href":"https:\/\/magnusvinum.ch\/de\/wp-json\/wp\/v2\/media?parent=23930"}],"wp:term":[{"taxonomy":"product_brand","embeddable":true,"href":"https:\/\/magnusvinum.ch\/de\/wp-json\/wp\/v2\/product_brand?post=23930"},{"taxonomy":"product_cat","embeddable":true,"href":"https:\/\/magnusvinum.ch\/de\/wp-json\/wp\/v2\/product_cat?post=23930"},{"taxonomy":"product_tag","embeddable":true,"href":"https:\/\/magnusvinum.ch\/de\/wp-json\/wp\/v2\/product_tag?post=23930"}],"curies":[{"name":"wp","href":"https:\/\/api.w.org\/{rel}","templated":true}]}}