{"id":23903,"date":"2024-12-07T13:43:07","date_gmt":"2024-12-07T11:43:07","guid":{"rendered":"https:\/\/magnusvinum.ch\/?post_type=product&#038;p=23903"},"modified":"2025-11-12T10:08:12","modified_gmt":"2025-11-12T08:08:12","slug":"beaune-1er-cru-les-teurons-aoc-copy-2","status":"publish","type":"product","link":"https:\/\/magnusvinum.ch\/de\/shop\/rotweine\/beaune-1er-cru-les-teurons-aoc-copy-2\/","title":{"rendered":"Beaune 1er Cru Les Teurons AOC"},"content":{"rendered":"<p><strong>Degustationsnotiz:<\/strong> Aus \u00fcber 60 Jahre alten Reben, ist Les Teurons eine Sch\u00f6nheit! Eine solche Schande ist, dass die Beaune Appellation so oft \u00fcbersehen wird. Die Nase ragt aus dem Glas mit Kirschen, Pflaumen, Veilchen, Rosenbl\u00e4ttern, Zedernholz und gebratenem Fleisch. Am Gaumen konzentriert und dicht gepackt mit einem wunderbaren Fruchtkern. Die Tannine werden von der Frucht vollst\u00e4ndig gepuffert und der lebhafte S\u00e4ure treibt den langen Abgang an. Trinken Sie 2022-2050. <strong>Passt gut zu:<\/strong> Ideal zu gebratenen Wildv\u00f6geln oder einfach gegrilltem Lamm mit Gem\u00fcse.<\/p>\n","protected":false},"excerpt":{"rendered":"<p>Degustationsnotiz: Aus \u00fcber 60 Jahre alten Reben, ist Les Teurons eine Sch\u00f6nheit! Eine solche Schande ist, dass die Beaune Appellation so oft \u00fcbersehen wird. Die Nase ragt aus dem Glas mit Kirschen, Pflaumen, Veilchen, Rosenbl\u00e4ttern, Zedernholz und gebratenem Fleisch. Am Gaumen konzentriert und dicht gepackt mit einem wunderbaren Fruchtkern. Die Tannine werden von der Frucht &#8230; <a href=\"https:\/\/magnusvinum.ch\/de\/shop\/rotweine\/beaune-1er-cru-les-teurons-aoc-copy-2\/\" class=\"more-link\">Read More <span class=\"screen-reader-text\">about  Beaune 1er Cru Les Teurons AOC<\/span><\/a><\/p>\n","protected":false},"featured_media":20187,"template":"","meta":{"_genesis_hide_title":false,"_genesis_hide_breadcrumbs":false,"_genesis_hide_singular_image":false,"_genesis_hide_footer_widgets":false,"_genesis_custom_body_class":"","_genesis_custom_post_class":"","_genesis_layout":""},"product_brand":[794],"product_cat":[150],"product_tag":[776],"class_list":{"0":"post-23903","1":"product","2":"type-product","3":"status-publish","4":"has-post-thumbnail","6":"product_brand-clos-de-la-chapelle","7":"product_cat-rotweine","8":"product_tag-2022-de","9":"pa_appellation-beaune-1er-cru-de","10":"pa_bottle-size-750ml-de","11":"pa_grape-variety-pinot-noir-de","12":"pa_producer-domaine-clos-de-la-chapelle-de","13":"pa_region-cote-de-beaune-de","14":"pa_vintage-2022-de","15":"entry","17":"first","18":"instock","19":"taxable","20":"shipping-taxable","21":"purchasable","22":"product-type-simple"},"wooqr_code":"","_links":{"self":[{"href":"https:\/\/magnusvinum.ch\/de\/wp-json\/wp\/v2\/product\/23903","targetHints":{"allow":["GET"]}}],"collection":[{"href":"https:\/\/magnusvinum.ch\/de\/wp-json\/wp\/v2\/product"}],"about":[{"href":"https:\/\/magnusvinum.ch\/de\/wp-json\/wp\/v2\/types\/product"}],"wp:featuredmedia":[{"embeddable":true,"href":"https:\/\/magnusvinum.ch\/de\/wp-json\/wp\/v2\/media\/20187"}],"wp:attachment":[{"href":"https:\/\/magnusvinum.ch\/de\/wp-json\/wp\/v2\/media?parent=23903"}],"wp:term":[{"taxonomy":"product_brand","embeddable":true,"href":"https:\/\/magnusvinum.ch\/de\/wp-json\/wp\/v2\/product_brand?post=23903"},{"taxonomy":"product_cat","embeddable":true,"href":"https:\/\/magnusvinum.ch\/de\/wp-json\/wp\/v2\/product_cat?post=23903"},{"taxonomy":"product_tag","embeddable":true,"href":"https:\/\/magnusvinum.ch\/de\/wp-json\/wp\/v2\/product_tag?post=23903"}],"curies":[{"name":"wp","href":"https:\/\/api.w.org\/{rel}","templated":true}]}}