{"id":23889,"date":"2024-10-31T17:49:26","date_gmt":"2024-10-31T15:49:26","guid":{"rendered":"https:\/\/magnusvinum.ch\/?post_type=product&#038;p=23889"},"modified":"2025-03-06T00:21:41","modified_gmt":"2025-03-05T22:21:41","slug":"macon-cruzille-les-genievrieres-aoc-copy-2","status":"publish","type":"product","link":"https:\/\/magnusvinum.ch\/de\/shop\/weissweine\/macon-cruzille-les-genievrieres-aoc-copy-2\/","title":{"rendered":"M\u00e2con-Cruzille &#8218;Les Geni\u00e9vri\u00e9res&#8216; AOC"},"content":{"rendered":"<p><strong>Degustationsnotiz<\/strong>: Die Nase ist sehr elegant mit Aromen von Birne, s\u00fcssen Mandeln, Aprikose und Nektarine und einem Hauch von Vanille. Am Gaumen ist er konzentriert und vollmundig mit Aromen von Zitrusfr\u00fcchten und gelbem Steinobst. Die straffe S\u00e4ure sorgt f\u00fcr einen langen, trockenen Abgang. Trinke diesen Wein in den n\u00e4chsten 5-8 Jahren. <strong>Passt gut zu: <\/strong>Passt hervorragend zu Fisch, Meeresfr\u00fcchten oder Gefl\u00fcgel aus Freilandhaltung mit Rahmsauce.<\/p>\n","protected":false},"excerpt":{"rendered":"<p>Degustationsnotiz: Die Nase ist sehr elegant mit Aromen von Birne, s\u00fcssen Mandeln, Aprikose und Nektarine und einem Hauch von Vanille. Am Gaumen ist er konzentriert und vollmundig mit Aromen von Zitrusfr\u00fcchten und gelbem Steinobst. Die straffe S\u00e4ure sorgt f\u00fcr einen langen, trockenen Abgang. Trinke diesen Wein in den n\u00e4chsten 5-8 Jahren. Passt gut zu: Passt &#8230; <a href=\"https:\/\/magnusvinum.ch\/de\/shop\/weissweine\/macon-cruzille-les-genievrieres-aoc-copy-2\/\" class=\"more-link\">Read More <span class=\"screen-reader-text\">about  M\u00e2con-Cruzille &#8218;Les Geni\u00e9vri\u00e9res&#8216; AOC<\/span><\/a><\/p>\n","protected":false},"featured_media":22015,"template":"","meta":{"_genesis_hide_title":false,"_genesis_hide_breadcrumbs":false,"_genesis_hide_singular_image":false,"_genesis_hide_footer_widgets":false,"_genesis_custom_body_class":"","_genesis_custom_post_class":"","_genesis_layout":""},"product_brand":[800],"product_cat":[126],"product_tag":[776],"class_list":{"0":"post-23889","1":"product","2":"type-product","3":"status-publish","4":"has-post-thumbnail","6":"product_brand-guillot-broux","7":"product_cat-weissweine","8":"product_tag-2022-de","9":"pa_appellation-macon-cruzille-de","10":"pa_bottle-size-750ml-de","11":"pa_grape-variety-chardonnay-de","12":"pa_producer-domaine-guillot-broux-de","13":"pa_region-maconnais-de","14":"pa_vintage-2022-de","15":"entry","17":"first","18":"instock","19":"taxable","20":"shipping-taxable","21":"purchasable","22":"product-type-simple"},"wooqr_code":"","_links":{"self":[{"href":"https:\/\/magnusvinum.ch\/de\/wp-json\/wp\/v2\/product\/23889","targetHints":{"allow":["GET"]}}],"collection":[{"href":"https:\/\/magnusvinum.ch\/de\/wp-json\/wp\/v2\/product"}],"about":[{"href":"https:\/\/magnusvinum.ch\/de\/wp-json\/wp\/v2\/types\/product"}],"wp:featuredmedia":[{"embeddable":true,"href":"https:\/\/magnusvinum.ch\/de\/wp-json\/wp\/v2\/media\/22015"}],"wp:attachment":[{"href":"https:\/\/magnusvinum.ch\/de\/wp-json\/wp\/v2\/media?parent=23889"}],"wp:term":[{"taxonomy":"product_brand","embeddable":true,"href":"https:\/\/magnusvinum.ch\/de\/wp-json\/wp\/v2\/product_brand?post=23889"},{"taxonomy":"product_cat","embeddable":true,"href":"https:\/\/magnusvinum.ch\/de\/wp-json\/wp\/v2\/product_cat?post=23889"},{"taxonomy":"product_tag","embeddable":true,"href":"https:\/\/magnusvinum.ch\/de\/wp-json\/wp\/v2\/product_tag?post=23889"}],"curies":[{"name":"wp","href":"https:\/\/api.w.org\/{rel}","templated":true}]}}