{"id":23877,"date":"2024-10-31T17:03:02","date_gmt":"2024-10-31T15:03:02","guid":{"rendered":"https:\/\/magnusvinum.ch\/?post_type=product&#038;p=23877"},"modified":"2024-10-31T17:10:21","modified_gmt":"2024-10-31T15:10:21","slug":"pouilly-fuisse-la-grange-murger-aoc-copy","status":"publish","type":"product","link":"https:\/\/magnusvinum.ch\/de\/shop\/weissweine\/pouilly-fuisse-la-grange-murger-aoc-copy\/","title":{"rendered":"Pouilly-Fuiss\u00e9 1er Cru Aux Bouthi\u00e8res AOC"},"content":{"rendered":"<p>Ein tiefgr\u00fcndiger Ausdruck, der die ganze Raffinesse zeigt, die dieses Terroir erreichen kann. Die Nase ist ein fesselnder Tanz von Zitruskonfit, weissen Bl\u00fcten, reifen Steinfr\u00fcchten, zerstossener Austernschale und Feuerstein. Bemerkenswerte texturelle Tiefe am Gaumen &#8211; da ist Kraft und Reichtum, aber mit solcher Anmut getragen. Schicht um Schicht entfaltet sich &#8211; Zitrus\u00f6l, weisser Pfirsich, frische Mandeln, Jasmin und diese intensive kalkige Mineralit\u00e4t, die von diesen Kalksteinb\u00f6den spricht. Der Abgang scheint endlos, mit Geschmackswellen getragen von kristalliner S\u00e4ure. Ein Wein von echtem Adel, der sich mit Flaschenreife nur noch verbessern wird.<\/p>\n","protected":false},"excerpt":{"rendered":"<p>Ein tiefgr\u00fcndiger Ausdruck, der die ganze Raffinesse zeigt, die dieses Terroir erreichen kann. Die Nase ist ein fesselnder Tanz von Zitruskonfit, weissen Bl\u00fcten, reifen Steinfr\u00fcchten, zerstossener Austernschale und Feuerstein. Bemerkenswerte texturelle Tiefe am Gaumen &#8211; da ist Kraft und Reichtum, aber mit solcher Anmut getragen. Schicht um Schicht entfaltet sich &#8211; Zitrus\u00f6l, weisser Pfirsich, frische &#8230; <a href=\"https:\/\/magnusvinum.ch\/de\/shop\/weissweine\/pouilly-fuisse-la-grange-murger-aoc-copy\/\" class=\"more-link\">Read More <span class=\"screen-reader-text\">about  Pouilly-Fuiss\u00e9 1er Cru Aux Bouthi\u00e8res AOC<\/span><\/a><\/p>\n","protected":false},"featured_media":24131,"template":"","meta":{"_genesis_hide_title":false,"_genesis_hide_breadcrumbs":false,"_genesis_hide_singular_image":false,"_genesis_hide_footer_widgets":false,"_genesis_custom_body_class":"","_genesis_custom_post_class":"","_genesis_layout":""},"product_brand":[803],"product_cat":[126],"product_tag":[776],"class_list":{"0":"post-23877","1":"product","2":"type-product","3":"status-publish","4":"has-post-thumbnail","6":"product_brand-roc-des-boutires","7":"product_cat-weissweine","8":"product_tag-2022-de","9":"pa_appellation-pouilly-fuisse-1er-cru-de","10":"pa_bottle-size-750ml-de","11":"pa_grape-variety-chardonnay-de","12":"pa_producer-domaine-du-roc-des-boutires-de","13":"pa_region-maconnais-de","14":"pa_vintage-2022-de","15":"entry","17":"first","18":"instock","19":"taxable","20":"shipping-taxable","21":"purchasable","22":"product-type-simple"},"wooqr_code":"","_links":{"self":[{"href":"https:\/\/magnusvinum.ch\/de\/wp-json\/wp\/v2\/product\/23877","targetHints":{"allow":["GET"]}}],"collection":[{"href":"https:\/\/magnusvinum.ch\/de\/wp-json\/wp\/v2\/product"}],"about":[{"href":"https:\/\/magnusvinum.ch\/de\/wp-json\/wp\/v2\/types\/product"}],"wp:featuredmedia":[{"embeddable":true,"href":"https:\/\/magnusvinum.ch\/de\/wp-json\/wp\/v2\/media\/24131"}],"wp:attachment":[{"href":"https:\/\/magnusvinum.ch\/de\/wp-json\/wp\/v2\/media?parent=23877"}],"wp:term":[{"taxonomy":"product_brand","embeddable":true,"href":"https:\/\/magnusvinum.ch\/de\/wp-json\/wp\/v2\/product_brand?post=23877"},{"taxonomy":"product_cat","embeddable":true,"href":"https:\/\/magnusvinum.ch\/de\/wp-json\/wp\/v2\/product_cat?post=23877"},{"taxonomy":"product_tag","embeddable":true,"href":"https:\/\/magnusvinum.ch\/de\/wp-json\/wp\/v2\/product_tag?post=23877"}],"curies":[{"name":"wp","href":"https:\/\/api.w.org\/{rel}","templated":true}]}}