{"id":23873,"date":"2024-10-31T16:53:49","date_gmt":"2024-10-31T14:53:49","guid":{"rendered":"https:\/\/magnusvinum.ch\/?post_type=product&#038;p=23873"},"modified":"2024-12-09T16:19:42","modified_gmt":"2024-12-09T14:19:42","slug":"pouilly-fuisse-en-bertilionne-aoc-copy","status":"publish","type":"product","link":"https:\/\/magnusvinum.ch\/de\/shop\/weissweine\/pouilly-fuisse-en-bertilionne-aoc-copy\/","title":{"rendered":"Pouilly-Fuiss\u00e9 &#8218;La Grange Murger&#8216; AOC"},"content":{"rendered":"<p>Welche Komplexit\u00e4t und Finesse &#8211; das ist wirklich fein. Von Reben auf rund 400m H\u00f6he, ist die intensive Mineralit\u00e4t sofort erkennbar. Die Nase ist ein sch\u00f6nes Zusammenspiel von Zitrus\u00f6len, weissem Pfirsich, Akazie, Geissblatt und nassem Stein. Echte Gravit\u00e4t am Gaumen &#8211; Schichten von Fr\u00fcchten, Bl\u00fcten und Mineralien entfalten sich mit Luft. Diese herrliche feuersteinige Reduktion webt sich durch reife Zitrusfr\u00fcchte, subtile Nussnoten und frische Kr\u00e4uter. Wunderbare Spannung zwischen Reichhaltigkeit und Pr\u00e4zision. Langer, harmonischer Abgang, der immer neue Facetten offenbart.<\/p>\n","protected":false},"excerpt":{"rendered":"<p>Welche Komplexit\u00e4t und Finesse &#8211; das ist wirklich fein. Von Reben auf rund 400m H\u00f6he, ist die intensive Mineralit\u00e4t sofort erkennbar. Die Nase ist ein sch\u00f6nes Zusammenspiel von Zitrus\u00f6len, weissem Pfirsich, Akazie, Geissblatt und nassem Stein. Echte Gravit\u00e4t am Gaumen &#8211; Schichten von Fr\u00fcchten, Bl\u00fcten und Mineralien entfalten sich mit Luft. Diese herrliche feuersteinige Reduktion &#8230; <a href=\"https:\/\/magnusvinum.ch\/de\/shop\/weissweine\/pouilly-fuisse-en-bertilionne-aoc-copy\/\" class=\"more-link\">Read More <span class=\"screen-reader-text\">about  Pouilly-Fuiss\u00e9 &#8218;La Grange Murger&#8216; AOC<\/span><\/a><\/p>\n","protected":false},"featured_media":23875,"template":"","meta":{"_genesis_hide_title":false,"_genesis_hide_breadcrumbs":false,"_genesis_hide_singular_image":false,"_genesis_hide_footer_widgets":false,"_genesis_custom_body_class":"","_genesis_custom_post_class":"","_genesis_layout":""},"product_brand":[803],"product_cat":[126],"product_tag":[776],"class_list":{"0":"post-23873","1":"product","2":"type-product","3":"status-publish","4":"has-post-thumbnail","6":"product_brand-roc-des-boutires","7":"product_cat-weissweine","8":"product_tag-2022-de","9":"pa_appellation-pouilly-fuisse-de","10":"pa_bottle-size-750ml-de","11":"pa_grape-variety-chardonnay-de","12":"pa_producer-domaine-du-roc-des-boutires-de","13":"pa_region-maconnais-de","14":"pa_vintage-2022-de","15":"entry","17":"first","18":"instock","19":"taxable","20":"shipping-taxable","21":"purchasable","22":"product-type-simple"},"wooqr_code":"","_links":{"self":[{"href":"https:\/\/magnusvinum.ch\/de\/wp-json\/wp\/v2\/product\/23873","targetHints":{"allow":["GET"]}}],"collection":[{"href":"https:\/\/magnusvinum.ch\/de\/wp-json\/wp\/v2\/product"}],"about":[{"href":"https:\/\/magnusvinum.ch\/de\/wp-json\/wp\/v2\/types\/product"}],"wp:featuredmedia":[{"embeddable":true,"href":"https:\/\/magnusvinum.ch\/de\/wp-json\/wp\/v2\/media\/23875"}],"wp:attachment":[{"href":"https:\/\/magnusvinum.ch\/de\/wp-json\/wp\/v2\/media?parent=23873"}],"wp:term":[{"taxonomy":"product_brand","embeddable":true,"href":"https:\/\/magnusvinum.ch\/de\/wp-json\/wp\/v2\/product_brand?post=23873"},{"taxonomy":"product_cat","embeddable":true,"href":"https:\/\/magnusvinum.ch\/de\/wp-json\/wp\/v2\/product_cat?post=23873"},{"taxonomy":"product_tag","embeddable":true,"href":"https:\/\/magnusvinum.ch\/de\/wp-json\/wp\/v2\/product_tag?post=23873"}],"curies":[{"name":"wp","href":"https:\/\/api.w.org\/{rel}","templated":true}]}}