{"id":23869,"date":"2024-10-31T16:37:04","date_gmt":"2024-10-31T14:37:04","guid":{"rendered":"https:\/\/magnusvinum.ch\/?post_type=product&#038;p=23869"},"modified":"2024-12-09T16:19:42","modified_gmt":"2024-12-09T14:19:42","slug":"pouilly-fuisse-aoc-copy","status":"publish","type":"product","link":"https:\/\/magnusvinum.ch\/de\/shop\/weissweine\/pouilly-fuisse-aoc-copy\/","title":{"rendered":"Pouilly-Fuiss\u00e9 &#8218;En Bertilionne&#8216; AOC"},"content":{"rendered":"<p>Welch eine Raffinesse. Die Nase entfaltet Schichten von Zitrusbl\u00fcten, frischer Zitronenschale und zarten weissen Bl\u00fcten, mit subtilen Steinfruchtnoten nach Bel\u00fcftung. Wirklich beeindruckende Breite am Gaumen, beh\u00e4lt dennoch eine wunderbare Pr\u00e4zision. Die feuersteinigen Mineralnoten tanzen mit Jasmin und Akazie durch den langen Abgang. Tadellose Balance und echte Klasse.<\/p>\n","protected":false},"excerpt":{"rendered":"<p>Welch eine Raffinesse. Die Nase entfaltet Schichten von Zitrusbl\u00fcten, frischer Zitronenschale und zarten weissen Bl\u00fcten, mit subtilen Steinfruchtnoten nach Bel\u00fcftung. Wirklich beeindruckende Breite am Gaumen, beh\u00e4lt dennoch eine wunderbare Pr\u00e4zision. Die feuersteinigen Mineralnoten tanzen mit Jasmin und Akazie durch den langen Abgang. Tadellose Balance und echte Klasse.<\/p>\n","protected":false},"featured_media":23871,"template":"","meta":{"_genesis_hide_title":false,"_genesis_hide_breadcrumbs":false,"_genesis_hide_singular_image":false,"_genesis_hide_footer_widgets":false,"_genesis_custom_body_class":"","_genesis_custom_post_class":"","_genesis_layout":""},"product_brand":[803],"product_cat":[126],"product_tag":[776],"class_list":{"0":"post-23869","1":"product","2":"type-product","3":"status-publish","4":"has-post-thumbnail","6":"product_brand-roc-des-boutires","7":"product_cat-weissweine","8":"product_tag-2022-de","9":"pa_appellation-pouilly-fuisse-de","10":"pa_bottle-size-750ml-de","11":"pa_grape-variety-chardonnay-de","12":"pa_producer-domaine-du-roc-des-boutires-de","13":"pa_region-maconnais-de","14":"pa_vintage-2022-de","15":"entry","17":"first","18":"instock","19":"taxable","20":"shipping-taxable","21":"purchasable","22":"product-type-simple"},"wooqr_code":"","_links":{"self":[{"href":"https:\/\/magnusvinum.ch\/de\/wp-json\/wp\/v2\/product\/23869","targetHints":{"allow":["GET"]}}],"collection":[{"href":"https:\/\/magnusvinum.ch\/de\/wp-json\/wp\/v2\/product"}],"about":[{"href":"https:\/\/magnusvinum.ch\/de\/wp-json\/wp\/v2\/types\/product"}],"wp:featuredmedia":[{"embeddable":true,"href":"https:\/\/magnusvinum.ch\/de\/wp-json\/wp\/v2\/media\/23871"}],"wp:attachment":[{"href":"https:\/\/magnusvinum.ch\/de\/wp-json\/wp\/v2\/media?parent=23869"}],"wp:term":[{"taxonomy":"product_brand","embeddable":true,"href":"https:\/\/magnusvinum.ch\/de\/wp-json\/wp\/v2\/product_brand?post=23869"},{"taxonomy":"product_cat","embeddable":true,"href":"https:\/\/magnusvinum.ch\/de\/wp-json\/wp\/v2\/product_cat?post=23869"},{"taxonomy":"product_tag","embeddable":true,"href":"https:\/\/magnusvinum.ch\/de\/wp-json\/wp\/v2\/product_tag?post=23869"}],"curies":[{"name":"wp","href":"https:\/\/api.w.org\/{rel}","templated":true}]}}