{"id":23867,"date":"2024-10-31T16:07:31","date_gmt":"2024-10-31T14:07:31","guid":{"rendered":"https:\/\/magnusvinum.ch\/?post_type=product&#038;p=23867"},"modified":"2025-01-02T00:04:50","modified_gmt":"2025-01-01T22:04:50","slug":"pouilly-fuisse-aoc","status":"publish","type":"product","link":"https:\/\/magnusvinum.ch\/de\/shop\/weissweine\/pouilly-fuisse-aoc\/","title":{"rendered":"Pouilly-Fuiss\u00e9 AOC"},"content":{"rendered":"<p>Ein wunderbares Parf\u00fcm &#8211; frische Zitrone und Fr\u00fchlingsbl\u00fcten springen f\u00f6rmlich aus dem Glas. Beeindruckendes Volumen und Gewicht am Gaumen, ohne Schwere, aufgebaut um einen festen strukturellen Kern. Die Feuerstein- und Blumennoten verweben sich elegant im Abgang. Sch\u00f6ne Harmonie und Tiefe.<\/p>\n","protected":false},"excerpt":{"rendered":"<p>Ein wunderbares Parf\u00fcm &#8211; frische Zitrone und Fr\u00fchlingsbl\u00fcten springen f\u00f6rmlich aus dem Glas. Beeindruckendes Volumen und Gewicht am Gaumen, ohne Schwere, aufgebaut um einen festen strukturellen Kern. Die Feuerstein- und Blumennoten verweben sich elegant im Abgang. Sch\u00f6ne Harmonie und Tiefe.<\/p>\n","protected":false},"featured_media":23865,"template":"","meta":{"_genesis_hide_title":false,"_genesis_hide_breadcrumbs":false,"_genesis_hide_singular_image":false,"_genesis_hide_footer_widgets":false,"_genesis_custom_body_class":"","_genesis_custom_post_class":"","_genesis_layout":""},"product_brand":[803],"product_cat":[126],"product_tag":[776],"class_list":{"0":"post-23867","1":"product","2":"type-product","3":"status-publish","4":"has-post-thumbnail","6":"product_brand-roc-des-boutires","7":"product_cat-weissweine","8":"product_tag-2022-de","9":"pa_appellation-pouilly-fuisse-de","10":"pa_bottle-size-750ml-de","11":"pa_grape-variety-chardonnay-de","12":"pa_producer-domaine-du-roc-des-boutires-de","13":"pa_region-maconnais-de","14":"pa_vintage-2022-de","15":"entry","17":"first","18":"instock","19":"taxable","20":"shipping-taxable","21":"purchasable","22":"product-type-simple"},"wooqr_code":"","_links":{"self":[{"href":"https:\/\/magnusvinum.ch\/de\/wp-json\/wp\/v2\/product\/23867","targetHints":{"allow":["GET"]}}],"collection":[{"href":"https:\/\/magnusvinum.ch\/de\/wp-json\/wp\/v2\/product"}],"about":[{"href":"https:\/\/magnusvinum.ch\/de\/wp-json\/wp\/v2\/types\/product"}],"wp:featuredmedia":[{"embeddable":true,"href":"https:\/\/magnusvinum.ch\/de\/wp-json\/wp\/v2\/media\/23865"}],"wp:attachment":[{"href":"https:\/\/magnusvinum.ch\/de\/wp-json\/wp\/v2\/media?parent=23867"}],"wp:term":[{"taxonomy":"product_brand","embeddable":true,"href":"https:\/\/magnusvinum.ch\/de\/wp-json\/wp\/v2\/product_brand?post=23867"},{"taxonomy":"product_cat","embeddable":true,"href":"https:\/\/magnusvinum.ch\/de\/wp-json\/wp\/v2\/product_cat?post=23867"},{"taxonomy":"product_tag","embeddable":true,"href":"https:\/\/magnusvinum.ch\/de\/wp-json\/wp\/v2\/product_tag?post=23867"}],"curies":[{"name":"wp","href":"https:\/\/api.w.org\/{rel}","templated":true}]}}