{"id":23856,"date":"2024-10-31T15:28:11","date_gmt":"2024-10-31T13:28:11","guid":{"rendered":"https:\/\/magnusvinum.ch\/?post_type=product&#038;p=23856"},"modified":"2025-03-06T01:15:32","modified_gmt":"2025-03-05T23:15:32","slug":"vire-clesse-charleston","status":"publish","type":"product","link":"https:\/\/magnusvinum.ch\/de\/shop\/weissweine\/vire-clesse-charleston\/","title":{"rendered":"Vir\u00e9-Cless\u00e9 &#8218;Charleston&#8216;"},"content":{"rendered":"<p>Kreiert 2016 zu Ehren von Sophies Urgrossvater, der diese \u00fcber 100 Jahre alten Reben nach seiner R\u00fcckkehr aus dem Ersten Weltkrieg pflanzte. Die Vinifikation erfolgt sehr traditionell in 600L Demi-Muids, genau wie er es damals praktizierte. Klares, helles Zitronengelb. Die Zur\u00fcckhaltung hier ist bemerkenswert &#8211; weniger \u00fcberschw\u00e4nglich als ihre Quintaine-Abf\u00fcllung, aber mit einer nat\u00fcrlichen Anmut, wie ein w\u00fcrdevoller Herr, der seine Vitalit\u00e4t bewahrt hat. Trotz des warmen Jahrgangs zeigen diese alten Reben eine wunderbare Spannung mit einem feinen salzigen Unterton. Das Jahr in gut ausgereiftem Holz (\u00fcber 10 Jahre alt) ist nur dezent wahrnehmbar, verleiht Resonanz und l\u00e4sst diese bemerkenswerten alten Reben klar zur Geltung kommen. Zeigt wahrlich die Klasse alter Reben des M\u00e2connais von ihrer besten Seite.<\/p>\n","protected":false},"excerpt":{"rendered":"<p>Kreiert 2016 zu Ehren von Sophies Urgrossvater, der diese \u00fcber 100 Jahre alten Reben nach seiner R\u00fcckkehr aus dem Ersten Weltkrieg pflanzte. Die Vinifikation erfolgt sehr traditionell in 600L Demi-Muids, genau wie er es damals praktizierte. Klares, helles Zitronengelb. Die Zur\u00fcckhaltung hier ist bemerkenswert &#8211; weniger \u00fcberschw\u00e4nglich als ihre Quintaine-Abf\u00fcllung, aber mit einer nat\u00fcrlichen Anmut, &#8230; <a href=\"https:\/\/magnusvinum.ch\/de\/shop\/weissweine\/vire-clesse-charleston\/\" class=\"more-link\">Read More <span class=\"screen-reader-text\">about  Vir\u00e9-Cless\u00e9 &#8218;Charleston&#8216;<\/span><\/a><\/p>\n","protected":false},"featured_media":23855,"template":"","meta":{"_genesis_hide_title":false,"_genesis_hide_breadcrumbs":false,"_genesis_hide_singular_image":false,"_genesis_hide_footer_widgets":false,"_genesis_custom_body_class":"","_genesis_custom_post_class":"","_genesis_layout":""},"product_brand":[802],"product_cat":[126],"product_tag":[776],"class_list":{"0":"post-23856","1":"product","2":"type-product","3":"status-publish","4":"has-post-thumbnail","6":"product_brand-guillemot-michel","7":"product_cat-weissweine","8":"product_tag-2022-de","9":"pa_appellation-vire-clesse-de","10":"pa_bottle-size-750ml-de","11":"pa_grape-variety-chardonnay-de","12":"pa_producer-domaine-guillemot-michel-de","13":"pa_region-maconnais-de","14":"pa_vintage-2022-de","15":"entry","17":"first","18":"instock","19":"taxable","20":"shipping-taxable","21":"purchasable","22":"product-type-simple"},"wooqr_code":"","_links":{"self":[{"href":"https:\/\/magnusvinum.ch\/de\/wp-json\/wp\/v2\/product\/23856","targetHints":{"allow":["GET"]}}],"collection":[{"href":"https:\/\/magnusvinum.ch\/de\/wp-json\/wp\/v2\/product"}],"about":[{"href":"https:\/\/magnusvinum.ch\/de\/wp-json\/wp\/v2\/types\/product"}],"wp:featuredmedia":[{"embeddable":true,"href":"https:\/\/magnusvinum.ch\/de\/wp-json\/wp\/v2\/media\/23855"}],"wp:attachment":[{"href":"https:\/\/magnusvinum.ch\/de\/wp-json\/wp\/v2\/media?parent=23856"}],"wp:term":[{"taxonomy":"product_brand","embeddable":true,"href":"https:\/\/magnusvinum.ch\/de\/wp-json\/wp\/v2\/product_brand?post=23856"},{"taxonomy":"product_cat","embeddable":true,"href":"https:\/\/magnusvinum.ch\/de\/wp-json\/wp\/v2\/product_cat?post=23856"},{"taxonomy":"product_tag","embeddable":true,"href":"https:\/\/magnusvinum.ch\/de\/wp-json\/wp\/v2\/product_tag?post=23856"}],"curies":[{"name":"wp","href":"https:\/\/api.w.org\/{rel}","templated":true}]}}