{"id":23848,"date":"2024-10-31T13:54:45","date_gmt":"2024-10-31T11:54:45","guid":{"rendered":"https:\/\/magnusvinum.ch\/?post_type=product&#038;p=23848"},"modified":"2025-01-02T00:04:50","modified_gmt":"2025-01-01T22:04:50","slug":"vire-clesse-quintaine","status":"publish","type":"product","link":"https:\/\/magnusvinum.ch\/de\/shop\/weissweine\/vire-clesse-quintaine\/","title":{"rendered":"Vir\u00e9-Cless\u00e9 &#8218;Quintaine&#8216;"},"content":{"rendered":"<p><strong>Degustationssnotiz:<\/strong> Ein reines, kristallines Zitronen-Limetten-Aroma im Glas. Das blumige Bouquet schwebt &#8211; wirklich k\u00f6stlich &#8211; mit Pfirsichnoten, die sich dahinter verbergen. Ein luxuri\u00f6ser Stil, aber mit so viel Zur\u00fcckhaltung und Eleganz. Ein wenig W\u00fcrze hebt den Abgang an. Alles ist hier in sch\u00f6ner Harmonie und bleibt mit mittlerer und l\u00e4ngerer L\u00e4nge erhalten. <strong>Passt gut zu:<\/strong> Gefl\u00fcgel in Sahnesauce, Fisch, Schalentieren und Gem\u00fcsegerichten.<\/p>\n","protected":false},"excerpt":{"rendered":"<p>Degustationssnotiz: Ein reines, kristallines Zitronen-Limetten-Aroma im Glas. Das blumige Bouquet schwebt &#8211; wirklich k\u00f6stlich &#8211; mit Pfirsichnoten, die sich dahinter verbergen. Ein luxuri\u00f6ser Stil, aber mit so viel Zur\u00fcckhaltung und Eleganz. Ein wenig W\u00fcrze hebt den Abgang an. Alles ist hier in sch\u00f6ner Harmonie und bleibt mit mittlerer und l\u00e4ngerer L\u00e4nge erhalten. Passt gut zu: &#8230; <a href=\"https:\/\/magnusvinum.ch\/de\/shop\/weissweine\/vire-clesse-quintaine\/\" class=\"more-link\">Read More <span class=\"screen-reader-text\">about  Vir\u00e9-Cless\u00e9 &#8218;Quintaine&#8216;<\/span><\/a><\/p>\n","protected":false},"featured_media":23847,"template":"","meta":{"_genesis_hide_title":false,"_genesis_hide_breadcrumbs":false,"_genesis_hide_singular_image":false,"_genesis_hide_footer_widgets":false,"_genesis_custom_body_class":"","_genesis_custom_post_class":"","_genesis_layout":""},"product_brand":[802],"product_cat":[126],"product_tag":[776],"class_list":{"0":"post-23848","1":"product","2":"type-product","3":"status-publish","4":"has-post-thumbnail","6":"product_brand-guillemot-michel","7":"product_cat-weissweine","8":"product_tag-2022-de","9":"pa_appellation-vire-clesse-de","10":"pa_bottle-size-750ml-de","11":"pa_grape-variety-chardonnay-de","12":"pa_producer-domaine-guillemot-michel-de","13":"pa_region-maconnais-de","14":"pa_vintage-2022-de","15":"entry","17":"first","18":"instock","19":"taxable","20":"shipping-taxable","21":"purchasable","22":"product-type-simple"},"wooqr_code":"","_links":{"self":[{"href":"https:\/\/magnusvinum.ch\/de\/wp-json\/wp\/v2\/product\/23848","targetHints":{"allow":["GET"]}}],"collection":[{"href":"https:\/\/magnusvinum.ch\/de\/wp-json\/wp\/v2\/product"}],"about":[{"href":"https:\/\/magnusvinum.ch\/de\/wp-json\/wp\/v2\/types\/product"}],"wp:featuredmedia":[{"embeddable":true,"href":"https:\/\/magnusvinum.ch\/de\/wp-json\/wp\/v2\/media\/23847"}],"wp:attachment":[{"href":"https:\/\/magnusvinum.ch\/de\/wp-json\/wp\/v2\/media?parent=23848"}],"wp:term":[{"taxonomy":"product_brand","embeddable":true,"href":"https:\/\/magnusvinum.ch\/de\/wp-json\/wp\/v2\/product_brand?post=23848"},{"taxonomy":"product_cat","embeddable":true,"href":"https:\/\/magnusvinum.ch\/de\/wp-json\/wp\/v2\/product_cat?post=23848"},{"taxonomy":"product_tag","embeddable":true,"href":"https:\/\/magnusvinum.ch\/de\/wp-json\/wp\/v2\/product_tag?post=23848"}],"curies":[{"name":"wp","href":"https:\/\/api.w.org\/{rel}","templated":true}]}}