{"id":23833,"date":"2024-10-21T12:35:26","date_gmt":"2024-10-21T10:35:27","guid":{"rendered":"https:\/\/magnusvinum.ch\/?post_type=product&#038;p=23833"},"modified":"2025-03-05T19:24:41","modified_gmt":"2025-03-05T17:24:41","slug":"pernand-vergelesses-les-belles-filles-aoc-copy","status":"publish","type":"product","link":"https:\/\/magnusvinum.ch\/de\/shop\/weissweine\/pernand-vergelesses-les-belles-filles-aoc-copy\/","title":{"rendered":"Pernand-Vergelesses &#8218;Les Belles Filles&#8216; AOC"},"content":{"rendered":"<p><strong>Degustationsnotiz:<\/strong> In der Nase Zitrus und weisser Pfirsich. Der Gaumen ist straff und frisch mit gelb und weissen Fr\u00fcchten und einem salzig mineralischen Abgang. Trinken 2-7 Jahre ab Jahrgang. <strong>Passt gut zu:<\/strong> Passt hervorragend zu Omeletts oder R\u00fchrei, Ziegenk\u00e4se oder S\u00fcsswasserfisch mit Rahmsauce.<\/p>\n","protected":false},"excerpt":{"rendered":"<p>Degustationsnotiz: In der Nase Zitrus und weisser Pfirsich. Der Gaumen ist straff und frisch mit gelb und weissen Fr\u00fcchten und einem salzig mineralischen Abgang. Trinken 2-7 Jahre ab Jahrgang. Passt gut zu: Passt hervorragend zu Omeletts oder R\u00fchrei, Ziegenk\u00e4se oder S\u00fcsswasserfisch mit Rahmsauce.<\/p>\n","protected":false},"featured_media":23829,"template":"","meta":{"_genesis_hide_title":false,"_genesis_hide_breadcrumbs":false,"_genesis_hide_singular_image":false,"_genesis_hide_footer_widgets":false,"_genesis_custom_body_class":"","_genesis_custom_post_class":"","_genesis_layout":""},"product_brand":[790],"product_cat":[126],"product_tag":[776],"class_list":{"0":"post-23833","1":"product","2":"type-product","3":"status-publish","4":"has-post-thumbnail","6":"product_brand-pascal-clement","7":"product_cat-weissweine","8":"product_tag-2022-de","9":"pa_appellation-pernand-vergelesses-de","10":"pa_bottle-size-750ml-de","11":"pa_grape-variety-chardonnay-de","12":"pa_producer-pascal-clement-de","13":"pa_region-cote-de-beaune-de","14":"pa_vintage-2022-de","15":"entry","17":"first","18":"instock","19":"taxable","20":"shipping-taxable","21":"purchasable","22":"product-type-simple"},"wooqr_code":"","_links":{"self":[{"href":"https:\/\/magnusvinum.ch\/de\/wp-json\/wp\/v2\/product\/23833","targetHints":{"allow":["GET"]}}],"collection":[{"href":"https:\/\/magnusvinum.ch\/de\/wp-json\/wp\/v2\/product"}],"about":[{"href":"https:\/\/magnusvinum.ch\/de\/wp-json\/wp\/v2\/types\/product"}],"wp:featuredmedia":[{"embeddable":true,"href":"https:\/\/magnusvinum.ch\/de\/wp-json\/wp\/v2\/media\/23829"}],"wp:attachment":[{"href":"https:\/\/magnusvinum.ch\/de\/wp-json\/wp\/v2\/media?parent=23833"}],"wp:term":[{"taxonomy":"product_brand","embeddable":true,"href":"https:\/\/magnusvinum.ch\/de\/wp-json\/wp\/v2\/product_brand?post=23833"},{"taxonomy":"product_cat","embeddable":true,"href":"https:\/\/magnusvinum.ch\/de\/wp-json\/wp\/v2\/product_cat?post=23833"},{"taxonomy":"product_tag","embeddable":true,"href":"https:\/\/magnusvinum.ch\/de\/wp-json\/wp\/v2\/product_tag?post=23833"}],"curies":[{"name":"wp","href":"https:\/\/api.w.org\/{rel}","templated":true}]}}