{"id":23820,"date":"2024-10-09T14:41:50","date_gmt":"2024-10-09T12:41:50","guid":{"rendered":"https:\/\/magnusvinum.ch\/?post_type=product&#038;p=23820"},"modified":"2025-12-12T13:03:46","modified_gmt":"2025-12-12T11:03:46","slug":"special-club-brut-blanc-de-blancs-copy","status":"publish","type":"product","link":"https:\/\/magnusvinum.ch\/de\/shop\/schaumweine\/special-club-brut-blanc-de-blancs-copy\/","title":{"rendered":"Special Club Extra-Brut Blanc de Blancs"},"content":{"rendered":"<div><strong>Degustationsnotiz:<\/strong> Die Trauben stammen von alten Rebst\u00f6cken, \u00fcberwiegend aus den Grand-Cru-Gemeinden Cramant und Chouilly. Dieser Champagner verbindet Jahrgangscharakter mit extra Tiefe, Konzentration und L\u00e4nge. Eine Prestige-Cuv\u00e9e zum Vintage-Preis. <strong>Passt gut zu:<\/strong> Passt hervorragend zu Austern, Meeresfr\u00fcchten oder Gefl\u00fcgel.<\/div>\n","protected":false},"excerpt":{"rendered":"<p>Degustationsnotiz: Die Trauben stammen von alten Rebst\u00f6cken, \u00fcberwiegend aus den Grand-Cru-Gemeinden Cramant und Chouilly. Dieser Champagner verbindet Jahrgangscharakter mit extra Tiefe, Konzentration und L\u00e4nge. Eine Prestige-Cuv\u00e9e zum Vintage-Preis. Passt gut zu: Passt hervorragend zu Austern, Meeresfr\u00fcchten oder Gefl\u00fcgel.<\/p>\n","protected":false},"featured_media":22891,"template":"","meta":{"_genesis_hide_title":false,"_genesis_hide_breadcrumbs":false,"_genesis_hide_singular_image":false,"_genesis_hide_footer_widgets":false,"_genesis_custom_body_class":"","_genesis_custom_post_class":"","_genesis_layout":""},"product_brand":[795],"product_cat":[180],"product_tag":[183],"class_list":{"0":"post-23820","1":"product","2":"type-product","3":"status-publish","4":"has-post-thumbnail","6":"product_brand-pierre-gimonnet-et-fils","7":"product_cat-schaumweine","8":"product_tag-2017-de","9":"pa_appellation-champagne-de","10":"pa_bottle-size-750ml-de","11":"pa_grape-variety-chardonnay-de","12":"pa_producer-champagne-pierre-gimonnet-fils-de","13":"pa_region-champagne-cote-de-blancs-de","14":"pa_vintage-2017-de","15":"entry","17":"first","18":"instock","19":"taxable","20":"shipping-taxable","21":"purchasable","22":"product-type-simple"},"wooqr_code":"","_links":{"self":[{"href":"https:\/\/magnusvinum.ch\/de\/wp-json\/wp\/v2\/product\/23820","targetHints":{"allow":["GET"]}}],"collection":[{"href":"https:\/\/magnusvinum.ch\/de\/wp-json\/wp\/v2\/product"}],"about":[{"href":"https:\/\/magnusvinum.ch\/de\/wp-json\/wp\/v2\/types\/product"}],"wp:featuredmedia":[{"embeddable":true,"href":"https:\/\/magnusvinum.ch\/de\/wp-json\/wp\/v2\/media\/22891"}],"wp:attachment":[{"href":"https:\/\/magnusvinum.ch\/de\/wp-json\/wp\/v2\/media?parent=23820"}],"wp:term":[{"taxonomy":"product_brand","embeddable":true,"href":"https:\/\/magnusvinum.ch\/de\/wp-json\/wp\/v2\/product_brand?post=23820"},{"taxonomy":"product_cat","embeddable":true,"href":"https:\/\/magnusvinum.ch\/de\/wp-json\/wp\/v2\/product_cat?post=23820"},{"taxonomy":"product_tag","embeddable":true,"href":"https:\/\/magnusvinum.ch\/de\/wp-json\/wp\/v2\/product_tag?post=23820"}],"curies":[{"name":"wp","href":"https:\/\/api.w.org\/{rel}","templated":true}]}}