{"id":23269,"date":"2022-08-18T17:01:50","date_gmt":"2022-08-18T15:01:50","guid":{"rendered":"https:\/\/magnusvinum.ch\/?post_type=product&#038;p=23269"},"modified":"2022-09-01T13:10:38","modified_gmt":"2022-09-01T11:10:38","slug":"chassagne-montrachet-aoc-raritat-copy","status":"publish","type":"product","link":"https:\/\/magnusvinum.ch\/de\/shop\/weissweine\/chassagne-montrachet-aoc-raritat-copy\/","title":{"rendered":"Chassagne-Montrachet AOC (Rarit\u00e4t)"},"content":{"rendered":"<p><strong>Degustationsnotiz:<\/strong> Vom lieu-dit Pot Bois, der sich grad beim 1er Cru Les Caillerets befindet. Die Nase ist pr\u00e4sent und pr\u00e4zise mit Zitronen\u00f6l, Birne, weisser Nektarine, weissen Bl\u00fcten und nassen Steinen. Am Gaumen vollmundig und seidig mit einer grossen Konzentration von weissen Fr\u00fcchten und einer lebendigen S\u00e4ure, die Linie und L\u00e4nge gibt. Trinken Sie 2021-2032. <strong>Passt gut zu:<\/strong> Ideal zu h\u00f6chstem Wei\u00dffisch wie Steinbutt, aber auch zu Langoustine, Lobtser oder wei\u00dfem Fleisch mit Rahmsauce.<\/p>\n<p><strong>Aufgrund der extrem begrenzten Menge dieses Weins und der Nachfrage, die das Angebot bei weitem \u00fcbersteigt, ist dieser Wein nur zusammen mit dem Kauf anderer Weine aus unserem Sortiment erh\u00e4ltlich. Wir danken Ihnen f\u00fcr Ihr Verst\u00e4ndnis.<\/strong><\/p>\n","protected":false},"excerpt":{"rendered":"<p>Degustationsnotiz: Vom lieu-dit Pot Bois, der sich grad beim 1er Cru Les Caillerets befindet. Die Nase ist pr\u00e4sent und pr\u00e4zise mit Zitronen\u00f6l, Birne, weisser Nektarine, weissen Bl\u00fcten und nassen Steinen. Am Gaumen vollmundig und seidig mit einer grossen Konzentration von weissen Fr\u00fcchten und einer lebendigen S\u00e4ure, die Linie und L\u00e4nge gibt. Trinken Sie 2021-2032. Passt &#8230; <a href=\"https:\/\/magnusvinum.ch\/de\/shop\/weissweine\/chassagne-montrachet-aoc-raritat-copy\/\" class=\"more-link\">Read More <span class=\"screen-reader-text\">about  Chassagne-Montrachet AOC (Rarit\u00e4t)<\/span><\/a><\/p>\n","protected":false},"featured_media":19902,"template":"","meta":{"_genesis_hide_title":false,"_genesis_hide_breadcrumbs":false,"_genesis_hide_singular_image":false,"_genesis_hide_footer_widgets":false,"_genesis_custom_body_class":"","_genesis_custom_post_class":"","_genesis_layout":""},"product_brand":[],"product_cat":[126],"product_tag":[762],"class_list":{"0":"post-23269","1":"product","2":"type-product","3":"status-publish","4":"has-post-thumbnail","6":"product_cat-weissweine","7":"product_tag-2020-de-2","8":"pa_appellation-chassagne-montrachet-de","9":"pa_bottle-size-750ml-de","10":"pa_enquiry-only-ja","11":"pa_grape-variety-chardonnay-de","12":"pa_producer-domaine-lamy-caillat-de","13":"pa_region-cote-de-beaune-de","14":"pa_vintage-2020-de","15":"entry","17":"first","18":"instock","19":"taxable","20":"shipping-taxable","21":"purchasable","22":"product-type-simple"},"wooqr_code":"","_links":{"self":[{"href":"https:\/\/magnusvinum.ch\/de\/wp-json\/wp\/v2\/product\/23269","targetHints":{"allow":["GET"]}}],"collection":[{"href":"https:\/\/magnusvinum.ch\/de\/wp-json\/wp\/v2\/product"}],"about":[{"href":"https:\/\/magnusvinum.ch\/de\/wp-json\/wp\/v2\/types\/product"}],"wp:featuredmedia":[{"embeddable":true,"href":"https:\/\/magnusvinum.ch\/de\/wp-json\/wp\/v2\/media\/19902"}],"wp:attachment":[{"href":"https:\/\/magnusvinum.ch\/de\/wp-json\/wp\/v2\/media?parent=23269"}],"wp:term":[{"taxonomy":"product_brand","embeddable":true,"href":"https:\/\/magnusvinum.ch\/de\/wp-json\/wp\/v2\/product_brand?post=23269"},{"taxonomy":"product_cat","embeddable":true,"href":"https:\/\/magnusvinum.ch\/de\/wp-json\/wp\/v2\/product_cat?post=23269"},{"taxonomy":"product_tag","embeddable":true,"href":"https:\/\/magnusvinum.ch\/de\/wp-json\/wp\/v2\/product_tag?post=23269"}],"curies":[{"name":"wp","href":"https:\/\/api.w.org\/{rel}","templated":true}]}}