{"id":23242,"date":"2022-08-18T13:51:24","date_gmt":"2022-08-18T11:51:24","guid":{"rendered":"https:\/\/magnusvinum.ch\/?post_type=product&#038;p=23242"},"modified":"2025-03-05T22:25:49","modified_gmt":"2025-03-05T20:25:49","slug":"auxey-duresses-1er-cru-climat-du-val-aoc-3","status":"publish","type":"product","link":"https:\/\/magnusvinum.ch\/de\/shop\/rotweine\/auxey-duresses-1er-cru-climat-du-val-aoc-3\/","title":{"rendered":"Auxey-Duresses 1er Cru Climat du Val AOC"},"content":{"rendered":"<p><strong>Degustationsnotiz:<\/strong> Das &#8218;Climat du Val&#8216; ist das blumigste und offenste der 1er Crus chez Lafouge und zeigt Aromen von Veilchen, Rosenbl\u00e4ttern, Orangenbl\u00fcten, roten Fr\u00fcchten und Granatapfel. Der Gaumen ist super saftig und offen, mit seidig reifen Tanninen und w\u00fcrziger S\u00e4ure. Jetzt ein Genuss! Trinken Sie 2020-2035. <strong>Passt gut zu:\u00a0<\/strong>Gebratenen Wildv\u00f6geln oder einfach gegrilltem Lamm mit Gem\u00fcse.<\/p>\n","protected":false},"excerpt":{"rendered":"<p>Degustationsnotiz: Das &#8218;Climat du Val&#8216; ist das blumigste und offenste der 1er Crus chez Lafouge und zeigt Aromen von Veilchen, Rosenbl\u00e4ttern, Orangenbl\u00fcten, roten Fr\u00fcchten und Granatapfel. Der Gaumen ist super saftig und offen, mit seidig reifen Tanninen und w\u00fcrziger S\u00e4ure. Jetzt ein Genuss! Trinken Sie 2020-2035. Passt gut zu:\u00a0Gebratenen Wildv\u00f6geln oder einfach gegrilltem Lamm mit &#8230; <a href=\"https:\/\/magnusvinum.ch\/de\/shop\/rotweine\/auxey-duresses-1er-cru-climat-du-val-aoc-3\/\" class=\"more-link\">Read More <span class=\"screen-reader-text\">about  Auxey-Duresses 1er Cru Climat du Val AOC<\/span><\/a><\/p>\n","protected":false},"featured_media":22078,"template":"","meta":{"_genesis_hide_title":false,"_genesis_hide_breadcrumbs":false,"_genesis_hide_singular_image":false,"_genesis_hide_footer_widgets":false,"_genesis_custom_body_class":"","_genesis_custom_post_class":"","_genesis_layout":""},"product_brand":[811],"product_cat":[150],"product_tag":[762],"class_list":{"0":"post-23242","1":"product","2":"type-product","3":"status-publish","4":"has-post-thumbnail","6":"product_brand-lafouge-jean-gilles","7":"product_cat-rotweine","8":"product_tag-2020-de-2","9":"pa_appellation-auxey-duresses-1er-cru-de","10":"pa_bottle-size-750ml-de","11":"pa_grape-variety-pinot-noir-de","12":"pa_producer-domaine-lafouge-jean-gilles-de","13":"pa_region-cote-de-beaune-de","14":"pa_vintage-2020-de","15":"entry","17":"first","18":"outofstock","19":"taxable","20":"shipping-taxable","21":"purchasable","22":"product-type-simple"},"wooqr_code":"","_links":{"self":[{"href":"https:\/\/magnusvinum.ch\/de\/wp-json\/wp\/v2\/product\/23242","targetHints":{"allow":["GET"]}}],"collection":[{"href":"https:\/\/magnusvinum.ch\/de\/wp-json\/wp\/v2\/product"}],"about":[{"href":"https:\/\/magnusvinum.ch\/de\/wp-json\/wp\/v2\/types\/product"}],"wp:featuredmedia":[{"embeddable":true,"href":"https:\/\/magnusvinum.ch\/de\/wp-json\/wp\/v2\/media\/22078"}],"wp:attachment":[{"href":"https:\/\/magnusvinum.ch\/de\/wp-json\/wp\/v2\/media?parent=23242"}],"wp:term":[{"taxonomy":"product_brand","embeddable":true,"href":"https:\/\/magnusvinum.ch\/de\/wp-json\/wp\/v2\/product_brand?post=23242"},{"taxonomy":"product_cat","embeddable":true,"href":"https:\/\/magnusvinum.ch\/de\/wp-json\/wp\/v2\/product_cat?post=23242"},{"taxonomy":"product_tag","embeddable":true,"href":"https:\/\/magnusvinum.ch\/de\/wp-json\/wp\/v2\/product_tag?post=23242"}],"curies":[{"name":"wp","href":"https:\/\/api.w.org\/{rel}","templated":true}]}}