{"id":23166,"date":"2022-08-17T13:59:50","date_gmt":"2022-08-17T11:59:50","guid":{"rendered":"https:\/\/magnusvinum.ch\/?post_type=product&#038;p=23166"},"modified":"2025-11-04T00:53:50","modified_gmt":"2025-11-03T22:53:50","slug":"pommard-1er-cru-grands-epenots-aoc-2","status":"publish","type":"product","link":"https:\/\/magnusvinum.ch\/de\/shop\/rotweine\/pommard-1er-cru-grands-epenots-aoc-2\/","title":{"rendered":"Pommard 1er Cru Grands Epenots AOC"},"content":{"rendered":"<p><strong>Degustationsnotiz:<\/strong> Grands Epenots ist immer einer der elegantesten Weine in Pommard. Reife Kirschen, Veilchen, Rosenbl\u00e4tter, kandierte Orangenschalen und feine Gew\u00fcrze wehen aus dem Glas. Der Geschmack ist vielschichtig mit ausgezeichnetem F\u00fclle und Nachdruck, beh\u00e4lt aber dennoch seine Eleganz. Trinken Sie 2023-2040. <strong>Passt gut zu:<\/strong> Ein so besonderer Wein verdient ein besonderes Gericht. Gansbraten oder C\u00f4te de boeuf w\u00e4re gut!<\/p>\n","protected":false},"excerpt":{"rendered":"<p>Degustationsnotiz: Grands Epenots ist immer einer der elegantesten Weine in Pommard. Reife Kirschen, Veilchen, Rosenbl\u00e4tter, kandierte Orangenschalen und feine Gew\u00fcrze wehen aus dem Glas. Der Geschmack ist vielschichtig mit ausgezeichnetem F\u00fclle und Nachdruck, beh\u00e4lt aber dennoch seine Eleganz. Trinken Sie 2023-2040. Passt gut zu: Ein so besonderer Wein verdient ein besonderes Gericht. Gansbraten oder C\u00f4te &#8230; <a href=\"https:\/\/magnusvinum.ch\/de\/shop\/rotweine\/pommard-1er-cru-grands-epenots-aoc-2\/\" class=\"more-link\">Read More <span class=\"screen-reader-text\">about  Pommard 1er Cru Grands Epenots AOC<\/span><\/a><\/p>\n","protected":false},"featured_media":23156,"template":"","meta":{"_genesis_hide_title":false,"_genesis_hide_breadcrumbs":false,"_genesis_hide_singular_image":false,"_genesis_hide_footer_widgets":false,"_genesis_custom_body_class":"","_genesis_custom_post_class":"","_genesis_layout":""},"product_brand":[808],"product_cat":[150],"product_tag":[207],"class_list":{"0":"post-23166","1":"product","2":"type-product","3":"status-publish","4":"has-post-thumbnail","6":"product_brand-rebourgeon-mure","7":"product_cat-rotweine","8":"product_tag-2019-de","9":"pa_appellation-pommard-1er-cru-de","10":"pa_bottle-size-750ml-de","11":"pa_grape-variety-pinot-noir-de","12":"pa_producer-domaine-rebourgeon-mure-de","13":"pa_region-cote-de-beaune-de","14":"pa_vintage-2019-de","15":"entry","17":"first","18":"instock","19":"taxable","20":"shipping-taxable","21":"purchasable","22":"product-type-simple"},"wooqr_code":"","_links":{"self":[{"href":"https:\/\/magnusvinum.ch\/de\/wp-json\/wp\/v2\/product\/23166","targetHints":{"allow":["GET"]}}],"collection":[{"href":"https:\/\/magnusvinum.ch\/de\/wp-json\/wp\/v2\/product"}],"about":[{"href":"https:\/\/magnusvinum.ch\/de\/wp-json\/wp\/v2\/types\/product"}],"wp:featuredmedia":[{"embeddable":true,"href":"https:\/\/magnusvinum.ch\/de\/wp-json\/wp\/v2\/media\/23156"}],"wp:attachment":[{"href":"https:\/\/magnusvinum.ch\/de\/wp-json\/wp\/v2\/media?parent=23166"}],"wp:term":[{"taxonomy":"product_brand","embeddable":true,"href":"https:\/\/magnusvinum.ch\/de\/wp-json\/wp\/v2\/product_brand?post=23166"},{"taxonomy":"product_cat","embeddable":true,"href":"https:\/\/magnusvinum.ch\/de\/wp-json\/wp\/v2\/product_cat?post=23166"},{"taxonomy":"product_tag","embeddable":true,"href":"https:\/\/magnusvinum.ch\/de\/wp-json\/wp\/v2\/product_tag?post=23166"}],"curies":[{"name":"wp","href":"https:\/\/api.w.org\/{rel}","templated":true}]}}