{"id":23164,"date":"2022-08-17T13:57:02","date_gmt":"2022-08-17T12:00:32","guid":{"rendered":"https:\/\/magnusvinum.ch\/?post_type=product&#038;p=23164"},"modified":"2022-08-17T14:00:32","modified_gmt":"2022-08-17T12:00:32","slug":"pommard-1er-cru-clos-des-arvelets-aoc","status":"publish","type":"product","link":"https:\/\/magnusvinum.ch\/de\/shop\/rotweine\/pommard-1er-cru-clos-des-arvelets-aoc\/","title":{"rendered":"Pommard 1er Cru Clos des Arvelets AOC"},"content":{"rendered":"<p><strong>Deugstationsnotiz:<\/strong> In der Nase intensive Aromen nach reifen Erdbeeren, dunklen Himbeeren und Kirschen und ein Hauch von nassem Stein. Am Gaumen wieder Aromen von dunklen Beeren, roter Frucht und Kirschen, eine feine Mineralit\u00e4t und im Abgang ein wenig weisser Pfeffer und samtenes Tannin. <strong>Passt gut zu: <\/strong>Mit Entrecote vom Rind, gebratenem Gefl\u00fcgel oder kr\u00e4ftigeren K\u00e4sesorten wie Comt\u00e9 oder \u00c9poisses servieren.<\/p>\n","protected":false},"excerpt":{"rendered":"<p>Deugstationsnotiz: In der Nase intensive Aromen nach reifen Erdbeeren, dunklen Himbeeren und Kirschen und ein Hauch von nassem Stein. Am Gaumen wieder Aromen von dunklen Beeren, roter Frucht und Kirschen, eine feine Mineralit\u00e4t und im Abgang ein wenig weisser Pfeffer und samtenes Tannin. Passt gut zu: Mit Entrecote vom Rind, gebratenem Gefl\u00fcgel oder kr\u00e4ftigeren K\u00e4sesorten &#8230; <a href=\"https:\/\/magnusvinum.ch\/de\/shop\/rotweine\/pommard-1er-cru-clos-des-arvelets-aoc\/\" class=\"more-link\">Read More <span class=\"screen-reader-text\">about  Pommard 1er Cru Clos des Arvelets AOC<\/span><\/a><\/p>\n","protected":false},"featured_media":23151,"template":"","meta":{"_genesis_hide_title":false,"_genesis_hide_breadcrumbs":false,"_genesis_hide_singular_image":false,"_genesis_hide_footer_widgets":false,"_genesis_custom_body_class":"","_genesis_custom_post_class":"","_genesis_layout":""},"product_brand":[808],"product_cat":[150],"product_tag":[205],"class_list":{"0":"post-23164","1":"product","2":"type-product","3":"status-publish","4":"has-post-thumbnail","6":"product_brand-rebourgeon-mure","7":"product_cat-rotweine","8":"product_tag-2018-de","9":"pa_appellation-pommard-1er-cru-de","10":"pa_bottle-size-750ml-de","11":"pa_grape-variety-pinot-noir-de","12":"pa_producer-domaine-rebourgeon-mure-de","13":"pa_region-cote-de-beaune-de","14":"pa_vintage-2018-de","15":"entry","17":"first","18":"instock","19":"taxable","20":"shipping-taxable","21":"purchasable","22":"product-type-simple"},"wooqr_code":"","_links":{"self":[{"href":"https:\/\/magnusvinum.ch\/de\/wp-json\/wp\/v2\/product\/23164","targetHints":{"allow":["GET"]}}],"collection":[{"href":"https:\/\/magnusvinum.ch\/de\/wp-json\/wp\/v2\/product"}],"about":[{"href":"https:\/\/magnusvinum.ch\/de\/wp-json\/wp\/v2\/types\/product"}],"wp:featuredmedia":[{"embeddable":true,"href":"https:\/\/magnusvinum.ch\/de\/wp-json\/wp\/v2\/media\/23151"}],"wp:attachment":[{"href":"https:\/\/magnusvinum.ch\/de\/wp-json\/wp\/v2\/media?parent=23164"}],"wp:term":[{"taxonomy":"product_brand","embeddable":true,"href":"https:\/\/magnusvinum.ch\/de\/wp-json\/wp\/v2\/product_brand?post=23164"},{"taxonomy":"product_cat","embeddable":true,"href":"https:\/\/magnusvinum.ch\/de\/wp-json\/wp\/v2\/product_cat?post=23164"},{"taxonomy":"product_tag","embeddable":true,"href":"https:\/\/magnusvinum.ch\/de\/wp-json\/wp\/v2\/product_tag?post=23164"}],"curies":[{"name":"wp","href":"https:\/\/api.w.org\/{rel}","templated":true}]}}