{"id":23144,"date":"2022-08-17T13:29:02","date_gmt":"2022-08-17T11:29:02","guid":{"rendered":"https:\/\/magnusvinum.ch\/?post_type=product&#038;p=23144"},"modified":"2022-08-17T13:31:51","modified_gmt":"2022-08-17T11:31:51","slug":"savigny-les-beaune-1er-cru-gravains-aoc-2","status":"publish","type":"product","link":"https:\/\/magnusvinum.ch\/de\/shop\/rotweine\/savigny-les-beaune-1er-cru-gravains-aoc-2\/","title":{"rendered":"Savigny-l\u00e8s-Beaune 1er Cru Gravains AOC"},"content":{"rendered":"<p><strong>Degustationsnotiz:<\/strong> In der Nase Aromen von schwarzen und roten Johannisbeeren, Himbeeren, schwarzen Kirschen, dunkler Schokolade und ein wenig Pflaume. Am Gaumen eine kr\u00e4ftige Struktur und feines Tannin, dann wieder viel dunkle Frucht zusammen mit Veilchen und Gew\u00fcrzen. Der Wein hat eine sehr sch\u00f6ne Konzentration und endet mit einem langen, aromatischen Abgang.\u00a0<strong>Passt gut zu:<\/strong> Gebratenem Wildgefl\u00fcgel oder einfach zu gegrilltem Kalbfleisch mit Gem\u00fcse.<\/p>\n","protected":false},"excerpt":{"rendered":"<p>Degustationsnotiz: In der Nase Aromen von schwarzen und roten Johannisbeeren, Himbeeren, schwarzen Kirschen, dunkler Schokolade und ein wenig Pflaume. Am Gaumen eine kr\u00e4ftige Struktur und feines Tannin, dann wieder viel dunkle Frucht zusammen mit Veilchen und Gew\u00fcrzen. Der Wein hat eine sehr sch\u00f6ne Konzentration und endet mit einem langen, aromatischen Abgang.\u00a0Passt gut zu: Gebratenem Wildgefl\u00fcgel &#8230; <a href=\"https:\/\/magnusvinum.ch\/de\/shop\/rotweine\/savigny-les-beaune-1er-cru-gravains-aoc-2\/\" class=\"more-link\">Read More <span class=\"screen-reader-text\">about  Savigny-l\u00e8s-Beaune 1er Cru Gravains AOC<\/span><\/a><\/p>\n","protected":false},"featured_media":23125,"template":"","meta":{"_genesis_hide_title":false,"_genesis_hide_breadcrumbs":false,"_genesis_hide_singular_image":false,"_genesis_hide_footer_widgets":false,"_genesis_custom_body_class":"","_genesis_custom_post_class":"","_genesis_layout":""},"product_brand":[810],"product_cat":[150],"product_tag":[207],"class_list":{"0":"post-23144","1":"product","2":"type-product","3":"status-publish","4":"has-post-thumbnail","6":"product_brand-pierre-guillemot","7":"product_cat-rotweine","8":"product_tag-2019-de","9":"pa_appellation-savigny-les-beaune-1er-cru-de","10":"pa_bottle-size-750ml-de","11":"pa_grape-variety-pinot-noir-de","12":"pa_producer-domaine-pierre-guillemot-de","13":"pa_region-cote-de-beaune-de","14":"pa_vintage-2019-de","15":"entry","17":"first","18":"instock","19":"taxable","20":"shipping-taxable","21":"purchasable","22":"product-type-simple"},"wooqr_code":"","_links":{"self":[{"href":"https:\/\/magnusvinum.ch\/de\/wp-json\/wp\/v2\/product\/23144","targetHints":{"allow":["GET"]}}],"collection":[{"href":"https:\/\/magnusvinum.ch\/de\/wp-json\/wp\/v2\/product"}],"about":[{"href":"https:\/\/magnusvinum.ch\/de\/wp-json\/wp\/v2\/types\/product"}],"wp:featuredmedia":[{"embeddable":true,"href":"https:\/\/magnusvinum.ch\/de\/wp-json\/wp\/v2\/media\/23125"}],"wp:attachment":[{"href":"https:\/\/magnusvinum.ch\/de\/wp-json\/wp\/v2\/media?parent=23144"}],"wp:term":[{"taxonomy":"product_brand","embeddable":true,"href":"https:\/\/magnusvinum.ch\/de\/wp-json\/wp\/v2\/product_brand?post=23144"},{"taxonomy":"product_cat","embeddable":true,"href":"https:\/\/magnusvinum.ch\/de\/wp-json\/wp\/v2\/product_cat?post=23144"},{"taxonomy":"product_tag","embeddable":true,"href":"https:\/\/magnusvinum.ch\/de\/wp-json\/wp\/v2\/product_tag?post=23144"}],"curies":[{"name":"wp","href":"https:\/\/api.w.org\/{rel}","templated":true}]}}