{"id":23136,"date":"2022-08-17T13:14:42","date_gmt":"2022-08-17T11:16:50","guid":{"rendered":"https:\/\/magnusvinum.ch\/?post_type=product&#038;p=23136"},"modified":"2022-08-17T13:16:50","modified_gmt":"2022-08-17T11:16:50","slug":"corton-grand-cru-le-rognet-et-corton-aoc","status":"publish","type":"product","link":"https:\/\/magnusvinum.ch\/de\/shop\/rotweine\/corton-grand-cru-le-rognet-et-corton-aoc\/","title":{"rendered":"Corton Grand Cru &#8218;Le Rognet et Corton&#8216; AOC"},"content":{"rendered":"<p><strong>Degustationsnotiz:<\/strong> In der Nase Aromen von Kirschen, Walderdbeeren, Pflaumen und Schlehen, die sich mit leicht rauchigen Noten und Waldboden vermischen. Am Gaumen eine sehr lebendige S\u00e4ure und sehr konzentrierte Frucht, Aromen von dunklen Kirschen, Walderdbeeren, gew\u00fcrzten Pflaumen, Rauch und frischer Erde. <strong>Passt gut zu:<\/strong> Ein so besonderer Wein verdient ein besonderes Gericht. G\u00e4nsebraten oder C\u00f4te de Boeuf w\u00fcrden gut passen!<\/p>\n","protected":false},"excerpt":{"rendered":"<p>Degustationsnotiz: In der Nase Aromen von Kirschen, Walderdbeeren, Pflaumen und Schlehen, die sich mit leicht rauchigen Noten und Waldboden vermischen. Am Gaumen eine sehr lebendige S\u00e4ure und sehr konzentrierte Frucht, Aromen von dunklen Kirschen, Walderdbeeren, gew\u00fcrzten Pflaumen, Rauch und frischer Erde. Passt gut zu: Ein so besonderer Wein verdient ein besonderes Gericht. G\u00e4nsebraten oder C\u00f4te &#8230; <a href=\"https:\/\/magnusvinum.ch\/de\/shop\/rotweine\/corton-grand-cru-le-rognet-et-corton-aoc\/\" class=\"more-link\">Read More <span class=\"screen-reader-text\">about  Corton Grand Cru &#8218;Le Rognet et Corton&#8216; AOC<\/span><\/a><\/p>\n","protected":false},"featured_media":23123,"template":"","meta":{"_genesis_hide_title":false,"_genesis_hide_breadcrumbs":false,"_genesis_hide_singular_image":false,"_genesis_hide_footer_widgets":false,"_genesis_custom_body_class":"","_genesis_custom_post_class":"","_genesis_layout":""},"product_brand":[],"product_cat":[150],"product_tag":[207],"class_list":{"0":"post-23136","1":"product","2":"type-product","3":"status-publish","4":"has-post-thumbnail","6":"product_cat-rotweine","7":"product_tag-2019-de","8":"pa_appellation-corton-de","9":"pa_bottle-size-750ml-de","10":"pa_grape-variety-pinot-noir-de","11":"pa_producer-domaine-pierre-guillemot-de","12":"pa_region-cote-de-beaune-de","13":"pa_vintage-2019-de","14":"entry","16":"first","17":"instock","18":"taxable","19":"shipping-taxable","20":"purchasable","21":"product-type-simple"},"wooqr_code":"","_links":{"self":[{"href":"https:\/\/magnusvinum.ch\/de\/wp-json\/wp\/v2\/product\/23136","targetHints":{"allow":["GET"]}}],"collection":[{"href":"https:\/\/magnusvinum.ch\/de\/wp-json\/wp\/v2\/product"}],"about":[{"href":"https:\/\/magnusvinum.ch\/de\/wp-json\/wp\/v2\/types\/product"}],"wp:featuredmedia":[{"embeddable":true,"href":"https:\/\/magnusvinum.ch\/de\/wp-json\/wp\/v2\/media\/23123"}],"wp:attachment":[{"href":"https:\/\/magnusvinum.ch\/de\/wp-json\/wp\/v2\/media?parent=23136"}],"wp:term":[{"taxonomy":"product_brand","embeddable":true,"href":"https:\/\/magnusvinum.ch\/de\/wp-json\/wp\/v2\/product_brand?post=23136"},{"taxonomy":"product_cat","embeddable":true,"href":"https:\/\/magnusvinum.ch\/de\/wp-json\/wp\/v2\/product_cat?post=23136"},{"taxonomy":"product_tag","embeddable":true,"href":"https:\/\/magnusvinum.ch\/de\/wp-json\/wp\/v2\/product_tag?post=23136"}],"curies":[{"name":"wp","href":"https:\/\/api.w.org\/{rel}","templated":true}]}}