{"id":23102,"date":"2022-08-16T16:36:28","date_gmt":"2022-08-16T14:36:28","guid":{"rendered":"https:\/\/magnusvinum.ch\/?post_type=product&#038;p=23102"},"modified":"2025-03-04T18:41:42","modified_gmt":"2025-03-04T16:41:42","slug":"pernand-vergelesses-1er-cru-sous-fretille-aoc-4","status":"publish","type":"product","link":"https:\/\/magnusvinum.ch\/de\/shop\/weissweine\/pernand-vergelesses-1er-cru-sous-fretille-aoc-4\/","title":{"rendered":"Pernand-Vergelesses 1er Cru Sous Fr\u00e9tille AOC"},"content":{"rendered":"<p><strong>Degustationsnotiz:<\/strong> In der Nase Limettenbl\u00fcten und weisser Pfirsich. Der Gaumen ist straff und frisch mit gr\u00fcnen und weissen Fr\u00fcchten und einem langen mineralischen Abgang. Trinken 3-13 Jahre ab Jahrgang. <strong>Passt gut zu:<\/strong> Passt hervorragend zu Omeletts oder R\u00fchrei, Ziegenk\u00e4se oder S\u00fcsswasserfisch mit Rahmsauce.<\/p>\n","protected":false},"excerpt":{"rendered":"<p>Degustationsnotiz: In der Nase Limettenbl\u00fcten und weisser Pfirsich. Der Gaumen ist straff und frisch mit gr\u00fcnen und weissen Fr\u00fcchten und einem langen mineralischen Abgang. Trinken 3-13 Jahre ab Jahrgang. Passt gut zu: Passt hervorragend zu Omeletts oder R\u00fchrei, Ziegenk\u00e4se oder S\u00fcsswasserfisch mit Rahmsauce.<\/p>\n","protected":false},"featured_media":22054,"template":"","meta":{"_genesis_hide_title":false,"_genesis_hide_breadcrumbs":false,"_genesis_hide_singular_image":false,"_genesis_hide_footer_widgets":false,"_genesis_custom_body_class":"","_genesis_custom_post_class":"","_genesis_layout":""},"product_brand":[790],"product_cat":[126],"product_tag":[762],"class_list":{"0":"post-23102","1":"product","2":"type-product","3":"status-publish","4":"has-post-thumbnail","6":"product_brand-pascal-clement","7":"product_cat-weissweine","8":"product_tag-2020-de-2","9":"pa_appellation-pernand-vergelesses-1er-cru-de","10":"pa_bottle-size-750ml-de","11":"pa_grape-variety-chardonnay-de","12":"pa_producer-pascal-clement-de","13":"pa_region-cote-de-beaune-de","14":"pa_vintage-2020-de","15":"entry","17":"first","18":"instock","19":"taxable","20":"shipping-taxable","21":"purchasable","22":"product-type-simple"},"wooqr_code":"","_links":{"self":[{"href":"https:\/\/magnusvinum.ch\/de\/wp-json\/wp\/v2\/product\/23102","targetHints":{"allow":["GET"]}}],"collection":[{"href":"https:\/\/magnusvinum.ch\/de\/wp-json\/wp\/v2\/product"}],"about":[{"href":"https:\/\/magnusvinum.ch\/de\/wp-json\/wp\/v2\/types\/product"}],"wp:featuredmedia":[{"embeddable":true,"href":"https:\/\/magnusvinum.ch\/de\/wp-json\/wp\/v2\/media\/22054"}],"wp:attachment":[{"href":"https:\/\/magnusvinum.ch\/de\/wp-json\/wp\/v2\/media?parent=23102"}],"wp:term":[{"taxonomy":"product_brand","embeddable":true,"href":"https:\/\/magnusvinum.ch\/de\/wp-json\/wp\/v2\/product_brand?post=23102"},{"taxonomy":"product_cat","embeddable":true,"href":"https:\/\/magnusvinum.ch\/de\/wp-json\/wp\/v2\/product_cat?post=23102"},{"taxonomy":"product_tag","embeddable":true,"href":"https:\/\/magnusvinum.ch\/de\/wp-json\/wp\/v2\/product_tag?post=23102"}],"curies":[{"name":"wp","href":"https:\/\/api.w.org\/{rel}","templated":true}]}}