{"id":23081,"date":"2022-08-16T12:28:20","date_gmt":"2022-08-16T10:28:20","guid":{"rendered":"https:\/\/magnusvinum.ch\/?post_type=product&#038;p=23081"},"modified":"2025-03-05T20:38:23","modified_gmt":"2025-03-05T18:38:23","slug":"cote-de-nuits-villages-les-retraits-aoc-2","status":"publish","type":"product","link":"https:\/\/magnusvinum.ch\/de\/shop\/rotweine\/cote-de-nuits-villages-les-retraits-aoc-2\/","title":{"rendered":"C\u00f4te de Nuits Villages &#8218;Les Retraits&#8216; AOC"},"content":{"rendered":"<p><strong>Degustationsnotiz:<\/strong> In der Nase Aromen von verschiedenen Beerenfr\u00fcchten sowie leichte blumige Noten, die von feinen Gew\u00fcrzen untermalt werden. Am Gaumen weiche Tannine und Aromen von konzentrierten roten Fr\u00fcchten und subtilen Gew\u00fcrzen. <strong>Passt gut zu:<\/strong>\u00a0Entrec\u00f4te mit gegrilltem Gem\u00fcse oder Hartk\u00e4se.<\/p>\n","protected":false},"excerpt":{"rendered":"<p>Degustationsnotiz: In der Nase Aromen von verschiedenen Beerenfr\u00fcchten sowie leichte blumige Noten, die von feinen Gew\u00fcrzen untermalt werden. Am Gaumen weiche Tannine und Aromen von konzentrierten roten Fr\u00fcchten und subtilen Gew\u00fcrzen. Passt gut zu:\u00a0Entrec\u00f4te mit gegrilltem Gem\u00fcse oder Hartk\u00e4se.<\/p>\n","protected":false},"featured_media":23060,"template":"","meta":{"_genesis_hide_title":false,"_genesis_hide_breadcrumbs":false,"_genesis_hide_singular_image":false,"_genesis_hide_footer_widgets":false,"_genesis_custom_body_class":"","_genesis_custom_post_class":"","_genesis_layout":""},"product_brand":[798],"product_cat":[150],"product_tag":[762],"class_list":{"0":"post-23081","1":"product","2":"type-product","3":"status-publish","4":"has-post-thumbnail","6":"product_brand-camille-thiriet","7":"product_cat-rotweine","8":"product_tag-2020-de-2","9":"pa_appellation-cote-de-nuits-villages-de","10":"pa_bottle-size-750ml-de","11":"pa_enquiry-only-ja","12":"pa_grape-variety-pinot-noir-de","13":"pa_producer-camille-thiriet-de","14":"pa_region-cote-de-nuits-de","15":"pa_vintage-2020-de","16":"entry","18":"first","19":"instock","20":"taxable","21":"shipping-taxable","22":"purchasable","23":"product-type-simple"},"wooqr_code":"","_links":{"self":[{"href":"https:\/\/magnusvinum.ch\/de\/wp-json\/wp\/v2\/product\/23081","targetHints":{"allow":["GET"]}}],"collection":[{"href":"https:\/\/magnusvinum.ch\/de\/wp-json\/wp\/v2\/product"}],"about":[{"href":"https:\/\/magnusvinum.ch\/de\/wp-json\/wp\/v2\/types\/product"}],"wp:featuredmedia":[{"embeddable":true,"href":"https:\/\/magnusvinum.ch\/de\/wp-json\/wp\/v2\/media\/23060"}],"wp:attachment":[{"href":"https:\/\/magnusvinum.ch\/de\/wp-json\/wp\/v2\/media?parent=23081"}],"wp:term":[{"taxonomy":"product_brand","embeddable":true,"href":"https:\/\/magnusvinum.ch\/de\/wp-json\/wp\/v2\/product_brand?post=23081"},{"taxonomy":"product_cat","embeddable":true,"href":"https:\/\/magnusvinum.ch\/de\/wp-json\/wp\/v2\/product_cat?post=23081"},{"taxonomy":"product_tag","embeddable":true,"href":"https:\/\/magnusvinum.ch\/de\/wp-json\/wp\/v2\/product_tag?post=23081"}],"curies":[{"name":"wp","href":"https:\/\/api.w.org\/{rel}","templated":true}]}}