{"id":23010,"date":"2022-08-05T15:29:24","date_gmt":"2022-08-05T13:29:24","guid":{"rendered":"https:\/\/magnusvinum.ch\/?post_type=product&#038;p=23010"},"modified":"2024-03-28T12:56:56","modified_gmt":"2024-03-28T10:56:56","slug":"marsannay-clos-de-jeu","status":"publish","type":"product","link":"https:\/\/magnusvinum.ch\/de\/shop\/rotweine\/marsannay-clos-de-jeu\/","title":{"rendered":"Marsannay &#8218;Clos de Jeu&#8216; AOC"},"content":{"rendered":"<p><strong>Degustationsnotiz:<\/strong> Ein klassischer Burgunder mit subtilen Noten von roten Johannisbeeren, Himbeeren, Pflaumen und Kirschen. Am Gaumen ist er kraftvoll mit Aromen von roten Kirschen und Waldbeeren, mit samtigen Tanninen und einem erfrischenden, langen Abgang mit Ankl\u00e4ngen von Orangenschalen und ausdrucksstarker Mineralit\u00e4t. <strong>Passt gut zu:<\/strong> Einfach gegrilltem Kalbfleisch oder Lammkoteletts mit gegrilltem Gem\u00fcse.<\/p>\n","protected":false},"excerpt":{"rendered":"<p>Degustationsnotiz: Ein klassischer Burgunder mit subtilen Noten von roten Johannisbeeren, Himbeeren, Pflaumen und Kirschen. Am Gaumen ist er kraftvoll mit Aromen von roten Kirschen und Waldbeeren, mit samtigen Tanninen und einem erfrischenden, langen Abgang mit Ankl\u00e4ngen von Orangenschalen und ausdrucksstarker Mineralit\u00e4t. Passt gut zu: Einfach gegrilltem Kalbfleisch oder Lammkoteletts mit gegrilltem Gem\u00fcse.<\/p>\n","protected":false},"featured_media":22934,"template":"","meta":{"_genesis_hide_title":false,"_genesis_hide_breadcrumbs":false,"_genesis_hide_singular_image":false,"_genesis_hide_footer_widgets":false,"_genesis_custom_body_class":"","_genesis_custom_post_class":"","_genesis_layout":""},"product_brand":[],"product_cat":[150],"product_tag":[183],"class_list":{"0":"post-23010","1":"product","2":"type-product","3":"status-publish","4":"has-post-thumbnail","6":"product_cat-rotweine","7":"product_tag-2017-de","8":"pa_appellation-marsannay-de","9":"pa_bottle-size-750ml-de","10":"pa_grape-variety-pinot-noir-de","11":"pa_producer-domaine-charles-audoin-de","12":"pa_region-cote-de-nuits-de","13":"pa_vintage-2017-de","14":"entry","16":"first","17":"instock","18":"taxable","19":"shipping-taxable","20":"purchasable","21":"product-type-simple"},"wooqr_code":"","_links":{"self":[{"href":"https:\/\/magnusvinum.ch\/de\/wp-json\/wp\/v2\/product\/23010","targetHints":{"allow":["GET"]}}],"collection":[{"href":"https:\/\/magnusvinum.ch\/de\/wp-json\/wp\/v2\/product"}],"about":[{"href":"https:\/\/magnusvinum.ch\/de\/wp-json\/wp\/v2\/types\/product"}],"wp:featuredmedia":[{"embeddable":true,"href":"https:\/\/magnusvinum.ch\/de\/wp-json\/wp\/v2\/media\/22934"}],"wp:attachment":[{"href":"https:\/\/magnusvinum.ch\/de\/wp-json\/wp\/v2\/media?parent=23010"}],"wp:term":[{"taxonomy":"product_brand","embeddable":true,"href":"https:\/\/magnusvinum.ch\/de\/wp-json\/wp\/v2\/product_brand?post=23010"},{"taxonomy":"product_cat","embeddable":true,"href":"https:\/\/magnusvinum.ch\/de\/wp-json\/wp\/v2\/product_cat?post=23010"},{"taxonomy":"product_tag","embeddable":true,"href":"https:\/\/magnusvinum.ch\/de\/wp-json\/wp\/v2\/product_tag?post=23010"}],"curies":[{"name":"wp","href":"https:\/\/api.w.org\/{rel}","templated":true}]}}