{"id":23008,"date":"2022-08-05T15:29:21","date_gmt":"2022-08-05T13:29:21","guid":{"rendered":"https:\/\/magnusvinum.ch\/?post_type=product&#038;p=23008"},"modified":"2024-10-24T16:28:46","modified_gmt":"2024-10-24T14:28:46","slug":"marsannay-clos-du-roy-2","status":"publish","type":"product","link":"https:\/\/magnusvinum.ch\/de\/shop\/rotweine\/marsannay-clos-du-roy-2\/","title":{"rendered":"Marsannay &#8218;Clos du Roy&#8216; AOC"},"content":{"rendered":"<p class=\"p1\"><strong>Degustationsnotiz:<\/strong> Ein ausdrucksstarker Pinot Noir mit Noten von roten Beeren und dunkler Kirsche in der Nase. Geschmeidig und sehr ausgewogen am Gaumen mit Aromen von Waldbeeren und Heidelbeeren und Ankl\u00e4ngen von getrockneten Kr\u00e4utern mit einer sch\u00f6nen L\u00e4nge und einem mineralischen Abgang. <strong>Passt gut zu:<\/strong> Einfach gegrillte Lammkoteletts oder Steak mit gegrilltem Gem\u00fcse.<\/p>\n","protected":false},"excerpt":{"rendered":"<p>Degustationsnotiz: Ein ausdrucksstarker Pinot Noir mit Noten von roten Beeren und dunkler Kirsche in der Nase. Geschmeidig und sehr ausgewogen am Gaumen mit Aromen von Waldbeeren und Heidelbeeren und Ankl\u00e4ngen von getrockneten Kr\u00e4utern mit einer sch\u00f6nen L\u00e4nge und einem mineralischen Abgang. Passt gut zu: Einfach gegrillte Lammkoteletts oder Steak mit gegrilltem Gem\u00fcse.<\/p>\n","protected":false},"featured_media":22939,"template":"","meta":{"_genesis_hide_title":false,"_genesis_hide_breadcrumbs":false,"_genesis_hide_singular_image":false,"_genesis_hide_footer_widgets":false,"_genesis_custom_body_class":"","_genesis_custom_post_class":"","_genesis_layout":""},"product_brand":[],"product_cat":[150],"product_tag":[183],"class_list":{"0":"post-23008","1":"product","2":"type-product","3":"status-publish","4":"has-post-thumbnail","6":"product_cat-rotweine","7":"product_tag-2017-de","8":"pa_appellation-marsannay-de","9":"pa_bottle-size-750ml-de","10":"pa_grape-variety-pinot-noir-de","11":"pa_producer-domaine-charles-audoin-de","12":"pa_region-cote-de-nuits-de","13":"pa_vintage-2017-de","14":"entry","16":"first","17":"outofstock","18":"taxable","19":"shipping-taxable","20":"purchasable","21":"product-type-simple"},"wooqr_code":"","_links":{"self":[{"href":"https:\/\/magnusvinum.ch\/de\/wp-json\/wp\/v2\/product\/23008","targetHints":{"allow":["GET"]}}],"collection":[{"href":"https:\/\/magnusvinum.ch\/de\/wp-json\/wp\/v2\/product"}],"about":[{"href":"https:\/\/magnusvinum.ch\/de\/wp-json\/wp\/v2\/types\/product"}],"wp:featuredmedia":[{"embeddable":true,"href":"https:\/\/magnusvinum.ch\/de\/wp-json\/wp\/v2\/media\/22939"}],"wp:attachment":[{"href":"https:\/\/magnusvinum.ch\/de\/wp-json\/wp\/v2\/media?parent=23008"}],"wp:term":[{"taxonomy":"product_brand","embeddable":true,"href":"https:\/\/magnusvinum.ch\/de\/wp-json\/wp\/v2\/product_brand?post=23008"},{"taxonomy":"product_cat","embeddable":true,"href":"https:\/\/magnusvinum.ch\/de\/wp-json\/wp\/v2\/product_cat?post=23008"},{"taxonomy":"product_tag","embeddable":true,"href":"https:\/\/magnusvinum.ch\/de\/wp-json\/wp\/v2\/product_tag?post=23008"}],"curies":[{"name":"wp","href":"https:\/\/api.w.org\/{rel}","templated":true}]}}