{"id":23006,"date":"2022-08-05T15:29:15","date_gmt":"2022-08-05T13:29:15","guid":{"rendered":"https:\/\/magnusvinum.ch\/?post_type=product&#038;p=23006"},"modified":"2025-12-26T13:02:03","modified_gmt":"2025-12-26T11:02:03","slug":"marsannay-les-favieres","status":"publish","type":"product","link":"https:\/\/magnusvinum.ch\/de\/shop\/rotweine\/marsannay-les-favieres\/","title":{"rendered":"Marsannay &#8218;Les Favi\u00e8res&#8216; AOC"},"content":{"rendered":"<p class=\"p1\"><strong>Degustationsnotiz:<\/strong> In der Nase zeigt der Wein intensive Beeren- und Pflaumennoten, die sich mit Gew\u00fcrznoten vermischen. Am Gaumen ist er tief und konzentriert mit Aromen von schwarzen Beeren, festen Tanninen und einem langen Abgang mit gro\u00dfer Mineralit\u00e4t und Noten von Kakao und mildem Tabak. <strong>Passt gut zu:<\/strong> Brath\u00e4hnchen, Schweinefleisch, Kalbfleisch oder Pilzgerichten.<\/p>\n","protected":false},"excerpt":{"rendered":"<p>Degustationsnotiz: In der Nase zeigt der Wein intensive Beeren- und Pflaumennoten, die sich mit Gew\u00fcrznoten vermischen. Am Gaumen ist er tief und konzentriert mit Aromen von schwarzen Beeren, festen Tanninen und einem langen Abgang mit gro\u00dfer Mineralit\u00e4t und Noten von Kakao und mildem Tabak. Passt gut zu: Brath\u00e4hnchen, Schweinefleisch, Kalbfleisch oder Pilzgerichten.<\/p>\n","protected":false},"featured_media":22941,"template":"","meta":{"_genesis_hide_title":false,"_genesis_hide_breadcrumbs":false,"_genesis_hide_singular_image":false,"_genesis_hide_footer_widgets":false,"_genesis_custom_body_class":"","_genesis_custom_post_class":"","_genesis_layout":""},"product_brand":[],"product_cat":[150],"product_tag":[183],"class_list":{"0":"post-23006","1":"product","2":"type-product","3":"status-publish","4":"has-post-thumbnail","6":"product_cat-rotweine","7":"product_tag-2017-de","8":"pa_appellation-marsannay-de","9":"pa_bottle-size-750ml-de","10":"pa_grape-variety-pinot-noir-de","11":"pa_producer-domaine-charles-audoin-de","12":"pa_region-cote-de-nuits-de","13":"pa_vintage-2017-de","14":"entry","16":"first","17":"instock","18":"taxable","19":"shipping-taxable","20":"purchasable","21":"product-type-simple"},"wooqr_code":"","_links":{"self":[{"href":"https:\/\/magnusvinum.ch\/de\/wp-json\/wp\/v2\/product\/23006","targetHints":{"allow":["GET"]}}],"collection":[{"href":"https:\/\/magnusvinum.ch\/de\/wp-json\/wp\/v2\/product"}],"about":[{"href":"https:\/\/magnusvinum.ch\/de\/wp-json\/wp\/v2\/types\/product"}],"wp:featuredmedia":[{"embeddable":true,"href":"https:\/\/magnusvinum.ch\/de\/wp-json\/wp\/v2\/media\/22941"}],"wp:attachment":[{"href":"https:\/\/magnusvinum.ch\/de\/wp-json\/wp\/v2\/media?parent=23006"}],"wp:term":[{"taxonomy":"product_brand","embeddable":true,"href":"https:\/\/magnusvinum.ch\/de\/wp-json\/wp\/v2\/product_brand?post=23006"},{"taxonomy":"product_cat","embeddable":true,"href":"https:\/\/magnusvinum.ch\/de\/wp-json\/wp\/v2\/product_cat?post=23006"},{"taxonomy":"product_tag","embeddable":true,"href":"https:\/\/magnusvinum.ch\/de\/wp-json\/wp\/v2\/product_tag?post=23006"}],"curies":[{"name":"wp","href":"https:\/\/api.w.org\/{rel}","templated":true}]}}