{"id":22970,"date":"2022-07-11T16:40:54","date_gmt":"2022-07-11T14:40:54","guid":{"rendered":"https:\/\/magnusvinum.ch\/?post_type=product&#038;p=22970"},"modified":"2025-03-06T00:11:12","modified_gmt":"2025-03-05T22:11:12","slug":"macon-cruzille-les-perrieres-aoc-2","status":"publish","type":"product","link":"https:\/\/magnusvinum.ch\/de\/shop\/weissweine\/macon-cruzille-les-perrieres-aoc-2\/","title":{"rendered":"M\u00e2con-Cruzille &#8218;Les Perri\u00e8res&#8216; AOC"},"content":{"rendered":"<p><strong>Degustationsnotiz:<\/strong> In der Nase Aromen von Zitronenschalen, Anjou-Birnen, Mandeln und wei\u00dfen Bl\u00fcten. Am Gaumen dann kalkhaltiger Extrakt mit erfrischender S\u00e4ure und Aromen von Zitrusfr\u00fcchten, weissen Blumen, gelbem Apfel und reifer Birne. Der Abgang ist leicht salzig mit Noten von Muskatnuss. <strong>Passt gut zu:<\/strong> Edelfisch wie Steinbutt, aber auch zu Languste, Hummer oder weissem Fleisch mit Rahmsauce.<\/p>\n","protected":false},"excerpt":{"rendered":"<p>Degustationsnotiz: In der Nase Aromen von Zitronenschalen, Anjou-Birnen, Mandeln und wei\u00dfen Bl\u00fcten. Am Gaumen dann kalkhaltiger Extrakt mit erfrischender S\u00e4ure und Aromen von Zitrusfr\u00fcchten, weissen Blumen, gelbem Apfel und reifer Birne. Der Abgang ist leicht salzig mit Noten von Muskatnuss. Passt gut zu: Edelfisch wie Steinbutt, aber auch zu Languste, Hummer oder weissem Fleisch mit &#8230; <a href=\"https:\/\/magnusvinum.ch\/de\/shop\/weissweine\/macon-cruzille-les-perrieres-aoc-2\/\" class=\"more-link\">Read More <span class=\"screen-reader-text\">about  M\u00e2con-Cruzille &#8218;Les Perri\u00e8res&#8216; AOC<\/span><\/a><\/p>\n","protected":false},"featured_media":23182,"template":"","meta":{"_genesis_hide_title":false,"_genesis_hide_breadcrumbs":false,"_genesis_hide_singular_image":false,"_genesis_hide_footer_widgets":false,"_genesis_custom_body_class":"","_genesis_custom_post_class":"","_genesis_layout":""},"product_brand":[802],"product_cat":[126],"product_tag":[776],"class_list":{"0":"post-22970","1":"product","2":"type-product","3":"status-publish","4":"has-post-thumbnail","6":"product_brand-guillemot-michel","7":"product_cat-weissweine","8":"product_tag-2022-de","9":"pa_appellation-macon-cruzille-de","10":"pa_bottle-size-750ml-de","11":"pa_grape-variety-chardonnay-de","12":"pa_producer-domaine-guillot-broux-de","13":"pa_region-maconnais-de","14":"pa_vintage-2022-de","15":"entry","17":"first","18":"instock","19":"taxable","20":"shipping-taxable","21":"purchasable","22":"product-type-simple"},"wooqr_code":"","_links":{"self":[{"href":"https:\/\/magnusvinum.ch\/de\/wp-json\/wp\/v2\/product\/22970","targetHints":{"allow":["GET"]}}],"collection":[{"href":"https:\/\/magnusvinum.ch\/de\/wp-json\/wp\/v2\/product"}],"about":[{"href":"https:\/\/magnusvinum.ch\/de\/wp-json\/wp\/v2\/types\/product"}],"wp:featuredmedia":[{"embeddable":true,"href":"https:\/\/magnusvinum.ch\/de\/wp-json\/wp\/v2\/media\/23182"}],"wp:attachment":[{"href":"https:\/\/magnusvinum.ch\/de\/wp-json\/wp\/v2\/media?parent=22970"}],"wp:term":[{"taxonomy":"product_brand","embeddable":true,"href":"https:\/\/magnusvinum.ch\/de\/wp-json\/wp\/v2\/product_brand?post=22970"},{"taxonomy":"product_cat","embeddable":true,"href":"https:\/\/magnusvinum.ch\/de\/wp-json\/wp\/v2\/product_cat?post=22970"},{"taxonomy":"product_tag","embeddable":true,"href":"https:\/\/magnusvinum.ch\/de\/wp-json\/wp\/v2\/product_tag?post=22970"}],"curies":[{"name":"wp","href":"https:\/\/api.w.org\/{rel}","templated":true}]}}