{"id":22968,"date":"2022-07-11T16:29:46","date_gmt":"2022-07-11T14:29:46","guid":{"rendered":"https:\/\/magnusvinum.ch\/?post_type=product&#038;p=22968"},"modified":"2025-03-06T00:13:00","modified_gmt":"2025-03-05T22:13:00","slug":"macon-cruzille-clos-de-la-mollepierre-aoc-3","status":"publish","type":"product","link":"https:\/\/magnusvinum.ch\/de\/shop\/weissweine\/macon-cruzille-clos-de-la-mollepierre-aoc-3\/","title":{"rendered":"M\u00e2con-Cruzille &#8218;Clos de la Mollepierre&#8216; AOC"},"content":{"rendered":"<p><strong>Degustationsnotiz:<\/strong> K\u00fchle Lage mit j\u00fcngeren Rebst\u00f6cken, die in B\u00f6den mit aktivem oolotischem Kalkstein gepflanzt wurden. Aromen von Zitrusfr\u00fcchten und gelbem Pfirsich mischen sich mit Rauch, Kreidestaub und Blumen. Am Gaumen ist er salzig und zeigt Zitrusfr\u00fcchte und gelbe Fr\u00fcchte mit einem guten S\u00e4urespiel, das dem Abgang L\u00e4nge verleiht. Trinke ihn in den n\u00e4chsten 5-7 Jahren. <strong>Passt gut zu:<\/strong> Edelfisch wie Steinbutt, aber auch zu Langustinen, Hummern oder weissem Fleisch mit Rahmsauce.<\/p>\n","protected":false},"excerpt":{"rendered":"<p>Degustationsnotiz: K\u00fchle Lage mit j\u00fcngeren Rebst\u00f6cken, die in B\u00f6den mit aktivem oolotischem Kalkstein gepflanzt wurden. Aromen von Zitrusfr\u00fcchten und gelbem Pfirsich mischen sich mit Rauch, Kreidestaub und Blumen. Am Gaumen ist er salzig und zeigt Zitrusfr\u00fcchte und gelbe Fr\u00fcchte mit einem guten S\u00e4urespiel, das dem Abgang L\u00e4nge verleiht. Trinke ihn in den n\u00e4chsten 5-7 Jahren. &#8230; <a href=\"https:\/\/magnusvinum.ch\/de\/shop\/weissweine\/macon-cruzille-clos-de-la-mollepierre-aoc-3\/\" class=\"more-link\">Read More <span class=\"screen-reader-text\">about  M\u00e2con-Cruzille &#8218;Clos de la Mollepierre&#8216; AOC<\/span><\/a><\/p>\n","protected":false},"featured_media":22013,"template":"","meta":{"_genesis_hide_title":false,"_genesis_hide_breadcrumbs":false,"_genesis_hide_singular_image":false,"_genesis_hide_footer_widgets":false,"_genesis_custom_body_class":"","_genesis_custom_post_class":"","_genesis_layout":""},"product_brand":[800],"product_cat":[126],"product_tag":[762],"class_list":{"0":"post-22968","1":"product","2":"type-product","3":"status-publish","4":"has-post-thumbnail","6":"product_brand-guillot-broux","7":"product_cat-weissweine","8":"product_tag-2020-de-2","9":"pa_appellation-macon-cruzille-de","10":"pa_bottle-size-750ml-de","11":"pa_grape-variety-chardonnay-de","12":"pa_producer-domaine-guillot-broux-de","13":"pa_region-maconnais-de","14":"pa_vintage-2020-de","15":"entry","17":"first","18":"instock","19":"taxable","20":"shipping-taxable","21":"purchasable","22":"product-type-simple"},"wooqr_code":"","_links":{"self":[{"href":"https:\/\/magnusvinum.ch\/de\/wp-json\/wp\/v2\/product\/22968","targetHints":{"allow":["GET"]}}],"collection":[{"href":"https:\/\/magnusvinum.ch\/de\/wp-json\/wp\/v2\/product"}],"about":[{"href":"https:\/\/magnusvinum.ch\/de\/wp-json\/wp\/v2\/types\/product"}],"wp:featuredmedia":[{"embeddable":true,"href":"https:\/\/magnusvinum.ch\/de\/wp-json\/wp\/v2\/media\/22013"}],"wp:attachment":[{"href":"https:\/\/magnusvinum.ch\/de\/wp-json\/wp\/v2\/media?parent=22968"}],"wp:term":[{"taxonomy":"product_brand","embeddable":true,"href":"https:\/\/magnusvinum.ch\/de\/wp-json\/wp\/v2\/product_brand?post=22968"},{"taxonomy":"product_cat","embeddable":true,"href":"https:\/\/magnusvinum.ch\/de\/wp-json\/wp\/v2\/product_cat?post=22968"},{"taxonomy":"product_tag","embeddable":true,"href":"https:\/\/magnusvinum.ch\/de\/wp-json\/wp\/v2\/product_tag?post=22968"}],"curies":[{"name":"wp","href":"https:\/\/api.w.org\/{rel}","templated":true}]}}