{"id":22531,"date":"2022-01-19T16:13:08","date_gmt":"2022-02-15T09:52:26","guid":{"rendered":"https:\/\/magnusvinum.ch\/?post_type=product&#038;p=22531"},"modified":"2025-03-05T16:11:38","modified_gmt":"2025-03-05T14:11:38","slug":"gevrey-chambertin-en-jouise-aoc-2","status":"publish","type":"product","link":"https:\/\/magnusvinum.ch\/de\/shop\/rotweine\/gevrey-chambertin-en-jouise-aoc-2\/","title":{"rendered":"Gevrey-Chambertin &#8218;En Jouise&#8216; AOC"},"content":{"rendered":"<p><strong>Deugstationsnotiz:<\/strong> Diese alten Rebst\u00f6cke liefern eine gro\u00dfe Fruchttiefe, und im gro\u00dfartigen Jahrgang 2015 kommt er mit einer zus\u00e4tzlichen Tiefe dunkler Fr\u00fcchte daher. Trinken Sie ihn bis zu 15 Jahre nach der Ernte. <strong>Passt gut zu:<\/strong> Geniessen Sie diesen Wein mit allerfeinstem Wiesenlamm vom Holzkohlegrill.<\/p>\n","protected":false},"excerpt":{"rendered":"<p>Deugstationsnotiz: Diese alten Rebst\u00f6cke liefern eine gro\u00dfe Fruchttiefe, und im gro\u00dfartigen Jahrgang 2015 kommt er mit einer zus\u00e4tzlichen Tiefe dunkler Fr\u00fcchte daher. Trinken Sie ihn bis zu 15 Jahre nach der Ernte. Passt gut zu: Geniessen Sie diesen Wein mit allerfeinstem Wiesenlamm vom Holzkohlegrill.<\/p>\n","protected":false},"featured_media":22471,"template":"","meta":{"_genesis_hide_title":false,"_genesis_hide_breadcrumbs":false,"_genesis_hide_singular_image":false,"_genesis_hide_footer_widgets":false,"_genesis_custom_body_class":"","_genesis_custom_post_class":"","_genesis_layout":""},"product_brand":[796],"product_cat":[150],"product_tag":[205],"class_list":{"0":"post-22531","1":"product","2":"type-product","3":"status-publish","4":"has-post-thumbnail","6":"product_brand-harmand-geoffroy","7":"product_cat-rotweine","8":"product_tag-2018-de","9":"pa_appellation-gevrey-chambertin-de","10":"pa_bottle-size-750ml-de","11":"pa_grape-variety-pinot-noir-de","12":"pa_producer-domaine-harmand-geoffroy-de","13":"pa_region-cote-de-nuits-de","14":"pa_vintage-2018-de","15":"entry","17":"first","18":"instock","19":"taxable","20":"shipping-taxable","21":"purchasable","22":"product-type-simple"},"wooqr_code":"","_links":{"self":[{"href":"https:\/\/magnusvinum.ch\/de\/wp-json\/wp\/v2\/product\/22531","targetHints":{"allow":["GET"]}}],"collection":[{"href":"https:\/\/magnusvinum.ch\/de\/wp-json\/wp\/v2\/product"}],"about":[{"href":"https:\/\/magnusvinum.ch\/de\/wp-json\/wp\/v2\/types\/product"}],"wp:featuredmedia":[{"embeddable":true,"href":"https:\/\/magnusvinum.ch\/de\/wp-json\/wp\/v2\/media\/22471"}],"wp:attachment":[{"href":"https:\/\/magnusvinum.ch\/de\/wp-json\/wp\/v2\/media?parent=22531"}],"wp:term":[{"taxonomy":"product_brand","embeddable":true,"href":"https:\/\/magnusvinum.ch\/de\/wp-json\/wp\/v2\/product_brand?post=22531"},{"taxonomy":"product_cat","embeddable":true,"href":"https:\/\/magnusvinum.ch\/de\/wp-json\/wp\/v2\/product_cat?post=22531"},{"taxonomy":"product_tag","embeddable":true,"href":"https:\/\/magnusvinum.ch\/de\/wp-json\/wp\/v2\/product_tag?post=22531"}],"curies":[{"name":"wp","href":"https:\/\/api.w.org\/{rel}","templated":true}]}}