{"id":21957,"date":"2021-07-15T14:22:46","date_gmt":"2021-07-15T12:22:46","guid":{"rendered":"https:\/\/magnusvinum.ch\/shop\/unkategorisiert\/savigny-les-beaune-1er-cru-aux-vergelesses-aoc-4\/"},"modified":"2025-03-25T12:57:02","modified_gmt":"2025-03-25T10:57:02","slug":"savigny-les-beaune-1er-cru-aux-vergelesses-aoc-4","status":"publish","type":"product","link":"https:\/\/magnusvinum.ch\/de\/shop\/rotweine\/savigny-les-beaune-1er-cru-aux-vergelesses-aoc-4\/","title":{"rendered":"Savigny-l\u00e8s-Beaune 1er Cru Aux Vergelesses AOC"},"content":{"rendered":"<p><strong>Degustationsnotiz:<\/strong> Ein Pinot Noir mit sch\u00f6nen Aromen von Himbeeren, roten Kirschen und Brombeeren mit w\u00fcrzigen Noten in der Nase. Am Gaumen erdig mit Noten von roten Fr\u00fcchten. Seine erfrischende S\u00e4ure und die feinen Tannine verleihen ihm eine ausgewogene und leichte Struktur. <strong>Passt gut zu:<\/strong> Gegrilltes Entrecote oder Lammracks mit einer Pilzsauce w\u00fcrden perfekt dazu passen.<\/p>\n","protected":false},"excerpt":{"rendered":"<p>Degustationsnotiz: Ein Pinot Noir mit sch\u00f6nen Aromen von Himbeeren, roten Kirschen und Brombeeren mit w\u00fcrzigen Noten in der Nase. Am Gaumen erdig mit Noten von roten Fr\u00fcchten. Seine erfrischende S\u00e4ure und die feinen Tannine verleihen ihm eine ausgewogene und leichte Struktur. Passt gut zu: Gegrilltes Entrecote oder Lammracks mit einer Pilzsauce w\u00fcrden perfekt dazu passen.<\/p>\n","protected":false},"featured_media":23201,"template":"","meta":{"_genesis_hide_title":false,"_genesis_hide_breadcrumbs":false,"_genesis_hide_singular_image":false,"_genesis_hide_footer_widgets":false,"_genesis_custom_body_class":"","_genesis_custom_post_class":"","_genesis_layout":""},"product_brand":[804],"product_cat":[150],"product_tag":[774],"class_list":{"0":"post-21957","1":"product","2":"type-product","3":"status-publish","4":"has-post-thumbnail","6":"product_brand-jane-eyre","7":"product_cat-rotweine","8":"product_tag-2021-de","9":"pa_appellation-savigny-les-beaune-1er-cru-de","10":"pa_bottle-size-750ml-de","11":"pa_grape-variety-pinot-noir-de","12":"pa_producer-jane-eyre-de","13":"pa_region-cote-de-beaune-de","14":"pa_vintage-2021-de","15":"entry","17":"first","18":"instock","19":"taxable","20":"shipping-taxable","21":"purchasable","22":"product-type-simple"},"wooqr_code":"","_links":{"self":[{"href":"https:\/\/magnusvinum.ch\/de\/wp-json\/wp\/v2\/product\/21957","targetHints":{"allow":["GET"]}}],"collection":[{"href":"https:\/\/magnusvinum.ch\/de\/wp-json\/wp\/v2\/product"}],"about":[{"href":"https:\/\/magnusvinum.ch\/de\/wp-json\/wp\/v2\/types\/product"}],"wp:featuredmedia":[{"embeddable":true,"href":"https:\/\/magnusvinum.ch\/de\/wp-json\/wp\/v2\/media\/23201"}],"wp:attachment":[{"href":"https:\/\/magnusvinum.ch\/de\/wp-json\/wp\/v2\/media?parent=21957"}],"wp:term":[{"taxonomy":"product_brand","embeddable":true,"href":"https:\/\/magnusvinum.ch\/de\/wp-json\/wp\/v2\/product_brand?post=21957"},{"taxonomy":"product_cat","embeddable":true,"href":"https:\/\/magnusvinum.ch\/de\/wp-json\/wp\/v2\/product_cat?post=21957"},{"taxonomy":"product_tag","embeddable":true,"href":"https:\/\/magnusvinum.ch\/de\/wp-json\/wp\/v2\/product_tag?post=21957"}],"curies":[{"name":"wp","href":"https:\/\/api.w.org\/{rel}","templated":true}]}}