{"id":21948,"date":"2021-07-15T14:22:53","date_gmt":"2021-07-15T12:22:53","guid":{"rendered":"https:\/\/magnusvinum.ch\/shop\/unkategorisiert\/macon-cruzille-les-molieres-aoc-3\/"},"modified":"2026-02-03T00:24:57","modified_gmt":"2026-02-02T22:24:57","slug":"macon-cruzille-les-molieres-aoc-3","status":"publish","type":"product","link":"https:\/\/magnusvinum.ch\/de\/shop\/weissweine\/macon-cruzille-les-molieres-aoc-3\/","title":{"rendered":"M\u00e2con-Cruzille &#8218;Les Moli\u00e8res&#8216; AOC"},"content":{"rendered":"<p>Von den \u00e4ltesten Rebst\u00f6cken des Weinguts, die 1936 gepflanzt wurden. Intensive, mineralische Zitrus- und Pfirsichnoten dominieren die Nase. Am Gaumen ist er salzig und frisch mit Zitrusnoten und einem cremigen Abgang. Trinkbar in den n\u00e4chsten 6-10 Jahren.<\/p>\n","protected":false},"excerpt":{"rendered":"<p>Von den \u00e4ltesten Rebst\u00f6cken des Weinguts, die 1936 gepflanzt wurden. Intensive, mineralische Zitrus- und Pfirsichnoten dominieren die Nase. Am Gaumen ist er salzig und frisch mit Zitrusnoten und einem cremigen Abgang. Trinkbar in den n\u00e4chsten 6-10 Jahren.<\/p>\n","protected":false},"featured_media":22017,"template":"","meta":{"_genesis_hide_title":false,"_genesis_hide_breadcrumbs":false,"_genesis_hide_singular_image":false,"_genesis_hide_footer_widgets":false,"_genesis_custom_body_class":"","_genesis_custom_post_class":"","_genesis_layout":""},"product_brand":[800],"product_cat":[126],"product_tag":[207],"class_list":{"0":"post-21948","1":"product","2":"type-product","3":"status-publish","4":"has-post-thumbnail","6":"product_brand-guillot-broux","7":"product_cat-weissweine","8":"product_tag-2019-de","9":"pa_appellation-macon-cruzille-de","10":"pa_bottle-size-750ml-de","11":"pa_grape-variety-chardonnay-de","12":"pa_producer-domaine-guillot-broux-de","13":"pa_region-maconnais-de","14":"pa_vintage-2019-de","15":"entry","17":"first","18":"instock","19":"taxable","20":"shipping-taxable","21":"purchasable","22":"product-type-simple"},"wooqr_code":"","_links":{"self":[{"href":"https:\/\/magnusvinum.ch\/de\/wp-json\/wp\/v2\/product\/21948","targetHints":{"allow":["GET"]}}],"collection":[{"href":"https:\/\/magnusvinum.ch\/de\/wp-json\/wp\/v2\/product"}],"about":[{"href":"https:\/\/magnusvinum.ch\/de\/wp-json\/wp\/v2\/types\/product"}],"wp:featuredmedia":[{"embeddable":true,"href":"https:\/\/magnusvinum.ch\/de\/wp-json\/wp\/v2\/media\/22017"}],"wp:attachment":[{"href":"https:\/\/magnusvinum.ch\/de\/wp-json\/wp\/v2\/media?parent=21948"}],"wp:term":[{"taxonomy":"product_brand","embeddable":true,"href":"https:\/\/magnusvinum.ch\/de\/wp-json\/wp\/v2\/product_brand?post=21948"},{"taxonomy":"product_cat","embeddable":true,"href":"https:\/\/magnusvinum.ch\/de\/wp-json\/wp\/v2\/product_cat?post=21948"},{"taxonomy":"product_tag","embeddable":true,"href":"https:\/\/magnusvinum.ch\/de\/wp-json\/wp\/v2\/product_tag?post=21948"}],"curies":[{"name":"wp","href":"https:\/\/api.w.org\/{rel}","templated":true}]}}