{"id":21944,"date":"2021-07-15T14:23:02","date_gmt":"2021-07-15T12:23:02","guid":{"rendered":"https:\/\/magnusvinum.ch\/shop\/unkategorisiert\/corton-charlemagne-grand-cru-aoc-4\/"},"modified":"2022-08-17T10:59:46","modified_gmt":"2022-08-17T08:59:46","slug":"corton-charlemagne-grand-cru-aoc-4","status":"publish","type":"product","link":"https:\/\/magnusvinum.ch\/de\/shop\/weissweine\/corton-charlemagne-grand-cru-aoc-4\/","title":{"rendered":"Corton-Charlemagne Grand Cru AOC"},"content":{"rendered":"<p><strong>Degustationsnotiz:<\/strong> Die Nase ist gleichzeitig reich und intensiv, aber auch kraftvoll und frisch. Am Gaumen vereint er Spannung und gr\u00fcne und wei\u00dfe Fr\u00fcchte mit enormer Pr\u00e4zision und L\u00e4nge. Trinken Sie ihn 5-20 Jahre nach der Ernte. <strong>Passt gut zu:<\/strong>\u00a0\u00a0Ideal zu hellem Fisch wie Steinbutt, aber auch zu Languste, Hummer oder weissem Fleisch mit Rahmsauce.<\/p>\n","protected":false},"excerpt":{"rendered":"<p>Degustationsnotiz: Die Nase ist gleichzeitig reich und intensiv, aber auch kraftvoll und frisch. Am Gaumen vereint er Spannung und gr\u00fcne und wei\u00dfe Fr\u00fcchte mit enormer Pr\u00e4zision und L\u00e4nge. Trinken Sie ihn 5-20 Jahre nach der Ernte. Passt gut zu:\u00a0\u00a0Ideal zu hellem Fisch wie Steinbutt, aber auch zu Languste, Hummer oder weissem Fleisch mit Rahmsauce.<\/p>\n","protected":false},"featured_media":22043,"template":"","meta":{"_genesis_hide_title":false,"_genesis_hide_breadcrumbs":false,"_genesis_hide_singular_image":false,"_genesis_hide_footer_widgets":false,"_genesis_custom_body_class":"","_genesis_custom_post_class":"","_genesis_layout":""},"product_brand":[],"product_cat":[126],"product_tag":[762],"class_list":{"0":"post-21944","1":"product","2":"type-product","3":"status-publish","4":"has-post-thumbnail","6":"product_cat-weissweine","7":"product_tag-2020-de-2","8":"pa_appellation-corton-charlemagne-de","9":"pa_bottle-size-750ml-de","10":"pa_grape-variety-chardonnay-de","11":"pa_producer-pascal-clement-de","12":"pa_region-cote-de-beaune-de","13":"pa_vintage-2020-de","14":"entry","16":"first","17":"outofstock","18":"taxable","19":"shipping-taxable","20":"purchasable","21":"product-type-simple"},"wooqr_code":"","_links":{"self":[{"href":"https:\/\/magnusvinum.ch\/de\/wp-json\/wp\/v2\/product\/21944","targetHints":{"allow":["GET"]}}],"collection":[{"href":"https:\/\/magnusvinum.ch\/de\/wp-json\/wp\/v2\/product"}],"about":[{"href":"https:\/\/magnusvinum.ch\/de\/wp-json\/wp\/v2\/types\/product"}],"wp:featuredmedia":[{"embeddable":true,"href":"https:\/\/magnusvinum.ch\/de\/wp-json\/wp\/v2\/media\/22043"}],"wp:attachment":[{"href":"https:\/\/magnusvinum.ch\/de\/wp-json\/wp\/v2\/media?parent=21944"}],"wp:term":[{"taxonomy":"product_brand","embeddable":true,"href":"https:\/\/magnusvinum.ch\/de\/wp-json\/wp\/v2\/product_brand?post=21944"},{"taxonomy":"product_cat","embeddable":true,"href":"https:\/\/magnusvinum.ch\/de\/wp-json\/wp\/v2\/product_cat?post=21944"},{"taxonomy":"product_tag","embeddable":true,"href":"https:\/\/magnusvinum.ch\/de\/wp-json\/wp\/v2\/product_tag?post=21944"}],"curies":[{"name":"wp","href":"https:\/\/api.w.org\/{rel}","templated":true}]}}