{"id":20513,"date":"2021-01-11T17:31:35","date_gmt":"2021-01-11T15:52:46","guid":{"rendered":"https:\/\/magnusvinum.ch\/?post_type=product&#038;p=20513"},"modified":"2023-05-15T12:29:28","modified_gmt":"2023-05-15T10:29:28","slug":"brouilly-la-folie-aoc-magnum","status":"publish","type":"product","link":"https:\/\/magnusvinum.ch\/de\/shop\/rotweine\/brouilly-la-folie-aoc-magnum\/","title":{"rendered":"Brouilly &#8222;La Folie&#8220; AOC (MAGNUM)"},"content":{"rendered":"<p><strong>Degustationsnotiz:<\/strong> Ein grossartiger Jahrgang in Beaujolais und Dank der burgundischen Vinifikation hat dieser Wein sehr Pinot-\u00e4hnliche Z\u00fcge! In der Nase reife Kirschen und Gew\u00fcrznoten, unterlegt mit Ankl\u00e4ngen von Veilchen. Am Gaumen saftig, mit einem Hauch Anis, sowie florale Noten im langen Abgang. Trinken Sie diesen Wein im Verlauf der kommenden 12 Jahre. <strong>Passt gut zu:<\/strong> Dieser Gamay passt hervorragend zu gegrilltem Lammfleisch oder Steinpilzen.<\/p>\n","protected":false},"excerpt":{"rendered":"<p>Degustationsnotiz: Ein grossartiger Jahrgang in Beaujolais und Dank der burgundischen Vinifikation hat dieser Wein sehr Pinot-\u00e4hnliche Z\u00fcge! In der Nase reife Kirschen und Gew\u00fcrznoten, unterlegt mit Ankl\u00e4ngen von Veilchen. Am Gaumen saftig, mit einem Hauch Anis, sowie florale Noten im langen Abgang. Trinken Sie diesen Wein im Verlauf der kommenden 12 Jahre. Passt gut zu: &#8230; <a href=\"https:\/\/magnusvinum.ch\/de\/shop\/rotweine\/brouilly-la-folie-aoc-magnum\/\" class=\"more-link\">Read More <span class=\"screen-reader-text\">about  Brouilly &#8222;La Folie&#8220; AOC (MAGNUM)<\/span><\/a><\/p>\n","protected":false},"featured_media":20510,"template":"","meta":{"_genesis_hide_title":false,"_genesis_hide_breadcrumbs":false,"_genesis_hide_singular_image":false,"_genesis_hide_footer_widgets":false,"_genesis_custom_body_class":"","_genesis_custom_post_class":"","_genesis_layout":""},"product_brand":[],"product_cat":[150],"product_tag":[207],"class_list":{"0":"post-20513","1":"product","2":"type-product","3":"status-publish","4":"has-post-thumbnail","6":"product_cat-rotweine","7":"product_tag-2019-de","8":"pa_appellation-brouilly-de","9":"pa_bottle-size-1500ml-de","10":"pa_grape-variety-gamay-de","11":"pa_producer-moron-garcia-de","12":"pa_region-beaujolais-de","13":"pa_vintage-2019-de","14":"entry","16":"first","17":"outofstock","18":"taxable","19":"shipping-taxable","20":"purchasable","21":"product-type-simple"},"wooqr_code":"","_links":{"self":[{"href":"https:\/\/magnusvinum.ch\/de\/wp-json\/wp\/v2\/product\/20513","targetHints":{"allow":["GET"]}}],"collection":[{"href":"https:\/\/magnusvinum.ch\/de\/wp-json\/wp\/v2\/product"}],"about":[{"href":"https:\/\/magnusvinum.ch\/de\/wp-json\/wp\/v2\/types\/product"}],"wp:featuredmedia":[{"embeddable":true,"href":"https:\/\/magnusvinum.ch\/de\/wp-json\/wp\/v2\/media\/20510"}],"wp:attachment":[{"href":"https:\/\/magnusvinum.ch\/de\/wp-json\/wp\/v2\/media?parent=20513"}],"wp:term":[{"taxonomy":"product_brand","embeddable":true,"href":"https:\/\/magnusvinum.ch\/de\/wp-json\/wp\/v2\/product_brand?post=20513"},{"taxonomy":"product_cat","embeddable":true,"href":"https:\/\/magnusvinum.ch\/de\/wp-json\/wp\/v2\/product_cat?post=20513"},{"taxonomy":"product_tag","embeddable":true,"href":"https:\/\/magnusvinum.ch\/de\/wp-json\/wp\/v2\/product_tag?post=20513"}],"curies":[{"name":"wp","href":"https:\/\/api.w.org\/{rel}","templated":true}]}}