{"id":19846,"date":"2020-12-03T10:44:53","date_gmt":"2020-12-03T08:44:53","guid":{"rendered":"https:\/\/magnusvinum.ch\/?post_type=product&#038;p=19846"},"modified":"2025-03-05T15:58:37","modified_gmt":"2025-03-05T13:58:37","slug":"fleuron-brut-1er-cru-blanc-de-blancs","status":"publish","type":"product","link":"https:\/\/magnusvinum.ch\/de\/shop\/schaumweine\/fleuron-brut-1er-cru-blanc-de-blancs\/","title":{"rendered":"Fleuron Brut 1er Cru Blanc de Blancs"},"content":{"rendered":"<div><strong>Degustationsnotiz:<\/strong> Die klassische Jahrgangs-Cuv\u00e9e. Komplexe Aromen von Orangenschalen, Zitrone, Bl\u00fcten und Kreidestaub. Der Gaumen hat Tiefe von w\u00fcrziger Mineralit\u00e4t, Zitrusfr\u00fcchten, honigartigen Ankl\u00e4ngen und bissiger Autolyse, die zu einem langen Abgang f\u00fchrt. <strong>Passt gut zu:<\/strong> Passt hervorragend zu Austern oder frischen Meeresfr\u00fcchten.<\/div>\n","protected":false},"excerpt":{"rendered":"<p>Degustationsnotiz: Die klassische Jahrgangs-Cuv\u00e9e. Komplexe Aromen von Orangenschalen, Zitrone, Bl\u00fcten und Kreidestaub. Der Gaumen hat Tiefe von w\u00fcrziger Mineralit\u00e4t, Zitrusfr\u00fcchten, honigartigen Ankl\u00e4ngen und bissiger Autolyse, die zu einem langen Abgang f\u00fchrt. Passt gut zu: Passt hervorragend zu Austern oder frischen Meeresfr\u00fcchten.<\/p>\n","protected":false},"featured_media":22889,"template":"","meta":{"_genesis_hide_title":false,"_genesis_hide_breadcrumbs":false,"_genesis_hide_singular_image":false,"_genesis_hide_footer_widgets":false,"_genesis_custom_body_class":"","_genesis_custom_post_class":"","_genesis_layout":""},"product_brand":[795],"product_cat":[180],"product_tag":[207],"class_list":{"0":"post-19846","1":"product","2":"type-product","3":"status-publish","4":"has-post-thumbnail","6":"product_brand-pierre-gimonnet-et-fils","7":"product_cat-schaumweine","8":"product_tag-2019-de","9":"pa_appellation-champagne-de","10":"pa_bottle-size-750ml-de","11":"pa_grape-variety-chardonnay-de","12":"pa_producer-champagne-pierre-gimonnet-fils-de","13":"pa_region-champagne-cote-de-blancs-de","14":"pa_vintage-2019-de","15":"entry","17":"first","18":"instock","19":"taxable","20":"shipping-taxable","21":"purchasable","22":"product-type-simple"},"wooqr_code":"","_links":{"self":[{"href":"https:\/\/magnusvinum.ch\/de\/wp-json\/wp\/v2\/product\/19846","targetHints":{"allow":["GET"]}}],"collection":[{"href":"https:\/\/magnusvinum.ch\/de\/wp-json\/wp\/v2\/product"}],"about":[{"href":"https:\/\/magnusvinum.ch\/de\/wp-json\/wp\/v2\/types\/product"}],"wp:featuredmedia":[{"embeddable":true,"href":"https:\/\/magnusvinum.ch\/de\/wp-json\/wp\/v2\/media\/22889"}],"wp:attachment":[{"href":"https:\/\/magnusvinum.ch\/de\/wp-json\/wp\/v2\/media?parent=19846"}],"wp:term":[{"taxonomy":"product_brand","embeddable":true,"href":"https:\/\/magnusvinum.ch\/de\/wp-json\/wp\/v2\/product_brand?post=19846"},{"taxonomy":"product_cat","embeddable":true,"href":"https:\/\/magnusvinum.ch\/de\/wp-json\/wp\/v2\/product_cat?post=19846"},{"taxonomy":"product_tag","embeddable":true,"href":"https:\/\/magnusvinum.ch\/de\/wp-json\/wp\/v2\/product_tag?post=19846"}],"curies":[{"name":"wp","href":"https:\/\/api.w.org\/{rel}","templated":true}]}}