{"id":19842,"date":"2020-12-03T10:38:27","date_gmt":"2020-12-03T08:38:27","guid":{"rendered":"https:\/\/magnusvinum.ch\/?post_type=product&#038;p=19842"},"modified":"2025-03-05T15:55:06","modified_gmt":"2025-03-05T13:55:06","slug":"gastronome-brut-1er-cru-blanc-de-blancs","status":"publish","type":"product","link":"https:\/\/magnusvinum.ch\/de\/shop\/schaumweine\/gastronome-brut-1er-cru-blanc-de-blancs\/","title":{"rendered":"Gastronome Brut 1er Cru Blanc de Blancs"},"content":{"rendered":"<div><strong>Degustationsnotiz:<\/strong> Als Cuv\u00e9e mit etwas geringerem Kohlens\u00e4uredruck eignet sich dieser Champagner perfekt als Speisenbegleiter. Aromen von Zitrone, Grapefruit und Geb\u00e4ck, sowie kreidige Mineralit\u00e4t leiten den langen, frischen Abgang ein. <strong>Passt gut zu:<\/strong> Passt hervorragend zu Austern, Meeresfr\u00fcchten oder Gefl\u00fcgel.<\/div>\n","protected":false},"excerpt":{"rendered":"<p>Degustationsnotiz: Als Cuv\u00e9e mit etwas geringerem Kohlens\u00e4uredruck eignet sich dieser Champagner perfekt als Speisenbegleiter. Aromen von Zitrone, Grapefruit und Geb\u00e4ck, sowie kreidige Mineralit\u00e4t leiten den langen, frischen Abgang ein. Passt gut zu: Passt hervorragend zu Austern, Meeresfr\u00fcchten oder Gefl\u00fcgel.<\/p>\n","protected":false},"featured_media":20263,"template":"","meta":{"_genesis_hide_title":false,"_genesis_hide_breadcrumbs":false,"_genesis_hide_singular_image":false,"_genesis_hide_footer_widgets":false,"_genesis_custom_body_class":"","_genesis_custom_post_class":"","_genesis_layout":""},"product_brand":[795],"product_cat":[180],"product_tag":[182],"class_list":{"0":"post-19842","1":"product","2":"type-product","3":"status-publish","4":"has-post-thumbnail","6":"product_brand-pierre-gimonnet-et-fils","7":"product_cat-schaumweine","8":"product_tag-2016-de","9":"pa_appellation-champagne-de","10":"pa_bottle-size-750ml-de","11":"pa_grape-variety-chardonnay-de","12":"pa_producer-champagne-pierre-gimonnet-fils-de","13":"pa_region-champagne-cote-de-blancs-de","14":"pa_vintage-2016-de","15":"entry","17":"first","18":"instock","19":"taxable","20":"shipping-taxable","21":"purchasable","22":"product-type-simple"},"wooqr_code":"","_links":{"self":[{"href":"https:\/\/magnusvinum.ch\/de\/wp-json\/wp\/v2\/product\/19842","targetHints":{"allow":["GET"]}}],"collection":[{"href":"https:\/\/magnusvinum.ch\/de\/wp-json\/wp\/v2\/product"}],"about":[{"href":"https:\/\/magnusvinum.ch\/de\/wp-json\/wp\/v2\/types\/product"}],"wp:featuredmedia":[{"embeddable":true,"href":"https:\/\/magnusvinum.ch\/de\/wp-json\/wp\/v2\/media\/20263"}],"wp:attachment":[{"href":"https:\/\/magnusvinum.ch\/de\/wp-json\/wp\/v2\/media?parent=19842"}],"wp:term":[{"taxonomy":"product_brand","embeddable":true,"href":"https:\/\/magnusvinum.ch\/de\/wp-json\/wp\/v2\/product_brand?post=19842"},{"taxonomy":"product_cat","embeddable":true,"href":"https:\/\/magnusvinum.ch\/de\/wp-json\/wp\/v2\/product_cat?post=19842"},{"taxonomy":"product_tag","embeddable":true,"href":"https:\/\/magnusvinum.ch\/de\/wp-json\/wp\/v2\/product_tag?post=19842"}],"curies":[{"name":"wp","href":"https:\/\/api.w.org\/{rel}","templated":true}]}}