{"id":19830,"date":"2020-12-03T09:18:42","date_gmt":"2020-12-03T07:18:42","guid":{"rendered":"https:\/\/magnusvinum.ch\/?post_type=product&#038;p=19830"},"modified":"2025-03-05T15:47:25","modified_gmt":"2025-03-05T13:47:25","slug":"cuis-1er-cru-brut-blanc-de-blancs","status":"publish","type":"product","link":"https:\/\/magnusvinum.ch\/de\/shop\/schaumweine\/cuis-1er-cru-brut-blanc-de-blancs\/","title":{"rendered":"Cuis 1er Cru Brut Blanc de Blancs"},"content":{"rendered":"<div><strong>Degustationsnotiz:<\/strong> Klare Aromen von Zitronen und Birnen. Am Gaumen frisch, lebendig und strukturiert. Der perfekte Ap\u00e9ritif. <strong>Passt gut zu:<\/strong> Hervorragend zu Canap\u00e9s, ger\u00e4uchertem Lachs oder Kaviar.<\/div>\n","protected":false},"excerpt":{"rendered":"<p>Degustationsnotiz: Klare Aromen von Zitronen und Birnen. Am Gaumen frisch, lebendig und strukturiert. Der perfekte Ap\u00e9ritif. Passt gut zu: Hervorragend zu Canap\u00e9s, ger\u00e4uchertem Lachs oder Kaviar.<\/p>\n","protected":false},"featured_media":20259,"template":"","meta":{"_genesis_hide_title":false,"_genesis_hide_breadcrumbs":false,"_genesis_hide_singular_image":false,"_genesis_hide_footer_widgets":false,"_genesis_custom_body_class":"","_genesis_custom_post_class":"","_genesis_layout":""},"product_brand":[795],"product_cat":[180],"product_tag":[648],"class_list":{"0":"post-19830","1":"product","2":"type-product","3":"status-publish","4":"has-post-thumbnail","6":"product_brand-pierre-gimonnet-et-fils","7":"product_cat-schaumweine","8":"product_tag-n-v-de","9":"pa_appellation-champagne-de","10":"pa_bottle-size-750ml-de","11":"pa_grape-variety-chardonnay-de","12":"pa_producer-champagne-pierre-gimonnet-fils-de","13":"pa_region-champagne-cote-de-blancs-de","14":"pa_vintage-nv-de","15":"entry","17":"first","18":"instock","19":"taxable","20":"shipping-taxable","21":"purchasable","22":"product-type-simple"},"wooqr_code":"","_links":{"self":[{"href":"https:\/\/magnusvinum.ch\/de\/wp-json\/wp\/v2\/product\/19830","targetHints":{"allow":["GET"]}}],"collection":[{"href":"https:\/\/magnusvinum.ch\/de\/wp-json\/wp\/v2\/product"}],"about":[{"href":"https:\/\/magnusvinum.ch\/de\/wp-json\/wp\/v2\/types\/product"}],"wp:featuredmedia":[{"embeddable":true,"href":"https:\/\/magnusvinum.ch\/de\/wp-json\/wp\/v2\/media\/20259"}],"wp:attachment":[{"href":"https:\/\/magnusvinum.ch\/de\/wp-json\/wp\/v2\/media?parent=19830"}],"wp:term":[{"taxonomy":"product_brand","embeddable":true,"href":"https:\/\/magnusvinum.ch\/de\/wp-json\/wp\/v2\/product_brand?post=19830"},{"taxonomy":"product_cat","embeddable":true,"href":"https:\/\/magnusvinum.ch\/de\/wp-json\/wp\/v2\/product_cat?post=19830"},{"taxonomy":"product_tag","embeddable":true,"href":"https:\/\/magnusvinum.ch\/de\/wp-json\/wp\/v2\/product_tag?post=19830"}],"curies":[{"name":"wp","href":"https:\/\/api.w.org\/{rel}","templated":true}]}}