{"id":19359,"date":"2020-10-28T17:54:19","date_gmt":"2020-12-03T07:03:14","guid":{"rendered":"https:\/\/magnusvinum.ch\/?post_type=product&#038;p=19359"},"modified":"2021-07-06T19:30:33","modified_gmt":"2021-07-06T17:30:33","slug":"chassagne-montrachet-1er-cru-les-caillerets-aoc-raritat-magnum","status":"publish","type":"product","link":"https:\/\/magnusvinum.ch\/de\/shop\/weissweine\/chassagne-montrachet-1er-cru-les-caillerets-aoc-raritat-magnum\/","title":{"rendered":"Chassagne-Montrachet 1er Cru Les Caillerets AOC (Rarit\u00e4t) (MAGNUM)"},"content":{"rendered":"<p><strong>Degustationsnotiz:<\/strong> Die Nase springt aus dem Glas mit einer Explosion von Zitrusschalen, weissen Obstgartenfr\u00fcchten, nassen Steinen, feiner Vanille , sowie Zimt und weissen Bl\u00fcten. Der Gaumen ist enorm konzentriert, aber gleichzeitig elegant, weitl\u00e4ufig mit einer spannenden Intensit\u00e4t und einer grandiosen L\u00e4nge. Wahrhaftig ein Wein von Grand Cru-Qualit\u00e4t. Trinken Sie 2022-2050. <strong>Passt gut zu:<\/strong> Ideal zu h\u00f6chstem Wei\u00dffisch wie Steinbutt, aber auch zu Langoustine, Lobtser oder wei\u00dfem Fleisch mit Rahmsauce.<\/p>\n<p><strong>Aufgrund der extrem begrenzten Menge dieses Weins und der Nachfrage, die das Angebot bei weitem \u00fcbersteigt, ist dieser Wein nur zusammen mit dem Kauf anderer Weine aus unserem Sortiment erh\u00e4ltlich. Wir danken Ihnen f\u00fcr Ihr Verst\u00e4ndnis.<\/strong><\/p>\n","protected":false},"excerpt":{"rendered":"<p>Degustationsnotiz: Die Nase springt aus dem Glas mit einer Explosion von Zitrusschalen, weissen Obstgartenfr\u00fcchten, nassen Steinen, feiner Vanille , sowie Zimt und weissen Bl\u00fcten. Der Gaumen ist enorm konzentriert, aber gleichzeitig elegant, weitl\u00e4ufig mit einer spannenden Intensit\u00e4t und einer grandiosen L\u00e4nge. Wahrhaftig ein Wein von Grand Cru-Qualit\u00e4t. Trinken Sie 2022-2050. Passt gut zu: Ideal zu &#8230; <a href=\"https:\/\/magnusvinum.ch\/de\/shop\/weissweine\/chassagne-montrachet-1er-cru-les-caillerets-aoc-raritat-magnum\/\" class=\"more-link\">Read More <span class=\"screen-reader-text\">about  Chassagne-Montrachet 1er Cru Les Caillerets AOC (Rarit\u00e4t) (MAGNUM)<\/span><\/a><\/p>\n","protected":false},"featured_media":19898,"template":"","meta":{"_genesis_hide_title":false,"_genesis_hide_breadcrumbs":false,"_genesis_hide_singular_image":false,"_genesis_hide_footer_widgets":false,"_genesis_custom_body_class":"","_genesis_custom_post_class":"","_genesis_layout":""},"product_brand":[],"product_cat":[126],"product_tag":[762],"class_list":{"0":"post-19359","1":"product","2":"type-product","3":"status-publish","4":"has-post-thumbnail","6":"product_cat-weissweine","7":"product_tag-2020-de-2","8":"pa_appellation-chassagne-montrachet-1er-cru-de","9":"pa_bottle-size-1500ml-de","10":"pa_enquiry-only-ja","11":"pa_grape-variety-chardonnay-de","12":"pa_producer-domaine-lamy-caillat-de","13":"pa_region-cote-de-beaune-de","14":"pa_vintage-2020-de","15":"entry","17":"first","18":"instock","19":"taxable","20":"shipping-taxable","21":"purchasable","22":"product-type-simple"},"wooqr_code":"","_links":{"self":[{"href":"https:\/\/magnusvinum.ch\/de\/wp-json\/wp\/v2\/product\/19359","targetHints":{"allow":["GET"]}}],"collection":[{"href":"https:\/\/magnusvinum.ch\/de\/wp-json\/wp\/v2\/product"}],"about":[{"href":"https:\/\/magnusvinum.ch\/de\/wp-json\/wp\/v2\/types\/product"}],"wp:featuredmedia":[{"embeddable":true,"href":"https:\/\/magnusvinum.ch\/de\/wp-json\/wp\/v2\/media\/19898"}],"wp:attachment":[{"href":"https:\/\/magnusvinum.ch\/de\/wp-json\/wp\/v2\/media?parent=19359"}],"wp:term":[{"taxonomy":"product_brand","embeddable":true,"href":"https:\/\/magnusvinum.ch\/de\/wp-json\/wp\/v2\/product_brand?post=19359"},{"taxonomy":"product_cat","embeddable":true,"href":"https:\/\/magnusvinum.ch\/de\/wp-json\/wp\/v2\/product_cat?post=19359"},{"taxonomy":"product_tag","embeddable":true,"href":"https:\/\/magnusvinum.ch\/de\/wp-json\/wp\/v2\/product_tag?post=19359"}],"curies":[{"name":"wp","href":"https:\/\/api.w.org\/{rel}","templated":true}]}}