{"id":19355,"date":"2020-10-28T17:17:27","date_gmt":"2020-12-03T07:03:15","guid":{"rendered":"https:\/\/magnusvinum.ch\/?post_type=product&#038;p=19355"},"modified":"2020-12-03T09:03:16","modified_gmt":"2020-12-03T07:03:16","slug":"chassagne-montrachet-1er-cru-la-romanee-aoc-raritat","status":"publish","type":"product","link":"https:\/\/magnusvinum.ch\/de\/shop\/weissweine\/chassagne-montrachet-1er-cru-la-romanee-aoc-raritat\/","title":{"rendered":"Chassagne-Montrachet 1er Cru La Roman\u00e9e AOC (Rarit\u00e4t)"},"content":{"rendered":"<p><strong>Degustationsnotiz:<\/strong> La Roman\u00e9e ist ein sehr steiler, steiniger Weinberg, der Weine mit einem blumig-mineralischen, Puligny-\u00e4hnlichen Charakter hervorbringt. Die Nase zeigt Orangenbl\u00fcte, Aprikose, sowie subtile Ingwer- und Gew\u00fcrznoten. Der Gaumen ist von Zitrusfr\u00fcchten, feinen Gew\u00fcrzen, Mineralit\u00e4t, Aprikose und weissem Pfirsich gepr\u00e4gt. Der Abgang ist extrem lang. Trinken Sie diesen Wein zwischen 2023-2038. <strong>Passt gut zu:<\/strong> Ideal zu erstklassigem, weissen Fisch wie Steinbutt, aber auch zu Langusten, Hummer oder hellem Fleisch mit cremiger Sauce.<\/p>\n<p><strong>Aufgrund der extrem begrenzten Menge dieses Weins und der Nachfrage, die das Angebot bei weitem \u00fcbersteigt, ist dieser Wein nur zusammen mit dem Kauf anderer Weine aus unserem Sortiment erh\u00e4ltlich. Wir danken Ihnen f\u00fcr Ihr Verst\u00e4ndnis.<\/strong><\/p>\n","protected":false},"excerpt":{"rendered":"<p>Degustationsnotiz: La Roman\u00e9e ist ein sehr steiler, steiniger Weinberg, der Weine mit einem blumig-mineralischen, Puligny-\u00e4hnlichen Charakter hervorbringt. Die Nase zeigt Orangenbl\u00fcte, Aprikose, sowie subtile Ingwer- und Gew\u00fcrznoten. Der Gaumen ist von Zitrusfr\u00fcchten, feinen Gew\u00fcrzen, Mineralit\u00e4t, Aprikose und weissem Pfirsich gepr\u00e4gt. Der Abgang ist extrem lang. Trinken Sie diesen Wein zwischen 2023-2038. Passt gut zu: Ideal &#8230; <a href=\"https:\/\/magnusvinum.ch\/de\/shop\/weissweine\/chassagne-montrachet-1er-cru-la-romanee-aoc-raritat\/\" class=\"more-link\">Read More <span class=\"screen-reader-text\">about  Chassagne-Montrachet 1er Cru La Roman\u00e9e AOC (Rarit\u00e4t)<\/span><\/a><\/p>\n","protected":false},"featured_media":19890,"template":"","meta":{"_genesis_hide_title":false,"_genesis_hide_breadcrumbs":false,"_genesis_hide_singular_image":false,"_genesis_hide_footer_widgets":false,"_genesis_custom_body_class":"","_genesis_custom_post_class":"","_genesis_layout":""},"product_brand":[],"product_cat":[126],"product_tag":[762],"class_list":{"0":"post-19355","1":"product","2":"type-product","3":"status-publish","4":"has-post-thumbnail","6":"product_cat-weissweine","7":"product_tag-2020-de-2","8":"pa_appellation-chassagne-montrachet-1er-cru-de","9":"pa_bottle-size-750ml-de","10":"pa_enquiry-only-ja","11":"pa_grape-variety-chardonnay-de","12":"pa_producer-domaine-lamy-caillat-de","13":"pa_region-cote-de-beaune-de","14":"pa_vintage-2020-de","15":"entry","17":"first","18":"instock","19":"taxable","20":"shipping-taxable","21":"purchasable","22":"product-type-simple"},"wooqr_code":"","_links":{"self":[{"href":"https:\/\/magnusvinum.ch\/de\/wp-json\/wp\/v2\/product\/19355","targetHints":{"allow":["GET"]}}],"collection":[{"href":"https:\/\/magnusvinum.ch\/de\/wp-json\/wp\/v2\/product"}],"about":[{"href":"https:\/\/magnusvinum.ch\/de\/wp-json\/wp\/v2\/types\/product"}],"wp:featuredmedia":[{"embeddable":true,"href":"https:\/\/magnusvinum.ch\/de\/wp-json\/wp\/v2\/media\/19890"}],"wp:attachment":[{"href":"https:\/\/magnusvinum.ch\/de\/wp-json\/wp\/v2\/media?parent=19355"}],"wp:term":[{"taxonomy":"product_brand","embeddable":true,"href":"https:\/\/magnusvinum.ch\/de\/wp-json\/wp\/v2\/product_brand?post=19355"},{"taxonomy":"product_cat","embeddable":true,"href":"https:\/\/magnusvinum.ch\/de\/wp-json\/wp\/v2\/product_cat?post=19355"},{"taxonomy":"product_tag","embeddable":true,"href":"https:\/\/magnusvinum.ch\/de\/wp-json\/wp\/v2\/product_tag?post=19355"}],"curies":[{"name":"wp","href":"https:\/\/api.w.org\/{rel}","templated":true}]}}