{"id":19347,"date":"2020-10-28T15:43:36","date_gmt":"2020-12-03T07:03:55","guid":{"rendered":"https:\/\/magnusvinum.ch\/?post_type=product&#038;p=19347"},"modified":"2020-12-03T09:03:55","modified_gmt":"2020-12-03T07:03:55","slug":"bourgogne-chardonnay-aoc-raritat","status":"publish","type":"product","link":"https:\/\/magnusvinum.ch\/de\/shop\/weissweine\/bourgogne-chardonnay-aoc-raritat\/","title":{"rendered":"Bourgogne Chardonnay AOC (Rarit\u00e4t)"},"content":{"rendered":"<p><strong>Degustationsnotiz:<\/strong> Die Nase erhebt sich aus dem Glas mit Birne, Zitrone und honigweissen Bl\u00fcten. Der Gaumen ist voll von saftigen weissen Fr\u00fcchten, Zitrusfr\u00fcchten und feinen Nussnoten. Er bietet wunderbare F\u00fclle und Vollmundigkeit f\u00fcr diese bescheidene Appellation, und L\u00e4nge, die hier Qualit\u00e4t eines Villages aufweist. Trinken Sie 2020-2030. <strong>Passt gut zu:<\/strong> Perfekt zu Fisch, Meeresfr\u00fcchten oder pochierten H\u00fchnergerichten. Ideal auch zu milden Halbhartk\u00e4sesorten.<\/p>\n<p><strong>Aufgrund der extrem begrenzten Menge dieses Weins und der Nachfrage, die das Angebot bei weitem \u00fcbersteigt, ist dieser Wein nur zusammen mit dem Kauf anderer Weine aus unserem Sortiment erh\u00e4ltlich. Wir danken Ihnen f\u00fcr Ihr Verst\u00e4ndnis.<\/strong><\/p>\n","protected":false},"excerpt":{"rendered":"<p>Degustationsnotiz: Die Nase erhebt sich aus dem Glas mit Birne, Zitrone und honigweissen Bl\u00fcten. Der Gaumen ist voll von saftigen weissen Fr\u00fcchten, Zitrusfr\u00fcchten und feinen Nussnoten. Er bietet wunderbare F\u00fclle und Vollmundigkeit f\u00fcr diese bescheidene Appellation, und L\u00e4nge, die hier Qualit\u00e4t eines Villages aufweist. Trinken Sie 2020-2030. Passt gut zu: Perfekt zu Fisch, Meeresfr\u00fcchten oder &#8230; <a href=\"https:\/\/magnusvinum.ch\/de\/shop\/weissweine\/bourgogne-chardonnay-aoc-raritat\/\" class=\"more-link\">Read More <span class=\"screen-reader-text\">about  Bourgogne Chardonnay AOC (Rarit\u00e4t)<\/span><\/a><\/p>\n","protected":false},"featured_media":19886,"template":"","meta":{"_genesis_hide_title":false,"_genesis_hide_breadcrumbs":false,"_genesis_hide_singular_image":false,"_genesis_hide_footer_widgets":false,"_genesis_custom_body_class":"","_genesis_custom_post_class":"","_genesis_layout":""},"product_brand":[],"product_cat":[126],"product_tag":[762],"class_list":{"0":"post-19347","1":"product","2":"type-product","3":"status-publish","4":"has-post-thumbnail","6":"product_cat-weissweine","7":"product_tag-2020-de-2","8":"pa_appellation-bourgogne-de","9":"pa_bottle-size-750ml-de","10":"pa_enquiry-only-ja","11":"pa_grape-variety-chardonnay-de","12":"pa_producer-domaine-lamy-caillat-de","13":"pa_region-cote-de-beaune-de","14":"pa_vintage-2020-de","15":"entry","17":"first","18":"instock","19":"taxable","20":"shipping-taxable","21":"purchasable","22":"product-type-simple"},"wooqr_code":"","_links":{"self":[{"href":"https:\/\/magnusvinum.ch\/de\/wp-json\/wp\/v2\/product\/19347","targetHints":{"allow":["GET"]}}],"collection":[{"href":"https:\/\/magnusvinum.ch\/de\/wp-json\/wp\/v2\/product"}],"about":[{"href":"https:\/\/magnusvinum.ch\/de\/wp-json\/wp\/v2\/types\/product"}],"wp:featuredmedia":[{"embeddable":true,"href":"https:\/\/magnusvinum.ch\/de\/wp-json\/wp\/v2\/media\/19886"}],"wp:attachment":[{"href":"https:\/\/magnusvinum.ch\/de\/wp-json\/wp\/v2\/media?parent=19347"}],"wp:term":[{"taxonomy":"product_brand","embeddable":true,"href":"https:\/\/magnusvinum.ch\/de\/wp-json\/wp\/v2\/product_brand?post=19347"},{"taxonomy":"product_cat","embeddable":true,"href":"https:\/\/magnusvinum.ch\/de\/wp-json\/wp\/v2\/product_cat?post=19347"},{"taxonomy":"product_tag","embeddable":true,"href":"https:\/\/magnusvinum.ch\/de\/wp-json\/wp\/v2\/product_tag?post=19347"}],"curies":[{"name":"wp","href":"https:\/\/api.w.org\/{rel}","templated":true}]}}