{"id":19287,"date":"2020-10-22T15:31:03","date_gmt":"2020-10-22T13:59:54","guid":{"rendered":"https:\/\/magnusvinum.ch\/?post_type=product&#038;p=19287"},"modified":"2020-10-22T15:59:55","modified_gmt":"2020-10-22T13:59:55","slug":"chambolle-musigny-1er-cru-les-plantes-aoc-2","status":"publish","type":"product","link":"https:\/\/magnusvinum.ch\/de\/shop\/rotweine\/chambolle-musigny-1er-cru-les-plantes-aoc-2\/","title":{"rendered":"Chambolle-Musigny 1er Cru Les Plantes AOC"},"content":{"rendered":"<p><strong>Degustationsnotiz:<\/strong> Dieser zug\u00e4ngliche 1er Cru bereitet schon in jungen Jahren grosses Trinkvergn\u00fcgen. Charmantes Bukett von roter Kirsche, Veilchen und Sandelholz. Am Gaumen ist er weich und seidig mit dunklen Fr\u00fcchten, Veilchen, Gew\u00fcrzen und feinen, unterst\u00fctzenden Tanninen, die ihm L\u00e4nge verleihen. Sie k\u00f6nnen diesen Wein schon heute oder bis zu einem Alter von 10 Jahren geniessen. <strong>Passt gut zu:<\/strong> Gegrilltes Lammfleisch oder auch Steinpilze vertragen sich vorz\u00fcglich mit diesem Pinot Noir.<\/p>\n","protected":false},"excerpt":{"rendered":"<p>Degustationsnotiz: Dieser zug\u00e4ngliche 1er Cru bereitet schon in jungen Jahren grosses Trinkvergn\u00fcgen. Charmantes Bukett von roter Kirsche, Veilchen und Sandelholz. Am Gaumen ist er weich und seidig mit dunklen Fr\u00fcchten, Veilchen, Gew\u00fcrzen und feinen, unterst\u00fctzenden Tanninen, die ihm L\u00e4nge verleihen. Sie k\u00f6nnen diesen Wein schon heute oder bis zu einem Alter von 10 Jahren geniessen. &#8230; <a href=\"https:\/\/magnusvinum.ch\/de\/shop\/rotweine\/chambolle-musigny-1er-cru-les-plantes-aoc-2\/\" class=\"more-link\">Read More <span class=\"screen-reader-text\">about  Chambolle-Musigny 1er Cru Les Plantes AOC<\/span><\/a><\/p>\n","protected":false},"featured_media":19948,"template":"","meta":{"_genesis_hide_title":false,"_genesis_hide_breadcrumbs":false,"_genesis_hide_singular_image":false,"_genesis_hide_footer_widgets":false,"_genesis_custom_body_class":"","_genesis_custom_post_class":"","_genesis_layout":""},"product_brand":[],"product_cat":[150],"product_tag":[205],"class_list":{"0":"post-19287","1":"product","2":"type-product","3":"status-publish","4":"has-post-thumbnail","6":"product_cat-rotweine","7":"product_tag-2018-de","8":"pa_appellation-chambolle-musigny-1er-cru-de","9":"pa_bottle-size-750ml-de","10":"pa_grape-variety-pinot-noir-de","11":"pa_producer-domaine-amiot-servelle-de","12":"pa_region-cote-de-nuits-de","13":"pa_vintage-2018-de","14":"entry","16":"first","17":"outofstock","18":"taxable","19":"shipping-taxable","20":"purchasable","21":"product-type-simple"},"wooqr_code":"","_links":{"self":[{"href":"https:\/\/magnusvinum.ch\/de\/wp-json\/wp\/v2\/product\/19287","targetHints":{"allow":["GET"]}}],"collection":[{"href":"https:\/\/magnusvinum.ch\/de\/wp-json\/wp\/v2\/product"}],"about":[{"href":"https:\/\/magnusvinum.ch\/de\/wp-json\/wp\/v2\/types\/product"}],"wp:featuredmedia":[{"embeddable":true,"href":"https:\/\/magnusvinum.ch\/de\/wp-json\/wp\/v2\/media\/19948"}],"wp:attachment":[{"href":"https:\/\/magnusvinum.ch\/de\/wp-json\/wp\/v2\/media?parent=19287"}],"wp:term":[{"taxonomy":"product_brand","embeddable":true,"href":"https:\/\/magnusvinum.ch\/de\/wp-json\/wp\/v2\/product_brand?post=19287"},{"taxonomy":"product_cat","embeddable":true,"href":"https:\/\/magnusvinum.ch\/de\/wp-json\/wp\/v2\/product_cat?post=19287"},{"taxonomy":"product_tag","embeddable":true,"href":"https:\/\/magnusvinum.ch\/de\/wp-json\/wp\/v2\/product_tag?post=19287"}],"curies":[{"name":"wp","href":"https:\/\/api.w.org\/{rel}","templated":true}]}}